{"id":1649,"date":"2022-06-28T14:55:39","date_gmt":"2022-06-28T12:55:39","guid":{"rendered":"http:\/\/jkjpwtk.cluster026.hosting.ovh.net\/product\/parallele-bague-geometrique-or\/"},"modified":"2024-08-24T12:58:44","modified_gmt":"2024-08-24T10:58:44","slug":"anillo-geometrico-oro-2","status":"publish","type":"product","link":"https:\/\/lajunglebijoux.com\/es\/producto\/anillo-geometrico-oro-2\/","title":{"rendered":"PARALLELE &#8211; anillo geom\u00e9trico oro"},"content":{"rendered":"","protected":false},"excerpt":{"rendered":"<p>Un anillo fino de inspiraci\u00f3n geom\u00e9trica.<\/p>\n<p>Dorado con oro fino de 1 micra, de alta calidad y larga duraci\u00f3n. Puedes guardar esta joya bajo el agua.<\/p>\n<p>Tama\u00f1o ajustable.<\/p>\n<p>Pulsera a juego disponible en la tienda electr\u00f3nica.<\/p>\n<p>En garant\u00eda, v\u00e9ase la p\u00e1gina de garant\u00eda.<\/p>\n<p>Hecho a mano en mi taller de Barcelona.<\/p>\n","protected":false},"featured_media":5142,"comment_status":"open","ping_status":"closed","template":"","meta":{"_acf_changed":false},"product_brand":[],"product_cat":[140],"product_tag":[480],"class_list":{"0":"post-1649","1":"product","2":"type-product","3":"status-publish","4":"has-post-thumbnail","6":"product_cat-little-shape-of-memories-es","7":"product_tag-menos-de-50e","8":"pa_modele-anillos","9":"pa_modele-joyas-plata","10":"pa_theme-joyas-finas","11":"pa_theme-joyas-geometricas","13":"first","14":"outofstock","15":"sale","16":"shipping-taxable","17":"purchasable","18":"product-type-variable"},"acf":[],"gallery_images":[1640,5144,1642,1644,1646],"yoast_head":"<!-- This site is optimized with the Yoast SEO plugin v27.2 - https:\/\/yoast.com\/product\/yoast-seo-wordpress\/ -->\n<title>PARALLELE - anillo geom\u00e9trico oro - La Jungle Bijoux<\/title>\n<meta name=\"robots\" content=\"index, follow, max-snippet:-1, max-image-preview:large, max-video-preview:-1\" \/>\n<link rel=\"canonical\" href=\"https:\/\/lajunglebijoux.com\/es\/producto\/anillo-geometrico-oro-2\/\" \/>\n<meta property=\"og:locale\" content=\"es_ES\" \/>\n<meta property=\"og:type\" content=\"article\" \/>\n<meta property=\"og:title\" content=\"PARALLELE - anillo geom\u00e9trico oro - La Jungle Bijoux\" \/>\n<meta property=\"og:description\" content=\"Un anillo fino de inspiraci\u00f3n geom\u00e9trica.  Dorado con oro fino de 1 micra, de alta calidad y larga duraci\u00f3n. Puedes guardar esta joya bajo el agua.  Tama\u00f1o ajustable.  Pulsera a juego disponible en la tienda electr\u00f3nica.  En garant\u00eda, v\u00e9ase la p\u00e1gina de garant\u00eda.  Hecho a mano en mi taller de Barcelona.\" \/>\n<meta property=\"og:url\" content=\"https:\/\/lajunglebijoux.com\/es\/producto\/anillo-geometrico-oro-2\/\" \/>\n<meta property=\"og:site_name\" content=\"La Jungle Bijoux\" \/>\n<meta property=\"article:modified_time\" content=\"2024-08-24T10:58:44+00:00\" \/>\n<meta property=\"og:image\" content=\"https:\/\/lajunglebijoux.com\/wp-content\/uploads\/2022\/06\/parallele-bague-couverture-1-scaled.jpg\" \/>\n\t<meta property=\"og:image:width\" content=\"2560\" \/>\n\t<meta property=\"og:image:height\" content=\"1709\" \/>\n\t<meta property=\"og:image:type\" content=\"image\/jpeg\" \/>\n<meta name=\"twitter:card\" content=\"summary_large_image\" \/>\n<script type=\"application\/ld+json\" class=\"yoast-schema-graph\">{\"@context\":\"https:\/\/schema.org\",\"@graph\":[{\"@type\":\"WebPage\",\"@id\":\"https:\/\/lajunglebijoux.com\/es\/producto\/anillo-geometrico-oro-2\/\",\"url\":\"https:\/\/lajunglebijoux.com\/es\/producto\/anillo-geometrico-oro-2\/\",\"name\":\"PARALLELE - anillo geom\u00e9trico oro - La Jungle Bijoux\",\"isPartOf\":{\"@id\":\"https:\/\/lajunglebijoux.com\/es\/#website\"},\"primaryImageOfPage\":{\"@id\":\"https:\/\/lajunglebijoux.com\/es\/producto\/anillo-geometrico-oro-2\/#primaryimage\"},\"image\":{\"@id\":\"https:\/\/lajunglebijoux.com\/es\/producto\/anillo-geometrico-oro-2\/#primaryimage\"},\"thumbnailUrl\":\"https:\/\/lajunglebijoux.com\/wp-content\/uploads\/2022\/06\/parallele-bague-couverture-1-scaled.jpg\",\"datePublished\":\"2022-06-28T12:55:39+00:00\",\"dateModified\":\"2024-08-24T10:58:44+00:00\",\"breadcrumb\":{\"@id\":\"https:\/\/lajunglebijoux.com\/es\/producto\/anillo-geometrico-oro-2\/#breadcrumb\"},\"inLanguage\":\"es\",\"potentialAction\":[{\"@type\":\"ReadAction\",\"target\":[\"https:\/\/lajunglebijoux.com\/es\/producto\/anillo-geometrico-oro-2\/\"]}]},{\"@type\":\"ImageObject\",\"inLanguage\":\"es\",\"@id\":\"https:\/\/lajunglebijoux.com\/es\/producto\/anillo-geometrico-oro-2\/#primaryimage\",\"url\":\"https:\/\/lajunglebijoux.com\/wp-content\/uploads\/2022\/06\/parallele-bague-couverture-1-scaled.jpg\",\"contentUrl\":\"https:\/\/lajunglebijoux.com\/wp-content\/uploads\/2022\/06\/parallele-bague-couverture-1-scaled.jpg\",\"width\":2560,\"height\":1709},{\"@type\":\"BreadcrumbList\",\"@id\":\"https:\/\/lajunglebijoux.com\/es\/producto\/anillo-geometrico-oro-2\/#breadcrumb\",\"itemListElement\":[{\"@type\":\"ListItem\",\"position\":1,\"name\":\"Portada\",\"item\":\"https:\/\/lajunglebijoux.com\/es\/\"},{\"@type\":\"ListItem\",\"position\":2,\"name\":\"Productos\",\"item\":\"https:\/\/lajunglebijoux.com\/es\/shop\/\"},{\"@type\":\"ListItem\",\"position\":3,\"name\":\"PARALLELE &#8211; anillo geom\u00e9trico oro\"}]},{\"@type\":\"WebSite\",\"@id\":\"https:\/\/lajunglebijoux.com\/es\/#website\",\"url\":\"https:\/\/lajunglebijoux.com\/es\/\",\"name\":\"La Jungle Bijoux\",\"description\":\"\",\"publisher\":{\"@id\":\"https:\/\/lajunglebijoux.com\/es\/#organization\"},\"potentialAction\":[{\"@type\":\"SearchAction\",\"target\":{\"@type\":\"EntryPoint\",\"urlTemplate\":\"https:\/\/lajunglebijoux.com\/es\/?s={search_term_string}\"},\"query-input\":{\"@type\":\"PropertyValueSpecification\",\"valueRequired\":true,\"valueName\":\"search_term_string\"}}],\"inLanguage\":\"es\"},{\"@type\":\"Organization\",\"@id\":\"https:\/\/lajunglebijoux.com\/es\/#organization\",\"name\":\"La Jungle Bijoux\",\"url\":\"https:\/\/lajunglebijoux.com\/es\/\",\"logo\":{\"@type\":\"ImageObject\",\"inLanguage\":\"es\",\"@id\":\"https:\/\/lajunglebijoux.com\/es\/#\/schema\/logo\/image\/\",\"url\":\"https:\/\/lajunglebijoux.com\/wp-content\/uploads\/2023\/01\/LOGO-FINAL-Fonce.jpg\",\"contentUrl\":\"https:\/\/lajunglebijoux.com\/wp-content\/uploads\/2023\/01\/LOGO-FINAL-Fonce.jpg\",\"width\":900,\"height\":900,\"caption\":\"La Jungle Bijoux\"},\"image\":{\"@id\":\"https:\/\/lajunglebijoux.com\/es\/#\/schema\/logo\/image\/\"}}]}<\/script>\n<!-- \/ Yoast SEO plugin. -->","yoast_head_json":{"title":"PARALLELE - anillo geom\u00e9trico oro - La Jungle Bijoux","robots":{"index":"index","follow":"follow","max-snippet":"max-snippet:-1","max-image-preview":"max-image-preview:large","max-video-preview":"max-video-preview:-1"},"canonical":"https:\/\/lajunglebijoux.com\/es\/producto\/anillo-geometrico-oro-2\/","og_locale":"es_ES","og_type":"article","og_title":"PARALLELE - anillo geom\u00e9trico oro - La Jungle Bijoux","og_description":"Un anillo fino de inspiraci\u00f3n geom\u00e9trica.  Dorado con oro fino de 1 micra, de alta calidad y larga duraci\u00f3n. Puedes guardar esta joya bajo el agua.  Tama\u00f1o ajustable.  Pulsera a juego disponible en la tienda electr\u00f3nica.  En garant\u00eda, v\u00e9ase la p\u00e1gina de garant\u00eda.  Hecho a mano en mi taller de Barcelona.","og_url":"https:\/\/lajunglebijoux.com\/es\/producto\/anillo-geometrico-oro-2\/","og_site_name":"La Jungle Bijoux","article_modified_time":"2024-08-24T10:58:44+00:00","og_image":[{"width":2560,"height":1709,"url":"https:\/\/lajunglebijoux.com\/wp-content\/uploads\/2022\/06\/parallele-bague-couverture-1-scaled.jpg","type":"image\/jpeg"}],"twitter_card":"summary_large_image","schema":{"@context":"https:\/\/schema.org","@graph":[{"@type":"WebPage","@id":"https:\/\/lajunglebijoux.com\/es\/producto\/anillo-geometrico-oro-2\/","url":"https:\/\/lajunglebijoux.com\/es\/producto\/anillo-geometrico-oro-2\/","name":"PARALLELE - anillo geom\u00e9trico oro - La Jungle Bijoux","isPartOf":{"@id":"https:\/\/lajunglebijoux.com\/es\/#website"},"primaryImageOfPage":{"@id":"https:\/\/lajunglebijoux.com\/es\/producto\/anillo-geometrico-oro-2\/#primaryimage"},"image":{"@id":"https:\/\/lajunglebijoux.com\/es\/producto\/anillo-geometrico-oro-2\/#primaryimage"},"thumbnailUrl":"https:\/\/lajunglebijoux.com\/wp-content\/uploads\/2022\/06\/parallele-bague-couverture-1-scaled.jpg","datePublished":"2022-06-28T12:55:39+00:00","dateModified":"2024-08-24T10:58:44+00:00","breadcrumb":{"@id":"https:\/\/lajunglebijoux.com\/es\/producto\/anillo-geometrico-oro-2\/#breadcrumb"},"inLanguage":"es","potentialAction":[{"@type":"ReadAction","target":["https:\/\/lajunglebijoux.com\/es\/producto\/anillo-geometrico-oro-2\/"]}]},{"@type":"ImageObject","inLanguage":"es","@id":"https:\/\/lajunglebijoux.com\/es\/producto\/anillo-geometrico-oro-2\/#primaryimage","url":"https:\/\/lajunglebijoux.com\/wp-content\/uploads\/2022\/06\/parallele-bague-couverture-1-scaled.jpg","contentUrl":"https:\/\/lajunglebijoux.com\/wp-content\/uploads\/2022\/06\/parallele-bague-couverture-1-scaled.jpg","width":2560,"height":1709},{"@type":"BreadcrumbList","@id":"https:\/\/lajunglebijoux.com\/es\/producto\/anillo-geometrico-oro-2\/#breadcrumb","itemListElement":[{"@type":"ListItem","position":1,"name":"Portada","item":"https:\/\/lajunglebijoux.com\/es\/"},{"@type":"ListItem","position":2,"name":"Productos","item":"https:\/\/lajunglebijoux.com\/es\/shop\/"},{"@type":"ListItem","position":3,"name":"PARALLELE &#8211; anillo geom\u00e9trico oro"}]},{"@type":"WebSite","@id":"https:\/\/lajunglebijoux.com\/es\/#website","url":"https:\/\/lajunglebijoux.com\/es\/","name":"La Jungle Bijoux","description":"","publisher":{"@id":"https:\/\/lajunglebijoux.com\/es\/#organization"},"potentialAction":[{"@type":"SearchAction","target":{"@type":"EntryPoint","urlTemplate":"https:\/\/lajunglebijoux.com\/es\/?s={search_term_string}"},"query-input":{"@type":"PropertyValueSpecification","valueRequired":true,"valueName":"search_term_string"}}],"inLanguage":"es"},{"@type":"Organization","@id":"https:\/\/lajunglebijoux.com\/es\/#organization","name":"La Jungle Bijoux","url":"https:\/\/lajunglebijoux.com\/es\/","logo":{"@type":"ImageObject","inLanguage":"es","@id":"https:\/\/lajunglebijoux.com\/es\/#\/schema\/logo\/image\/","url":"https:\/\/lajunglebijoux.com\/wp-content\/uploads\/2023\/01\/LOGO-FINAL-Fonce.jpg","contentUrl":"https:\/\/lajunglebijoux.com\/wp-content\/uploads\/2023\/01\/LOGO-FINAL-Fonce.jpg","width":900,"height":900,"caption":"La Jungle Bijoux"},"image":{"@id":"https:\/\/lajunglebijoux.com\/es\/#\/schema\/logo\/image\/"}}]}},"_links":{"self":[{"href":"https:\/\/lajunglebijoux.com\/es\/wp-json\/wp\/v2\/product\/1649","targetHints":{"allow":["GET"]}}],"collection":[{"href":"https:\/\/lajunglebijoux.com\/es\/wp-json\/wp\/v2\/product"}],"about":[{"href":"https:\/\/lajunglebijoux.com\/es\/wp-json\/wp\/v2\/types\/product"}],"replies":[{"embeddable":true,"href":"https:\/\/lajunglebijoux.com\/es\/wp-json\/wp\/v2\/comments?post=1649"}],"version-history":[{"count":0,"href":"https:\/\/lajunglebijoux.com\/es\/wp-json\/wp\/v2\/product\/1649\/revisions"}],"wp:featuredmedia":[{"embeddable":true,"href":"https:\/\/lajunglebijoux.com\/es\/wp-json\/wp\/v2\/media\/5142"}],"wp:attachment":[{"href":"https:\/\/lajunglebijoux.com\/es\/wp-json\/wp\/v2\/media?parent=1649"}],"wp:term":[{"taxonomy":"product_brand","embeddable":true,"href":"https:\/\/lajunglebijoux.com\/es\/wp-json\/wp\/v2\/product_brand?post=1649"},{"taxonomy":"product_cat","embeddable":true,"href":"https:\/\/lajunglebijoux.com\/es\/wp-json\/wp\/v2\/product_cat?post=1649"},{"taxonomy":"product_tag","embeddable":true,"href":"https:\/\/lajunglebijoux.com\/es\/wp-json\/wp\/v2\/product_tag?post=1649"}],"curies":[{"name":"wp","href":"https:\/\/api.w.org\/{rel}","templated":true}]}}