{"id":1464,"date":"2022-06-13T18:26:45","date_gmt":"2022-06-13T16:26:45","guid":{"rendered":"http:\/\/jkjpwtk.cluster026.hosting.ovh.net\/product\/bague-labyrinthe-or-argent\/"},"modified":"2024-08-24T13:06:42","modified_gmt":"2024-08-24T11:06:42","slug":"anillo-laberinto-oro-plata","status":"publish","type":"product","link":"https:\/\/lajunglebijoux.com\/es\/producto\/anillo-laberinto-oro-plata\/","title":{"rendered":"LABYRINTH &#8211; anillo oro o plata"},"content":{"rendered":"","protected":false},"excerpt":{"rendered":"<p>Anillo geom\u00e9trico laberinto de inspiraci\u00f3n arquitect\u00f3nica<\/p>\n<p>Dorado con oro fino de 1 micra o rodiado, un color de plata m\u00e1s resistente que el plateado cl\u00e1sico.<\/p>\n<p>Alta calidad y larga duraci\u00f3n.<\/p>\n<p>Tama\u00f1o ajustable.<\/p>\n<p>En garant\u00eda, ver la p\u00e1gina de garant\u00eda.<\/p>\n","protected":false},"featured_media":755,"comment_status":"open","ping_status":"closed","template":"","meta":{"_acf_changed":false},"product_brand":[],"product_cat":[140],"product_tag":[478],"class_list":{"0":"post-1464","1":"product","2":"type-product","3":"status-publish","4":"has-post-thumbnail","6":"product_cat-little-shape-of-memories-es","7":"product_tag-51e-a-100e","8":"pa_modele-anillos","9":"pa_modele-joyas-plata","10":"pa_theme-joyas-geometricas","12":"first","13":"instock","14":"shipping-taxable","15":"purchasable","16":"product-type-variable"},"acf":[],"gallery_images":[755,757,761,753,759,763,769,771,773,765,767],"yoast_head":"<!-- This site is optimized with the Yoast SEO plugin v27.2 - https:\/\/yoast.com\/product\/yoast-seo-wordpress\/ -->\n<title>LABYRINTH - anillo oro o plata - La Jungle Bijoux<\/title>\n<meta name=\"description\" content=\"Anillo geom\u00e9trico. Dorado con oro fino o rodiado. Alta calidad y larga duraci\u00f3n.Tama\u00f1o ajustable. En garant\u00eda, ver la p\u00e1gina de garant\u00eda.\" \/>\n<meta name=\"robots\" content=\"index, follow, max-snippet:-1, max-image-preview:large, max-video-preview:-1\" \/>\n<link rel=\"canonical\" href=\"https:\/\/lajunglebijoux.com\/es\/producto\/anillo-laberinto-oro-plata\/\" \/>\n<meta property=\"og:locale\" content=\"es_ES\" \/>\n<meta property=\"og:type\" content=\"article\" \/>\n<meta property=\"og:title\" content=\"LABYRINTH - anillo oro o plata - La Jungle Bijoux\" \/>\n<meta property=\"og:description\" content=\"Anillo geom\u00e9trico. Dorado con oro fino o rodiado. Alta calidad y larga duraci\u00f3n.Tama\u00f1o ajustable. En garant\u00eda, ver la p\u00e1gina de garant\u00eda.\" \/>\n<meta property=\"og:url\" content=\"https:\/\/lajunglebijoux.com\/es\/producto\/anillo-laberinto-oro-plata\/\" \/>\n<meta property=\"og:site_name\" content=\"La Jungle Bijoux\" \/>\n<meta property=\"article:modified_time\" content=\"2024-08-24T11:06:42+00:00\" \/>\n<meta property=\"og:image\" content=\"https:\/\/lajunglebijoux.com\/wp-content\/uploads\/2022\/06\/labyrinth-8-scaled.jpg\" \/>\n\t<meta property=\"og:image:width\" content=\"2560\" \/>\n\t<meta property=\"og:image:height\" content=\"1709\" \/>\n\t<meta property=\"og:image:type\" content=\"image\/jpeg\" \/>\n<meta name=\"twitter:card\" content=\"summary_large_image\" \/>\n<script type=\"application\/ld+json\" class=\"yoast-schema-graph\">{\"@context\":\"https:\/\/schema.org\",\"@graph\":[{\"@type\":\"WebPage\",\"@id\":\"https:\/\/lajunglebijoux.com\/es\/producto\/anillo-laberinto-oro-plata\/\",\"url\":\"https:\/\/lajunglebijoux.com\/es\/producto\/anillo-laberinto-oro-plata\/\",\"name\":\"LABYRINTH - anillo oro o plata - La Jungle Bijoux\",\"isPartOf\":{\"@id\":\"https:\/\/lajunglebijoux.com\/es\/#website\"},\"primaryImageOfPage\":{\"@id\":\"https:\/\/lajunglebijoux.com\/es\/producto\/anillo-laberinto-oro-plata\/#primaryimage\"},\"image\":{\"@id\":\"https:\/\/lajunglebijoux.com\/es\/producto\/anillo-laberinto-oro-plata\/#primaryimage\"},\"thumbnailUrl\":\"https:\/\/lajunglebijoux.com\/wp-content\/uploads\/2022\/06\/labyrinth-8-scaled.jpg\",\"datePublished\":\"2022-06-13T16:26:45+00:00\",\"dateModified\":\"2024-08-24T11:06:42+00:00\",\"description\":\"Anillo geom\u00e9trico. Dorado con oro fino o rodiado. Alta calidad y larga duraci\u00f3n.Tama\u00f1o ajustable. En garant\u00eda, ver la p\u00e1gina de garant\u00eda.\",\"breadcrumb\":{\"@id\":\"https:\/\/lajunglebijoux.com\/es\/producto\/anillo-laberinto-oro-plata\/#breadcrumb\"},\"inLanguage\":\"es\",\"potentialAction\":[{\"@type\":\"ReadAction\",\"target\":[\"https:\/\/lajunglebijoux.com\/es\/producto\/anillo-laberinto-oro-plata\/\"]}]},{\"@type\":\"ImageObject\",\"inLanguage\":\"es\",\"@id\":\"https:\/\/lajunglebijoux.com\/es\/producto\/anillo-laberinto-oro-plata\/#primaryimage\",\"url\":\"https:\/\/lajunglebijoux.com\/wp-content\/uploads\/2022\/06\/labyrinth-8-scaled.jpg\",\"contentUrl\":\"https:\/\/lajunglebijoux.com\/wp-content\/uploads\/2022\/06\/labyrinth-8-scaled.jpg\",\"width\":2560,\"height\":1709},{\"@type\":\"BreadcrumbList\",\"@id\":\"https:\/\/lajunglebijoux.com\/es\/producto\/anillo-laberinto-oro-plata\/#breadcrumb\",\"itemListElement\":[{\"@type\":\"ListItem\",\"position\":1,\"name\":\"Portada\",\"item\":\"https:\/\/lajunglebijoux.com\/es\/\"},{\"@type\":\"ListItem\",\"position\":2,\"name\":\"Productos\",\"item\":\"https:\/\/lajunglebijoux.com\/es\/shop\/\"},{\"@type\":\"ListItem\",\"position\":3,\"name\":\"LABYRINTH &#8211; anillo oro o plata\"}]},{\"@type\":\"WebSite\",\"@id\":\"https:\/\/lajunglebijoux.com\/es\/#website\",\"url\":\"https:\/\/lajunglebijoux.com\/es\/\",\"name\":\"La Jungle Bijoux\",\"description\":\"\",\"publisher\":{\"@id\":\"https:\/\/lajunglebijoux.com\/es\/#organization\"},\"potentialAction\":[{\"@type\":\"SearchAction\",\"target\":{\"@type\":\"EntryPoint\",\"urlTemplate\":\"https:\/\/lajunglebijoux.com\/es\/?s={search_term_string}\"},\"query-input\":{\"@type\":\"PropertyValueSpecification\",\"valueRequired\":true,\"valueName\":\"search_term_string\"}}],\"inLanguage\":\"es\"},{\"@type\":\"Organization\",\"@id\":\"https:\/\/lajunglebijoux.com\/es\/#organization\",\"name\":\"La Jungle Bijoux\",\"url\":\"https:\/\/lajunglebijoux.com\/es\/\",\"logo\":{\"@type\":\"ImageObject\",\"inLanguage\":\"es\",\"@id\":\"https:\/\/lajunglebijoux.com\/es\/#\/schema\/logo\/image\/\",\"url\":\"https:\/\/lajunglebijoux.com\/wp-content\/uploads\/2023\/01\/LOGO-FINAL-Fonce.jpg\",\"contentUrl\":\"https:\/\/lajunglebijoux.com\/wp-content\/uploads\/2023\/01\/LOGO-FINAL-Fonce.jpg\",\"width\":900,\"height\":900,\"caption\":\"La Jungle Bijoux\"},\"image\":{\"@id\":\"https:\/\/lajunglebijoux.com\/es\/#\/schema\/logo\/image\/\"}}]}<\/script>\n<!-- \/ Yoast SEO plugin. -->","yoast_head_json":{"title":"LABYRINTH - anillo oro o plata - La Jungle Bijoux","description":"Anillo geom\u00e9trico. Dorado con oro fino o rodiado. Alta calidad y larga duraci\u00f3n.Tama\u00f1o ajustable. En garant\u00eda, ver la p\u00e1gina de garant\u00eda.","robots":{"index":"index","follow":"follow","max-snippet":"max-snippet:-1","max-image-preview":"max-image-preview:large","max-video-preview":"max-video-preview:-1"},"canonical":"https:\/\/lajunglebijoux.com\/es\/producto\/anillo-laberinto-oro-plata\/","og_locale":"es_ES","og_type":"article","og_title":"LABYRINTH - anillo oro o plata - La Jungle Bijoux","og_description":"Anillo geom\u00e9trico. Dorado con oro fino o rodiado. Alta calidad y larga duraci\u00f3n.Tama\u00f1o ajustable. En garant\u00eda, ver la p\u00e1gina de garant\u00eda.","og_url":"https:\/\/lajunglebijoux.com\/es\/producto\/anillo-laberinto-oro-plata\/","og_site_name":"La Jungle Bijoux","article_modified_time":"2024-08-24T11:06:42+00:00","og_image":[{"width":2560,"height":1709,"url":"https:\/\/lajunglebijoux.com\/wp-content\/uploads\/2022\/06\/labyrinth-8-scaled.jpg","type":"image\/jpeg"}],"twitter_card":"summary_large_image","schema":{"@context":"https:\/\/schema.org","@graph":[{"@type":"WebPage","@id":"https:\/\/lajunglebijoux.com\/es\/producto\/anillo-laberinto-oro-plata\/","url":"https:\/\/lajunglebijoux.com\/es\/producto\/anillo-laberinto-oro-plata\/","name":"LABYRINTH - anillo oro o plata - La Jungle Bijoux","isPartOf":{"@id":"https:\/\/lajunglebijoux.com\/es\/#website"},"primaryImageOfPage":{"@id":"https:\/\/lajunglebijoux.com\/es\/producto\/anillo-laberinto-oro-plata\/#primaryimage"},"image":{"@id":"https:\/\/lajunglebijoux.com\/es\/producto\/anillo-laberinto-oro-plata\/#primaryimage"},"thumbnailUrl":"https:\/\/lajunglebijoux.com\/wp-content\/uploads\/2022\/06\/labyrinth-8-scaled.jpg","datePublished":"2022-06-13T16:26:45+00:00","dateModified":"2024-08-24T11:06:42+00:00","description":"Anillo geom\u00e9trico. Dorado con oro fino o rodiado. Alta calidad y larga duraci\u00f3n.Tama\u00f1o ajustable. En garant\u00eda, ver la p\u00e1gina de garant\u00eda.","breadcrumb":{"@id":"https:\/\/lajunglebijoux.com\/es\/producto\/anillo-laberinto-oro-plata\/#breadcrumb"},"inLanguage":"es","potentialAction":[{"@type":"ReadAction","target":["https:\/\/lajunglebijoux.com\/es\/producto\/anillo-laberinto-oro-plata\/"]}]},{"@type":"ImageObject","inLanguage":"es","@id":"https:\/\/lajunglebijoux.com\/es\/producto\/anillo-laberinto-oro-plata\/#primaryimage","url":"https:\/\/lajunglebijoux.com\/wp-content\/uploads\/2022\/06\/labyrinth-8-scaled.jpg","contentUrl":"https:\/\/lajunglebijoux.com\/wp-content\/uploads\/2022\/06\/labyrinth-8-scaled.jpg","width":2560,"height":1709},{"@type":"BreadcrumbList","@id":"https:\/\/lajunglebijoux.com\/es\/producto\/anillo-laberinto-oro-plata\/#breadcrumb","itemListElement":[{"@type":"ListItem","position":1,"name":"Portada","item":"https:\/\/lajunglebijoux.com\/es\/"},{"@type":"ListItem","position":2,"name":"Productos","item":"https:\/\/lajunglebijoux.com\/es\/shop\/"},{"@type":"ListItem","position":3,"name":"LABYRINTH &#8211; anillo oro o plata"}]},{"@type":"WebSite","@id":"https:\/\/lajunglebijoux.com\/es\/#website","url":"https:\/\/lajunglebijoux.com\/es\/","name":"La Jungle Bijoux","description":"","publisher":{"@id":"https:\/\/lajunglebijoux.com\/es\/#organization"},"potentialAction":[{"@type":"SearchAction","target":{"@type":"EntryPoint","urlTemplate":"https:\/\/lajunglebijoux.com\/es\/?s={search_term_string}"},"query-input":{"@type":"PropertyValueSpecification","valueRequired":true,"valueName":"search_term_string"}}],"inLanguage":"es"},{"@type":"Organization","@id":"https:\/\/lajunglebijoux.com\/es\/#organization","name":"La Jungle Bijoux","url":"https:\/\/lajunglebijoux.com\/es\/","logo":{"@type":"ImageObject","inLanguage":"es","@id":"https:\/\/lajunglebijoux.com\/es\/#\/schema\/logo\/image\/","url":"https:\/\/lajunglebijoux.com\/wp-content\/uploads\/2023\/01\/LOGO-FINAL-Fonce.jpg","contentUrl":"https:\/\/lajunglebijoux.com\/wp-content\/uploads\/2023\/01\/LOGO-FINAL-Fonce.jpg","width":900,"height":900,"caption":"La Jungle Bijoux"},"image":{"@id":"https:\/\/lajunglebijoux.com\/es\/#\/schema\/logo\/image\/"}}]}},"_links":{"self":[{"href":"https:\/\/lajunglebijoux.com\/es\/wp-json\/wp\/v2\/product\/1464","targetHints":{"allow":["GET"]}}],"collection":[{"href":"https:\/\/lajunglebijoux.com\/es\/wp-json\/wp\/v2\/product"}],"about":[{"href":"https:\/\/lajunglebijoux.com\/es\/wp-json\/wp\/v2\/types\/product"}],"replies":[{"embeddable":true,"href":"https:\/\/lajunglebijoux.com\/es\/wp-json\/wp\/v2\/comments?post=1464"}],"version-history":[{"count":0,"href":"https:\/\/lajunglebijoux.com\/es\/wp-json\/wp\/v2\/product\/1464\/revisions"}],"wp:featuredmedia":[{"embeddable":true,"href":"https:\/\/lajunglebijoux.com\/es\/wp-json\/wp\/v2\/media\/755"}],"wp:attachment":[{"href":"https:\/\/lajunglebijoux.com\/es\/wp-json\/wp\/v2\/media?parent=1464"}],"wp:term":[{"taxonomy":"product_brand","embeddable":true,"href":"https:\/\/lajunglebijoux.com\/es\/wp-json\/wp\/v2\/product_brand?post=1464"},{"taxonomy":"product_cat","embeddable":true,"href":"https:\/\/lajunglebijoux.com\/es\/wp-json\/wp\/v2\/product_cat?post=1464"},{"taxonomy":"product_tag","embeddable":true,"href":"https:\/\/lajunglebijoux.com\/es\/wp-json\/wp\/v2\/product_tag?post=1464"}],"curies":[{"name":"wp","href":"https:\/\/api.w.org\/{rel}","templated":true}]}}