{"id":1447,"date":"2022-06-13T16:35:56","date_gmt":"2022-06-13T14:35:56","guid":{"rendered":"http:\/\/jkjpwtk.cluster026.hosting.ovh.net\/product\/bague-3eme-oeil-or\/"},"modified":"2024-08-24T13:03:14","modified_gmt":"2024-08-24T11:03:14","slug":"anillo-tercer-ojo-oro","status":"publish","type":"product","link":"https:\/\/lajunglebijoux.com\/es\/producto\/anillo-tercer-ojo-oro\/","title":{"rendered":"ALL EYEZ ON ME &#8211; anillo ojo oro"},"content":{"rendered":"","protected":false},"excerpt":{"rendered":"<p>Anillo tercer ojo: sede de todos los procesos de conciencia.<\/p>\n<p>Est\u00e1 relacionado con la sabidur\u00eda y la capacidad de intuici\u00f3n. Con un chakra del tercer ojo abierto, podemos percibir la vida de una manera m\u00e1s l\u00facida.<\/p>\n<p>Tama\u00f1o ajustable.<\/p>\n<p>Dorado con oro fino de 1 micra.<\/p>\n<p>Resistente a la vida, a la ducha, al sue\u00f1o&#8230;<\/p>\n<p>En garant\u00eda, ver la p\u00e1gina de garant\u00eda.<\/p>\n","protected":false},"featured_media":689,"comment_status":"open","ping_status":"closed","template":"","meta":{"_acf_changed":false},"product_brand":[],"product_cat":[144,141],"product_tag":[480],"class_list":{"0":"post-1447","1":"product","2":"type-product","3":"status-publish","4":"has-post-thumbnail","6":"product_cat-tercer-ojo","7":"product_cat-vitamin-summer-vibes-es","8":"product_tag-menos-de-50e","9":"pa_modele-anillos","10":"pa_theme-joyas-astral-tarot","12":"first","13":"outofstock","14":"shipping-taxable","15":"purchasable","16":"product-type-simple"},"acf":[],"gallery_images":[692,696,690,698,700,694,702],"yoast_head":"<!-- This site is optimized with the Yoast SEO plugin v27.6 - https:\/\/yoast.com\/product\/yoast-seo-wordpress\/ -->\n<title>ALL EYEZ ON ME - anillo ojo oro - La Jungle Bijoux<\/title>\n<meta name=\"description\" content=\"Anillo tercer ojo. Dorado con oro fino. En garant\u00eda.\" \/>\n<meta name=\"robots\" content=\"index, follow, max-snippet:-1, max-image-preview:large, max-video-preview:-1\" \/>\n<link rel=\"canonical\" href=\"https:\/\/lajunglebijoux.com\/es\/producto\/anillo-tercer-ojo-oro\/\" \/>\n<meta property=\"og:locale\" content=\"es_ES\" \/>\n<meta property=\"og:type\" content=\"article\" \/>\n<meta property=\"og:title\" content=\"ALL EYEZ ON ME - anillo ojo oro - La Jungle Bijoux\" \/>\n<meta property=\"og:description\" content=\"Anillo tercer ojo. Dorado con oro fino. En garant\u00eda.\" \/>\n<meta property=\"og:url\" content=\"https:\/\/lajunglebijoux.com\/es\/producto\/anillo-tercer-ojo-oro\/\" \/>\n<meta property=\"og:site_name\" content=\"La Jungle Bijoux\" \/>\n<meta property=\"article:modified_time\" content=\"2024-08-24T11:03:14+00:00\" \/>\n<meta property=\"og:image\" content=\"https:\/\/lajunglebijoux.com\/wp-content\/uploads\/2022\/06\/ALLEYEZONME-1.jpg\" \/>\n\t<meta property=\"og:image:width\" content=\"2388\" \/>\n\t<meta property=\"og:image:height\" content=\"1880\" \/>\n\t<meta property=\"og:image:type\" content=\"image\/jpeg\" \/>\n<meta name=\"twitter:card\" content=\"summary_large_image\" \/>\n<script type=\"application\/ld+json\" class=\"yoast-schema-graph\">{\"@context\":\"https:\\\/\\\/schema.org\",\"@graph\":[{\"@type\":\"WebPage\",\"@id\":\"https:\\\/\\\/lajunglebijoux.com\\\/es\\\/producto\\\/anillo-tercer-ojo-oro\\\/\",\"url\":\"https:\\\/\\\/lajunglebijoux.com\\\/es\\\/producto\\\/anillo-tercer-ojo-oro\\\/\",\"name\":\"ALL EYEZ ON ME - anillo ojo oro - La Jungle Bijoux\",\"isPartOf\":{\"@id\":\"https:\\\/\\\/lajunglebijoux.com\\\/es\\\/#website\"},\"primaryImageOfPage\":{\"@id\":\"https:\\\/\\\/lajunglebijoux.com\\\/es\\\/producto\\\/anillo-tercer-ojo-oro\\\/#primaryimage\"},\"image\":{\"@id\":\"https:\\\/\\\/lajunglebijoux.com\\\/es\\\/producto\\\/anillo-tercer-ojo-oro\\\/#primaryimage\"},\"thumbnailUrl\":\"https:\\\/\\\/lajunglebijoux.com\\\/wp-content\\\/uploads\\\/2022\\\/06\\\/ALLEYEZONME-1.jpg\",\"datePublished\":\"2022-06-13T14:35:56+00:00\",\"dateModified\":\"2024-08-24T11:03:14+00:00\",\"description\":\"Anillo tercer ojo. Dorado con oro fino. En garant\u00eda.\",\"breadcrumb\":{\"@id\":\"https:\\\/\\\/lajunglebijoux.com\\\/es\\\/producto\\\/anillo-tercer-ojo-oro\\\/#breadcrumb\"},\"inLanguage\":\"es\",\"potentialAction\":[{\"@type\":\"ReadAction\",\"target\":[\"https:\\\/\\\/lajunglebijoux.com\\\/es\\\/producto\\\/anillo-tercer-ojo-oro\\\/\"]}]},{\"@type\":\"ImageObject\",\"inLanguage\":\"es\",\"@id\":\"https:\\\/\\\/lajunglebijoux.com\\\/es\\\/producto\\\/anillo-tercer-ojo-oro\\\/#primaryimage\",\"url\":\"https:\\\/\\\/lajunglebijoux.com\\\/wp-content\\\/uploads\\\/2022\\\/06\\\/ALLEYEZONME-1.jpg\",\"contentUrl\":\"https:\\\/\\\/lajunglebijoux.com\\\/wp-content\\\/uploads\\\/2022\\\/06\\\/ALLEYEZONME-1.jpg\",\"width\":2388,\"height\":1880},{\"@type\":\"BreadcrumbList\",\"@id\":\"https:\\\/\\\/lajunglebijoux.com\\\/es\\\/producto\\\/anillo-tercer-ojo-oro\\\/#breadcrumb\",\"itemListElement\":[{\"@type\":\"ListItem\",\"position\":1,\"name\":\"Portada\",\"item\":\"https:\\\/\\\/lajunglebijoux.com\\\/es\\\/\"},{\"@type\":\"ListItem\",\"position\":2,\"name\":\"Productos\",\"item\":\"https:\\\/\\\/lajunglebijoux.com\\\/es\\\/shop\\\/\"},{\"@type\":\"ListItem\",\"position\":3,\"name\":\"ALL EYEZ ON ME &#8211; anillo ojo oro\"}]},{\"@type\":\"WebSite\",\"@id\":\"https:\\\/\\\/lajunglebijoux.com\\\/es\\\/#website\",\"url\":\"https:\\\/\\\/lajunglebijoux.com\\\/es\\\/\",\"name\":\"La Jungle Bijoux\",\"description\":\"\",\"publisher\":{\"@id\":\"https:\\\/\\\/lajunglebijoux.com\\\/es\\\/#organization\"},\"potentialAction\":[{\"@type\":\"SearchAction\",\"target\":{\"@type\":\"EntryPoint\",\"urlTemplate\":\"https:\\\/\\\/lajunglebijoux.com\\\/es\\\/?s={search_term_string}\"},\"query-input\":{\"@type\":\"PropertyValueSpecification\",\"valueRequired\":true,\"valueName\":\"search_term_string\"}}],\"inLanguage\":\"es\"},{\"@type\":\"Organization\",\"@id\":\"https:\\\/\\\/lajunglebijoux.com\\\/es\\\/#organization\",\"name\":\"La Jungle Bijoux\",\"url\":\"https:\\\/\\\/lajunglebijoux.com\\\/es\\\/\",\"logo\":{\"@type\":\"ImageObject\",\"inLanguage\":\"es\",\"@id\":\"https:\\\/\\\/lajunglebijoux.com\\\/es\\\/#\\\/schema\\\/logo\\\/image\\\/\",\"url\":\"https:\\\/\\\/lajunglebijoux.com\\\/wp-content\\\/uploads\\\/2023\\\/01\\\/LOGO-FINAL-Fonce.jpg\",\"contentUrl\":\"https:\\\/\\\/lajunglebijoux.com\\\/wp-content\\\/uploads\\\/2023\\\/01\\\/LOGO-FINAL-Fonce.jpg\",\"width\":900,\"height\":900,\"caption\":\"La Jungle Bijoux\"},\"image\":{\"@id\":\"https:\\\/\\\/lajunglebijoux.com\\\/es\\\/#\\\/schema\\\/logo\\\/image\\\/\"}}]}<\/script>\n<!-- \/ Yoast SEO plugin. -->","yoast_head_json":{"title":"ALL EYEZ ON ME - anillo ojo oro - La Jungle Bijoux","description":"Anillo tercer ojo. Dorado con oro fino. En garant\u00eda.","robots":{"index":"index","follow":"follow","max-snippet":"max-snippet:-1","max-image-preview":"max-image-preview:large","max-video-preview":"max-video-preview:-1"},"canonical":"https:\/\/lajunglebijoux.com\/es\/producto\/anillo-tercer-ojo-oro\/","og_locale":"es_ES","og_type":"article","og_title":"ALL EYEZ ON ME - anillo ojo oro - La Jungle Bijoux","og_description":"Anillo tercer ojo. Dorado con oro fino. En garant\u00eda.","og_url":"https:\/\/lajunglebijoux.com\/es\/producto\/anillo-tercer-ojo-oro\/","og_site_name":"La Jungle Bijoux","article_modified_time":"2024-08-24T11:03:14+00:00","og_image":[{"width":2388,"height":1880,"url":"https:\/\/lajunglebijoux.com\/wp-content\/uploads\/2022\/06\/ALLEYEZONME-1.jpg","type":"image\/jpeg"}],"twitter_card":"summary_large_image","schema":{"@context":"https:\/\/schema.org","@graph":[{"@type":"WebPage","@id":"https:\/\/lajunglebijoux.com\/es\/producto\/anillo-tercer-ojo-oro\/","url":"https:\/\/lajunglebijoux.com\/es\/producto\/anillo-tercer-ojo-oro\/","name":"ALL EYEZ ON ME - anillo ojo oro - La Jungle Bijoux","isPartOf":{"@id":"https:\/\/lajunglebijoux.com\/es\/#website"},"primaryImageOfPage":{"@id":"https:\/\/lajunglebijoux.com\/es\/producto\/anillo-tercer-ojo-oro\/#primaryimage"},"image":{"@id":"https:\/\/lajunglebijoux.com\/es\/producto\/anillo-tercer-ojo-oro\/#primaryimage"},"thumbnailUrl":"https:\/\/lajunglebijoux.com\/wp-content\/uploads\/2022\/06\/ALLEYEZONME-1.jpg","datePublished":"2022-06-13T14:35:56+00:00","dateModified":"2024-08-24T11:03:14+00:00","description":"Anillo tercer ojo. Dorado con oro fino. En garant\u00eda.","breadcrumb":{"@id":"https:\/\/lajunglebijoux.com\/es\/producto\/anillo-tercer-ojo-oro\/#breadcrumb"},"inLanguage":"es","potentialAction":[{"@type":"ReadAction","target":["https:\/\/lajunglebijoux.com\/es\/producto\/anillo-tercer-ojo-oro\/"]}]},{"@type":"ImageObject","inLanguage":"es","@id":"https:\/\/lajunglebijoux.com\/es\/producto\/anillo-tercer-ojo-oro\/#primaryimage","url":"https:\/\/lajunglebijoux.com\/wp-content\/uploads\/2022\/06\/ALLEYEZONME-1.jpg","contentUrl":"https:\/\/lajunglebijoux.com\/wp-content\/uploads\/2022\/06\/ALLEYEZONME-1.jpg","width":2388,"height":1880},{"@type":"BreadcrumbList","@id":"https:\/\/lajunglebijoux.com\/es\/producto\/anillo-tercer-ojo-oro\/#breadcrumb","itemListElement":[{"@type":"ListItem","position":1,"name":"Portada","item":"https:\/\/lajunglebijoux.com\/es\/"},{"@type":"ListItem","position":2,"name":"Productos","item":"https:\/\/lajunglebijoux.com\/es\/shop\/"},{"@type":"ListItem","position":3,"name":"ALL EYEZ ON ME &#8211; anillo ojo oro"}]},{"@type":"WebSite","@id":"https:\/\/lajunglebijoux.com\/es\/#website","url":"https:\/\/lajunglebijoux.com\/es\/","name":"La Jungle Bijoux","description":"","publisher":{"@id":"https:\/\/lajunglebijoux.com\/es\/#organization"},"potentialAction":[{"@type":"SearchAction","target":{"@type":"EntryPoint","urlTemplate":"https:\/\/lajunglebijoux.com\/es\/?s={search_term_string}"},"query-input":{"@type":"PropertyValueSpecification","valueRequired":true,"valueName":"search_term_string"}}],"inLanguage":"es"},{"@type":"Organization","@id":"https:\/\/lajunglebijoux.com\/es\/#organization","name":"La Jungle Bijoux","url":"https:\/\/lajunglebijoux.com\/es\/","logo":{"@type":"ImageObject","inLanguage":"es","@id":"https:\/\/lajunglebijoux.com\/es\/#\/schema\/logo\/image\/","url":"https:\/\/lajunglebijoux.com\/wp-content\/uploads\/2023\/01\/LOGO-FINAL-Fonce.jpg","contentUrl":"https:\/\/lajunglebijoux.com\/wp-content\/uploads\/2023\/01\/LOGO-FINAL-Fonce.jpg","width":900,"height":900,"caption":"La Jungle Bijoux"},"image":{"@id":"https:\/\/lajunglebijoux.com\/es\/#\/schema\/logo\/image\/"}}]}},"_links":{"self":[{"href":"https:\/\/lajunglebijoux.com\/es\/wp-json\/wp\/v2\/product\/1447","targetHints":{"allow":["GET"]}}],"collection":[{"href":"https:\/\/lajunglebijoux.com\/es\/wp-json\/wp\/v2\/product"}],"about":[{"href":"https:\/\/lajunglebijoux.com\/es\/wp-json\/wp\/v2\/types\/product"}],"replies":[{"embeddable":true,"href":"https:\/\/lajunglebijoux.com\/es\/wp-json\/wp\/v2\/comments?post=1447"}],"version-history":[{"count":0,"href":"https:\/\/lajunglebijoux.com\/es\/wp-json\/wp\/v2\/product\/1447\/revisions"}],"wp:featuredmedia":[{"embeddable":true,"href":"https:\/\/lajunglebijoux.com\/es\/wp-json\/wp\/v2\/media\/689"}],"wp:attachment":[{"href":"https:\/\/lajunglebijoux.com\/es\/wp-json\/wp\/v2\/media?parent=1447"}],"wp:term":[{"taxonomy":"product_brand","embeddable":true,"href":"https:\/\/lajunglebijoux.com\/es\/wp-json\/wp\/v2\/product_brand?post=1447"},{"taxonomy":"product_cat","embeddable":true,"href":"https:\/\/lajunglebijoux.com\/es\/wp-json\/wp\/v2\/product_cat?post=1447"},{"taxonomy":"product_tag","embeddable":true,"href":"https:\/\/lajunglebijoux.com\/es\/wp-json\/wp\/v2\/product_tag?post=1447"}],"curies":[{"name":"wp","href":"https:\/\/api.w.org\/{rel}","templated":true}]}}