{"id":1372,"date":"2022-06-21T10:00:27","date_gmt":"2022-06-21T10:00:27","guid":{"rendered":"http:\/\/jkjpwtk.cluster026.hosting.ovh.net\/product\/minis-boucles-geometriques\/"},"modified":"2022-06-21T10:00:27","modified_gmt":"2022-06-21T10:00:27","slug":"minis-boucles-geometriques","status":"publish","type":"product","link":"https:\/\/lajunglebijoux.com\/es\/producto\/minis-boucles-geometriques\/","title":{"rendered":"PUCES G\u00c9OM\u00c9TRIQUES OR &#8211; minis boucles d&#8217;oreilles"},"content":{"rendered":"","protected":false},"excerpt":{"rendered":"<p>Petites boucles d&#8217;oreilles (1cm).<\/p>\n<p>Puces d&#8217;oreilles triangles ou puces d&#8217;oreilles cercles dor\u00e9es \u00e0 l&#8217;or fin haute r\u00e9sistance sous garantie, voir notre page garantie.<\/p>\n<p>Facile \u00e0 porter et \u00e0 associer avec n&#8217;importe quel look.<\/p>\n","protected":false},"featured_media":0,"comment_status":"open","ping_status":"closed","template":"","meta":{"_acf_changed":false},"product_brand":[],"product_cat":[16],"product_tag":[],"class_list":{"0":"post-1372","1":"product","2":"type-product","3":"status-publish","5":"product_cat-uncategorized","7":"first","8":"instock","9":"shipping-taxable","10":"product-type-simple"},"acf":[],"gallery_images":[],"yoast_head":"<!-- This site is optimized with the Yoast SEO plugin v27.2 - https:\/\/yoast.com\/product\/yoast-seo-wordpress\/ -->\n<title>PUCES G\u00c9OM\u00c9TRIQUES OR - minis boucles d&#039;oreilles - La Jungle Bijoux<\/title>\n<meta name=\"robots\" content=\"index, follow, max-snippet:-1, max-image-preview:large, max-video-preview:-1\" \/>\n<link rel=\"canonical\" href=\"https:\/\/lajunglebijoux.com\/es\/producto\/minis-boucles-geometriques\/\" \/>\n<meta property=\"og:locale\" content=\"es_ES\" \/>\n<meta property=\"og:type\" content=\"article\" \/>\n<meta property=\"og:title\" content=\"PUCES G\u00c9OM\u00c9TRIQUES OR - minis boucles d&#039;oreilles - La Jungle Bijoux\" \/>\n<meta property=\"og:description\" content=\"Petites boucles d&#039;oreilles (1cm).  Puces d&#039;oreilles triangles ou puces d&#039;oreilles cercles dor\u00e9es \u00e0 l&#039;or fin haute r\u00e9sistance sous garantie, voir notre page garantie.  Facile \u00e0 porter et \u00e0 associer avec n&#039;importe quel look.\" \/>\n<meta property=\"og:url\" content=\"https:\/\/lajunglebijoux.com\/es\/producto\/minis-boucles-geometriques\/\" \/>\n<meta property=\"og:site_name\" content=\"La Jungle Bijoux\" \/>\n<meta name=\"twitter:card\" content=\"summary_large_image\" \/>\n<script type=\"application\/ld+json\" class=\"yoast-schema-graph\">{\"@context\":\"https:\/\/schema.org\",\"@graph\":[{\"@type\":\"WebPage\",\"@id\":\"https:\/\/lajunglebijoux.com\/es\/producto\/minis-boucles-geometriques\/\",\"url\":\"https:\/\/lajunglebijoux.com\/es\/producto\/minis-boucles-geometriques\/\",\"name\":\"PUCES G\u00c9OM\u00c9TRIQUES OR - minis boucles d'oreilles - La Jungle Bijoux\",\"isPartOf\":{\"@id\":\"https:\/\/lajunglebijoux.com\/es\/#website\"},\"datePublished\":\"2022-06-21T10:00:27+00:00\",\"breadcrumb\":{\"@id\":\"https:\/\/lajunglebijoux.com\/es\/producto\/minis-boucles-geometriques\/#breadcrumb\"},\"inLanguage\":\"es\",\"potentialAction\":[{\"@type\":\"ReadAction\",\"target\":[\"https:\/\/lajunglebijoux.com\/es\/producto\/minis-boucles-geometriques\/\"]}]},{\"@type\":\"BreadcrumbList\",\"@id\":\"https:\/\/lajunglebijoux.com\/es\/producto\/minis-boucles-geometriques\/#breadcrumb\",\"itemListElement\":[{\"@type\":\"ListItem\",\"position\":1,\"name\":\"Portada\",\"item\":\"https:\/\/lajunglebijoux.com\/es\/\"},{\"@type\":\"ListItem\",\"position\":2,\"name\":\"Productos\",\"item\":\"https:\/\/lajunglebijoux.com\/es\/shop\/\"},{\"@type\":\"ListItem\",\"position\":3,\"name\":\"PUCES G\u00c9OM\u00c9TRIQUES OR &#8211; minis boucles d&rsquo;oreilles\"}]},{\"@type\":\"WebSite\",\"@id\":\"https:\/\/lajunglebijoux.com\/es\/#website\",\"url\":\"https:\/\/lajunglebijoux.com\/es\/\",\"name\":\"La Jungle Bijoux\",\"description\":\"\",\"publisher\":{\"@id\":\"https:\/\/lajunglebijoux.com\/es\/#organization\"},\"potentialAction\":[{\"@type\":\"SearchAction\",\"target\":{\"@type\":\"EntryPoint\",\"urlTemplate\":\"https:\/\/lajunglebijoux.com\/es\/?s={search_term_string}\"},\"query-input\":{\"@type\":\"PropertyValueSpecification\",\"valueRequired\":true,\"valueName\":\"search_term_string\"}}],\"inLanguage\":\"es\"},{\"@type\":\"Organization\",\"@id\":\"https:\/\/lajunglebijoux.com\/es\/#organization\",\"name\":\"La Jungle Bijoux\",\"url\":\"https:\/\/lajunglebijoux.com\/es\/\",\"logo\":{\"@type\":\"ImageObject\",\"inLanguage\":\"es\",\"@id\":\"https:\/\/lajunglebijoux.com\/es\/#\/schema\/logo\/image\/\",\"url\":\"https:\/\/lajunglebijoux.com\/wp-content\/uploads\/2023\/01\/LOGO-FINAL-Fonce.jpg\",\"contentUrl\":\"https:\/\/lajunglebijoux.com\/wp-content\/uploads\/2023\/01\/LOGO-FINAL-Fonce.jpg\",\"width\":900,\"height\":900,\"caption\":\"La Jungle Bijoux\"},\"image\":{\"@id\":\"https:\/\/lajunglebijoux.com\/es\/#\/schema\/logo\/image\/\"}}]}<\/script>\n<!-- \/ Yoast SEO plugin. -->","yoast_head_json":{"title":"PUCES G\u00c9OM\u00c9TRIQUES OR - minis boucles d'oreilles - La Jungle Bijoux","robots":{"index":"index","follow":"follow","max-snippet":"max-snippet:-1","max-image-preview":"max-image-preview:large","max-video-preview":"max-video-preview:-1"},"canonical":"https:\/\/lajunglebijoux.com\/es\/producto\/minis-boucles-geometriques\/","og_locale":"es_ES","og_type":"article","og_title":"PUCES G\u00c9OM\u00c9TRIQUES OR - minis boucles d'oreilles - La Jungle Bijoux","og_description":"Petites boucles d'oreilles (1cm).  Puces d'oreilles triangles ou puces d'oreilles cercles dor\u00e9es \u00e0 l'or fin haute r\u00e9sistance sous garantie, voir notre page garantie.  Facile \u00e0 porter et \u00e0 associer avec n'importe quel look.","og_url":"https:\/\/lajunglebijoux.com\/es\/producto\/minis-boucles-geometriques\/","og_site_name":"La Jungle Bijoux","twitter_card":"summary_large_image","schema":{"@context":"https:\/\/schema.org","@graph":[{"@type":"WebPage","@id":"https:\/\/lajunglebijoux.com\/es\/producto\/minis-boucles-geometriques\/","url":"https:\/\/lajunglebijoux.com\/es\/producto\/minis-boucles-geometriques\/","name":"PUCES G\u00c9OM\u00c9TRIQUES OR - minis boucles d'oreilles - La Jungle Bijoux","isPartOf":{"@id":"https:\/\/lajunglebijoux.com\/es\/#website"},"datePublished":"2022-06-21T10:00:27+00:00","breadcrumb":{"@id":"https:\/\/lajunglebijoux.com\/es\/producto\/minis-boucles-geometriques\/#breadcrumb"},"inLanguage":"es","potentialAction":[{"@type":"ReadAction","target":["https:\/\/lajunglebijoux.com\/es\/producto\/minis-boucles-geometriques\/"]}]},{"@type":"BreadcrumbList","@id":"https:\/\/lajunglebijoux.com\/es\/producto\/minis-boucles-geometriques\/#breadcrumb","itemListElement":[{"@type":"ListItem","position":1,"name":"Portada","item":"https:\/\/lajunglebijoux.com\/es\/"},{"@type":"ListItem","position":2,"name":"Productos","item":"https:\/\/lajunglebijoux.com\/es\/shop\/"},{"@type":"ListItem","position":3,"name":"PUCES G\u00c9OM\u00c9TRIQUES OR &#8211; minis boucles d&rsquo;oreilles"}]},{"@type":"WebSite","@id":"https:\/\/lajunglebijoux.com\/es\/#website","url":"https:\/\/lajunglebijoux.com\/es\/","name":"La Jungle Bijoux","description":"","publisher":{"@id":"https:\/\/lajunglebijoux.com\/es\/#organization"},"potentialAction":[{"@type":"SearchAction","target":{"@type":"EntryPoint","urlTemplate":"https:\/\/lajunglebijoux.com\/es\/?s={search_term_string}"},"query-input":{"@type":"PropertyValueSpecification","valueRequired":true,"valueName":"search_term_string"}}],"inLanguage":"es"},{"@type":"Organization","@id":"https:\/\/lajunglebijoux.com\/es\/#organization","name":"La Jungle Bijoux","url":"https:\/\/lajunglebijoux.com\/es\/","logo":{"@type":"ImageObject","inLanguage":"es","@id":"https:\/\/lajunglebijoux.com\/es\/#\/schema\/logo\/image\/","url":"https:\/\/lajunglebijoux.com\/wp-content\/uploads\/2023\/01\/LOGO-FINAL-Fonce.jpg","contentUrl":"https:\/\/lajunglebijoux.com\/wp-content\/uploads\/2023\/01\/LOGO-FINAL-Fonce.jpg","width":900,"height":900,"caption":"La Jungle Bijoux"},"image":{"@id":"https:\/\/lajunglebijoux.com\/es\/#\/schema\/logo\/image\/"}}]}},"_links":{"self":[{"href":"https:\/\/lajunglebijoux.com\/es\/wp-json\/wp\/v2\/product\/1372","targetHints":{"allow":["GET"]}}],"collection":[{"href":"https:\/\/lajunglebijoux.com\/es\/wp-json\/wp\/v2\/product"}],"about":[{"href":"https:\/\/lajunglebijoux.com\/es\/wp-json\/wp\/v2\/types\/product"}],"replies":[{"embeddable":true,"href":"https:\/\/lajunglebijoux.com\/es\/wp-json\/wp\/v2\/comments?post=1372"}],"version-history":[{"count":0,"href":"https:\/\/lajunglebijoux.com\/es\/wp-json\/wp\/v2\/product\/1372\/revisions"}],"wp:attachment":[{"href":"https:\/\/lajunglebijoux.com\/es\/wp-json\/wp\/v2\/media?parent=1372"}],"wp:term":[{"taxonomy":"product_brand","embeddable":true,"href":"https:\/\/lajunglebijoux.com\/es\/wp-json\/wp\/v2\/product_brand?post=1372"},{"taxonomy":"product_cat","embeddable":true,"href":"https:\/\/lajunglebijoux.com\/es\/wp-json\/wp\/v2\/product_cat?post=1372"},{"taxonomy":"product_tag","embeddable":true,"href":"https:\/\/lajunglebijoux.com\/es\/wp-json\/wp\/v2\/product_tag?post=1372"}],"curies":[{"name":"wp","href":"https:\/\/api.w.org\/{rel}","templated":true}]}}