{"id":12601,"date":"2024-03-18T17:37:05","date_gmt":"2024-03-18T15:37:05","guid":{"rendered":"https:\/\/lajunglebijoux.com\/product\/collier-3eme-oeil\/"},"modified":"2024-08-24T13:03:37","modified_gmt":"2024-08-24T11:03:37","slug":"collar-tercer-ojo-rosa","status":"publish","type":"product","link":"https:\/\/lajunglebijoux.com\/es\/producto\/collar-tercer-ojo-rosa\/","title":{"rendered":"Collar Tercer Ojo \u2013 Curiosidad"},"content":{"rendered":"<h2>Significado del color rosa:<\/h2>\n<p>La energ\u00eda del color rosa es un camino que nos invita a dejarnos llevar, a abrazar el amor para aceptar qui\u00e9nes somos y nuestra feminidad.<\/p>\n<p>Partiendo del coraz\u00f3n, la ternura, la bondad, pero tambi\u00e9n la mirada maravillada de un ni\u00f1o, \u00abver la vida de color de rosa\u00bb calma el estr\u00e9s, disminuye las preocupaciones y recupera la serenidad y la paz mental.<\/p>\n<p><em>Nota:<\/em> En la Edad Media, el rosa era sin\u00f3nimo de virilidad. Solo en el siglo XX se asoci\u00f3 con la mujer.<\/p>\n<p><!-- notionvc: 0c0521e4-e667-455d-b388-7f6fbdcda81b --><\/p>\n","protected":false},"excerpt":{"rendered":"<p>El collar Tercer Ojo te invita a ser curiosa sobre qui\u00e9n eres, qu\u00e9 forma toma tu feminidad y a abrir tu mente para ver m\u00e1s all\u00e1 de las apariencias.<\/p>\n<p><strong>Composici\u00f3n:<\/strong> cadena de acero inoxidable dorado con oro fino de 55 cm de largo + 5 cm de cadena de extensi\u00f3n (ajustable en 5 cm, longitud total m\u00e1xima = 60 cm).<\/p>\n<p>Collar Tercer Ojo en oro fino de 24 quilates sobre base de lat\u00f3n y cristales de circonio rosado.<\/p>\n<h2>Simbolismo del collar Tercer Ojo:<\/h2>\n<p>El Tercer Ojo es una met\u00e1fora proveniente del Oriente para designar, m\u00e1s all\u00e1 de los dos ojos y la vista, un ojo adicional: el de autoconocimiento. Este s\u00edmbolo est\u00e1 muy presente en las joyas de La Jungle, ya que llevar un collar Tercer Ojo y mirarlo regularmente nos invita a aprender a conocernos mejor con curiosidad.<\/p>\n<p>De esta manera, podemos satisfacer mejor nuestras necesidades y, por lo tanto, florecer, brillar y compartir nuestra hermosa energ\u00eda alrededor de nosotros. Es otra puerta hacia nuestro mundo interior, hacia nuestra verdad \u00fanica, propia de nosotros mismos.<\/p>\n<p><!-- notionvc: 876a70bd-20d8-4629-aed0-39e457b05b0a --><\/p>\n","protected":false},"featured_media":11972,"comment_status":"open","ping_status":"closed","template":"","meta":{"_acf_changed":false},"product_brand":[],"product_cat":[16],"product_tag":[480],"class_list":{"0":"post-12601","1":"product","2":"type-product","3":"status-publish","4":"has-post-thumbnail","6":"product_cat-uncategorized","7":"product_tag-menos-de-50e","8":"pa_modele-collares","9":"pa_theme-joyas-astral-tarot","11":"first","12":"instock","13":"shipping-taxable","14":"purchasable","15":"product-type-simple"},"acf":[],"gallery_images":[11978,11980,11974,11976,11784,11782,11780,11776,11778],"yoast_head":"<!-- This site is optimized with the Yoast SEO plugin v27.2 - https:\/\/yoast.com\/product\/yoast-seo-wordpress\/ -->\n<title>Collar Tercer Ojo \u2013 Curiosidad - La Jungle Bijoux<\/title>\n<meta name=\"description\" content=\"El collar del tercer ojo te invita a ser curiosa sobre qui\u00e9n eres, qu\u00e9 forma adopta tu feminidad y a abrir tu mente para ver m\u00e1s all\u00e1 de las apariencias.\" \/>\n<meta name=\"robots\" content=\"index, follow, max-snippet:-1, max-image-preview:large, max-video-preview:-1\" \/>\n<link rel=\"canonical\" href=\"https:\/\/lajunglebijoux.com\/es\/producto\/collar-tercer-ojo-rosa\/\" \/>\n<meta property=\"og:locale\" content=\"es_ES\" \/>\n<meta property=\"og:type\" content=\"article\" \/>\n<meta property=\"og:title\" content=\"Collar Tercer Ojo \u2013 Curiosidad - La Jungle Bijoux\" \/>\n<meta property=\"og:description\" content=\"El collar del tercer ojo te invita a ser curiosa sobre qui\u00e9n eres, qu\u00e9 forma adopta tu feminidad y a abrir tu mente para ver m\u00e1s all\u00e1 de las apariencias.\" \/>\n<meta property=\"og:url\" content=\"https:\/\/lajunglebijoux.com\/es\/producto\/collar-tercer-ojo-rosa\/\" \/>\n<meta property=\"og:site_name\" content=\"La Jungle Bijoux\" \/>\n<meta property=\"article:modified_time\" content=\"2024-08-24T11:03:37+00:00\" \/>\n<meta property=\"og:image\" content=\"https:\/\/lajunglebijoux.com\/wp-content\/uploads\/2024\/03\/collier-mauvais-oeil-rose-zircons.jpg\" \/>\n\t<meta property=\"og:image:width\" content=\"1875\" \/>\n\t<meta property=\"og:image:height\" content=\"2500\" \/>\n\t<meta property=\"og:image:type\" content=\"image\/jpeg\" \/>\n<meta name=\"twitter:card\" content=\"summary_large_image\" \/>\n<meta name=\"twitter:label1\" content=\"Tiempo de lectura\" \/>\n\t<meta name=\"twitter:data1\" content=\"1 minuto\" \/>\n<script type=\"application\/ld+json\" class=\"yoast-schema-graph\">{\"@context\":\"https:\/\/schema.org\",\"@graph\":[{\"@type\":\"WebPage\",\"@id\":\"https:\/\/lajunglebijoux.com\/es\/producto\/collar-tercer-ojo-rosa\/\",\"url\":\"https:\/\/lajunglebijoux.com\/es\/producto\/collar-tercer-ojo-rosa\/\",\"name\":\"Collar Tercer Ojo \u2013 Curiosidad - La Jungle Bijoux\",\"isPartOf\":{\"@id\":\"https:\/\/lajunglebijoux.com\/es\/#website\"},\"primaryImageOfPage\":{\"@id\":\"https:\/\/lajunglebijoux.com\/es\/producto\/collar-tercer-ojo-rosa\/#primaryimage\"},\"image\":{\"@id\":\"https:\/\/lajunglebijoux.com\/es\/producto\/collar-tercer-ojo-rosa\/#primaryimage\"},\"thumbnailUrl\":\"https:\/\/lajunglebijoux.com\/wp-content\/uploads\/2024\/03\/collier-mauvais-oeil-rose-zircons.jpg\",\"datePublished\":\"2024-03-18T15:37:05+00:00\",\"dateModified\":\"2024-08-24T11:03:37+00:00\",\"description\":\"El collar del tercer ojo te invita a ser curiosa sobre qui\u00e9n eres, qu\u00e9 forma adopta tu feminidad y a abrir tu mente para ver m\u00e1s all\u00e1 de las apariencias.\",\"breadcrumb\":{\"@id\":\"https:\/\/lajunglebijoux.com\/es\/producto\/collar-tercer-ojo-rosa\/#breadcrumb\"},\"inLanguage\":\"es\",\"potentialAction\":[{\"@type\":\"ReadAction\",\"target\":[\"https:\/\/lajunglebijoux.com\/es\/producto\/collar-tercer-ojo-rosa\/\"]}]},{\"@type\":\"ImageObject\",\"inLanguage\":\"es\",\"@id\":\"https:\/\/lajunglebijoux.com\/es\/producto\/collar-tercer-ojo-rosa\/#primaryimage\",\"url\":\"https:\/\/lajunglebijoux.com\/wp-content\/uploads\/2024\/03\/collier-mauvais-oeil-rose-zircons.jpg\",\"contentUrl\":\"https:\/\/lajunglebijoux.com\/wp-content\/uploads\/2024\/03\/collier-mauvais-oeil-rose-zircons.jpg\",\"width\":1875,\"height\":2500,\"caption\":\"collier 3eme oeil rose zircons\"},{\"@type\":\"BreadcrumbList\",\"@id\":\"https:\/\/lajunglebijoux.com\/es\/producto\/collar-tercer-ojo-rosa\/#breadcrumb\",\"itemListElement\":[{\"@type\":\"ListItem\",\"position\":1,\"name\":\"Portada\",\"item\":\"https:\/\/lajunglebijoux.com\/es\/\"},{\"@type\":\"ListItem\",\"position\":2,\"name\":\"Productos\",\"item\":\"https:\/\/lajunglebijoux.com\/es\/shop\/\"},{\"@type\":\"ListItem\",\"position\":3,\"name\":\"Collar Tercer Ojo \u2013 Curiosidad\"}]},{\"@type\":\"WebSite\",\"@id\":\"https:\/\/lajunglebijoux.com\/es\/#website\",\"url\":\"https:\/\/lajunglebijoux.com\/es\/\",\"name\":\"La Jungle Bijoux\",\"description\":\"\",\"publisher\":{\"@id\":\"https:\/\/lajunglebijoux.com\/es\/#organization\"},\"potentialAction\":[{\"@type\":\"SearchAction\",\"target\":{\"@type\":\"EntryPoint\",\"urlTemplate\":\"https:\/\/lajunglebijoux.com\/es\/?s={search_term_string}\"},\"query-input\":{\"@type\":\"PropertyValueSpecification\",\"valueRequired\":true,\"valueName\":\"search_term_string\"}}],\"inLanguage\":\"es\"},{\"@type\":\"Organization\",\"@id\":\"https:\/\/lajunglebijoux.com\/es\/#organization\",\"name\":\"La Jungle Bijoux\",\"url\":\"https:\/\/lajunglebijoux.com\/es\/\",\"logo\":{\"@type\":\"ImageObject\",\"inLanguage\":\"es\",\"@id\":\"https:\/\/lajunglebijoux.com\/es\/#\/schema\/logo\/image\/\",\"url\":\"https:\/\/lajunglebijoux.com\/wp-content\/uploads\/2023\/01\/LOGO-FINAL-Fonce.jpg\",\"contentUrl\":\"https:\/\/lajunglebijoux.com\/wp-content\/uploads\/2023\/01\/LOGO-FINAL-Fonce.jpg\",\"width\":900,\"height\":900,\"caption\":\"La Jungle Bijoux\"},\"image\":{\"@id\":\"https:\/\/lajunglebijoux.com\/es\/#\/schema\/logo\/image\/\"}}]}<\/script>\n<!-- \/ Yoast SEO plugin. -->","yoast_head_json":{"title":"Collar Tercer Ojo \u2013 Curiosidad - La Jungle Bijoux","description":"El collar del tercer ojo te invita a ser curiosa sobre qui\u00e9n eres, qu\u00e9 forma adopta tu feminidad y a abrir tu mente para ver m\u00e1s all\u00e1 de las apariencias.","robots":{"index":"index","follow":"follow","max-snippet":"max-snippet:-1","max-image-preview":"max-image-preview:large","max-video-preview":"max-video-preview:-1"},"canonical":"https:\/\/lajunglebijoux.com\/es\/producto\/collar-tercer-ojo-rosa\/","og_locale":"es_ES","og_type":"article","og_title":"Collar Tercer Ojo \u2013 Curiosidad - La Jungle Bijoux","og_description":"El collar del tercer ojo te invita a ser curiosa sobre qui\u00e9n eres, qu\u00e9 forma adopta tu feminidad y a abrir tu mente para ver m\u00e1s all\u00e1 de las apariencias.","og_url":"https:\/\/lajunglebijoux.com\/es\/producto\/collar-tercer-ojo-rosa\/","og_site_name":"La Jungle Bijoux","article_modified_time":"2024-08-24T11:03:37+00:00","og_image":[{"width":1875,"height":2500,"url":"https:\/\/lajunglebijoux.com\/wp-content\/uploads\/2024\/03\/collier-mauvais-oeil-rose-zircons.jpg","type":"image\/jpeg"}],"twitter_card":"summary_large_image","twitter_misc":{"Tiempo de lectura":"1 minuto"},"schema":{"@context":"https:\/\/schema.org","@graph":[{"@type":"WebPage","@id":"https:\/\/lajunglebijoux.com\/es\/producto\/collar-tercer-ojo-rosa\/","url":"https:\/\/lajunglebijoux.com\/es\/producto\/collar-tercer-ojo-rosa\/","name":"Collar Tercer Ojo \u2013 Curiosidad - La Jungle Bijoux","isPartOf":{"@id":"https:\/\/lajunglebijoux.com\/es\/#website"},"primaryImageOfPage":{"@id":"https:\/\/lajunglebijoux.com\/es\/producto\/collar-tercer-ojo-rosa\/#primaryimage"},"image":{"@id":"https:\/\/lajunglebijoux.com\/es\/producto\/collar-tercer-ojo-rosa\/#primaryimage"},"thumbnailUrl":"https:\/\/lajunglebijoux.com\/wp-content\/uploads\/2024\/03\/collier-mauvais-oeil-rose-zircons.jpg","datePublished":"2024-03-18T15:37:05+00:00","dateModified":"2024-08-24T11:03:37+00:00","description":"El collar del tercer ojo te invita a ser curiosa sobre qui\u00e9n eres, qu\u00e9 forma adopta tu feminidad y a abrir tu mente para ver m\u00e1s all\u00e1 de las apariencias.","breadcrumb":{"@id":"https:\/\/lajunglebijoux.com\/es\/producto\/collar-tercer-ojo-rosa\/#breadcrumb"},"inLanguage":"es","potentialAction":[{"@type":"ReadAction","target":["https:\/\/lajunglebijoux.com\/es\/producto\/collar-tercer-ojo-rosa\/"]}]},{"@type":"ImageObject","inLanguage":"es","@id":"https:\/\/lajunglebijoux.com\/es\/producto\/collar-tercer-ojo-rosa\/#primaryimage","url":"https:\/\/lajunglebijoux.com\/wp-content\/uploads\/2024\/03\/collier-mauvais-oeil-rose-zircons.jpg","contentUrl":"https:\/\/lajunglebijoux.com\/wp-content\/uploads\/2024\/03\/collier-mauvais-oeil-rose-zircons.jpg","width":1875,"height":2500,"caption":"collier 3eme oeil rose zircons"},{"@type":"BreadcrumbList","@id":"https:\/\/lajunglebijoux.com\/es\/producto\/collar-tercer-ojo-rosa\/#breadcrumb","itemListElement":[{"@type":"ListItem","position":1,"name":"Portada","item":"https:\/\/lajunglebijoux.com\/es\/"},{"@type":"ListItem","position":2,"name":"Productos","item":"https:\/\/lajunglebijoux.com\/es\/shop\/"},{"@type":"ListItem","position":3,"name":"Collar Tercer Ojo \u2013 Curiosidad"}]},{"@type":"WebSite","@id":"https:\/\/lajunglebijoux.com\/es\/#website","url":"https:\/\/lajunglebijoux.com\/es\/","name":"La Jungle Bijoux","description":"","publisher":{"@id":"https:\/\/lajunglebijoux.com\/es\/#organization"},"potentialAction":[{"@type":"SearchAction","target":{"@type":"EntryPoint","urlTemplate":"https:\/\/lajunglebijoux.com\/es\/?s={search_term_string}"},"query-input":{"@type":"PropertyValueSpecification","valueRequired":true,"valueName":"search_term_string"}}],"inLanguage":"es"},{"@type":"Organization","@id":"https:\/\/lajunglebijoux.com\/es\/#organization","name":"La Jungle Bijoux","url":"https:\/\/lajunglebijoux.com\/es\/","logo":{"@type":"ImageObject","inLanguage":"es","@id":"https:\/\/lajunglebijoux.com\/es\/#\/schema\/logo\/image\/","url":"https:\/\/lajunglebijoux.com\/wp-content\/uploads\/2023\/01\/LOGO-FINAL-Fonce.jpg","contentUrl":"https:\/\/lajunglebijoux.com\/wp-content\/uploads\/2023\/01\/LOGO-FINAL-Fonce.jpg","width":900,"height":900,"caption":"La Jungle Bijoux"},"image":{"@id":"https:\/\/lajunglebijoux.com\/es\/#\/schema\/logo\/image\/"}}]}},"_links":{"self":[{"href":"https:\/\/lajunglebijoux.com\/es\/wp-json\/wp\/v2\/product\/12601","targetHints":{"allow":["GET"]}}],"collection":[{"href":"https:\/\/lajunglebijoux.com\/es\/wp-json\/wp\/v2\/product"}],"about":[{"href":"https:\/\/lajunglebijoux.com\/es\/wp-json\/wp\/v2\/types\/product"}],"replies":[{"embeddable":true,"href":"https:\/\/lajunglebijoux.com\/es\/wp-json\/wp\/v2\/comments?post=12601"}],"version-history":[{"count":0,"href":"https:\/\/lajunglebijoux.com\/es\/wp-json\/wp\/v2\/product\/12601\/revisions"}],"wp:featuredmedia":[{"embeddable":true,"href":"https:\/\/lajunglebijoux.com\/es\/wp-json\/wp\/v2\/media\/11972"}],"wp:attachment":[{"href":"https:\/\/lajunglebijoux.com\/es\/wp-json\/wp\/v2\/media?parent=12601"}],"wp:term":[{"taxonomy":"product_brand","embeddable":true,"href":"https:\/\/lajunglebijoux.com\/es\/wp-json\/wp\/v2\/product_brand?post=12601"},{"taxonomy":"product_cat","embeddable":true,"href":"https:\/\/lajunglebijoux.com\/es\/wp-json\/wp\/v2\/product_cat?post=12601"},{"taxonomy":"product_tag","embeddable":true,"href":"https:\/\/lajunglebijoux.com\/es\/wp-json\/wp\/v2\/product_tag?post=12601"}],"curies":[{"name":"wp","href":"https:\/\/api.w.org\/{rel}","templated":true}]}}