{"id":12597,"date":"2023-06-06T14:53:45","date_gmt":"2023-06-06T12:53:45","guid":{"rendered":"https:\/\/lajunglebijoux.com\/product\/bague-abeille-symbolique\/"},"modified":"2024-08-24T13:06:41","modified_gmt":"2024-08-24T11:06:41","slug":"anillo-abeja-simbolo","status":"publish","type":"product","link":"https:\/\/lajunglebijoux.com\/es\/producto\/anillo-abeja-simbolo\/","title":{"rendered":"ANILLO ABEJA simbolo de abundancia y prosperidad"},"content":{"rendered":"<h2><strong>El simbolo del anillo abeja<\/strong><\/h2>\n<h3><em>Simbolo de abundancia y prosperidad<\/em><\/h3>\n<p>He creado este anillo abeja simbolo de abundancia y prosperidad para evocar el hecho de que tienes todos los recursos dentro de ti para tener \u00e9xito en tus proyectos. Al igual que la abeja protege su colmena, eres capaz de establecer l\u00edmites saludables para proteger tu energ\u00eda. El anillo abeja es s\u00edmbolo de abundancia y prosperidad tanto terrenal, muy arraigado en la realidad, como sagrado, divino, espiritual, lo cual encuentro fascinante.<\/p>\n<h3><em><strong>\u00bfPor qu\u00e9 el anillo abeja es simbolo de abundancia<\/strong><\/em> y prosperidad ?<\/h3>\n<p>El anillo de abeja es un s\u00edmbolo de abundancia y prosperidad pero tambien de <strong>construcci\u00f3n y de trabajo bien hecho<\/strong>, ya que son las abejas las que permiten el <strong>buen funcionamiento de los ciclos de la naturaleza<\/strong>. El anillo abeja simbolo te invita a creer en lo que realmente te importa. Recordando por qu\u00e9 te embarcas en tal o cual proyecto, por qu\u00e9 aspiras a una vida de cierto tipo, encontrar\u00e1s dentro de ti la <strong>fuerza y la vitalidad<\/strong> necesarias para avanzar con <strong>rigor y perseverancia<\/strong> hacia lo que te hace vibrar.<\/p>\n<p>El anillo abeja simbolo puede brindarte <strong>confianza y seguridad<\/strong>, puede ser un talism\u00e1n de apoyo ante las tareas m\u00e1s dif\u00edciles.<\/p>\n<p>Finalmente, el color dorado tambi\u00e9n es simbolo <strong>abundancia, prosperidad, \u00e9xito y espiritualidad<\/strong>.<\/p>\n<h3><em><strong>El anillo abeja, s\u00edmbolo de dulzura hacia ti mismo<\/strong><\/em><\/h3>\n<p>El anillo abeja simbolo tambi\u00e9n lleva como mensaje, la <strong>dulzura de vivir y la curaci\u00f3n<\/strong> a trav\u00e9s de su miel dulce y preciosa.<\/p>\n<p>En <strong>armon\u00eda<\/strong> con los ritmos de la naturaleza, la abeja nos lleva a reconectar con nuestro propio ritmo para disfrutar plenamente de la vida porque la abundancia ya est\u00e1 dentro de ti, en tu mundo interior, en tu colmena interior. \u00a1Con\u00e9ctate con la dulzura de tu anillo abeja simbolo! \ud83d\udc1d<\/p>\n<h2><strong>Consejos de mantenimiento de tu anillo abeja simbolo<\/strong><\/h2>\n<p>Para cuidar y mantener el brillo de tu anillo abeja simbolo durante el mayor tiempo posible, te recomiendo que siempre lo guardes en el estuche de cart\u00f3n reciclado proporcionado en la entrega. De esta manera, tu anillo abeja simbolo evitar\u00e1 oxidarse al entrar en contacto con otras joyas o la humedad del aire. Es mejor quitar tu anillo abeja simbolo antes de dormir o de practicar actividad f\u00edsica para evitar rayarlo. Por \u00faltimo, para conservar el brillo y la belleza de tu anillo abeja simbolo, evita el contacto con el agua de mar, de piscina y los productos cosm\u00e9ticos como las cremas o los perfumes. <strong><a href=\"https:\/\/lajunglebijoux.com\/conseils-dentretien\/\">Encuentra todos los consejos de cuidado aqu\u00ed<\/a><\/strong> as\u00ed como en tu paquete.<\/p>\n<p><!-- notionvc: cb5c10a1-620a-4627-b5a4-abaf0db0454f --><\/p>\n","protected":false},"excerpt":{"rendered":"<p>Este anillo abeja simbolo est\u00e1 hecho de lat\u00f3n ba\u00f1ado con una capa de alta resistencia de <strong>oro de 24 quilates<\/strong> (el oro m\u00e1s puro)**, sin n\u00edquel ni cadmio.**Te orienta para reconectar con tu poder creador.<\/p>\n<p>Verdaderos talismanes, simbolo de protecci\u00f3n, el anillo abeja es simbolo de abundancia y prosperidad.<\/p>\n<p>El anillo abeja simbolo es como un booster de positividad para tu moral cada vez que lo miras o lo sientes en tu mano. De hecho, este simbolo de abundancia y prosperidad puede recordarte su significado m\u00e1s conocido: <strong>perseverancia, resistencia tenacidad<\/strong>, al igual que el de su <strong>miel<\/strong>, la <strong>dulzura de vivir<\/strong>.<\/p>\n<p><strong>Tambi\u00e9n disponible con la parte inferior del anillo abeja simbolo fino y ajustable<\/strong> si el formato de sello parece demasiado imponente para tus manos delicadas o si deseas regalar esta joya a alguien cuyo tama\u00f1o no conozcas.<\/p>\n<p><strong>Para que el anillo de sello te quede perfectamente<\/strong>, por favor indica tu talla de dedo en el espacio de comentarios al finalizar la compra al momento de validar tus datos. \u00bfNo conoces tu talla por el anillo abeja simbolo ? No hay problema, te enviar\u00e9 las instrucciones por correo electr\u00f3nico una vez tu compra realizada. Gracias.<\/p>\n<p><!-- notionvc: a0ea1755-24b7-4a78-99eb-14218918164f --><\/p>\n","protected":false},"featured_media":9089,"comment_status":"open","ping_status":"closed","template":"","meta":{"_acf_changed":false},"product_brand":[],"product_cat":[444],"product_tag":[478],"class_list":{"0":"post-12597","1":"product","2":"type-product","3":"status-publish","4":"has-post-thumbnail","6":"product_cat-camino-de-colores-es","7":"product_tag-51e-a-100e","8":"pa_modele-anillos","9":"pa_theme-joyas-bienestar","10":"pa_theme-joyas-naturaleza","12":"first","13":"instock","14":"shipping-taxable","15":"purchasable","16":"product-type-simple"},"acf":[],"gallery_images":[9097,9091,9075,9087,9073,9095,9085,9055,9058,10888,10890,9093],"yoast_head":"<!-- This site is optimized with the Yoast SEO plugin v27.2 - https:\/\/yoast.com\/product\/yoast-seo-wordpress\/ -->\n<title>ANILLO ABEJA simbolo de abundancia y prosperidad - La Jungle Bijoux<\/title>\n<meta name=\"description\" content=\"Reconecta con tu fuerza creativa con el anillo de abeja. Verdaderos talismanes, las joyas protectoras de abejas son un s\u00edmbolo de abundancia.\" \/>\n<meta name=\"robots\" content=\"index, follow, max-snippet:-1, max-image-preview:large, max-video-preview:-1\" \/>\n<link rel=\"canonical\" href=\"https:\/\/lajunglebijoux.com\/es\/producto\/anillo-abeja-simbolo\/\" \/>\n<meta property=\"og:locale\" content=\"es_ES\" \/>\n<meta property=\"og:type\" content=\"article\" \/>\n<meta property=\"og:title\" content=\"ANILLO ABEJA simbolo de abundancia y prosperidad - La Jungle Bijoux\" \/>\n<meta property=\"og:description\" content=\"Reconecta con tu fuerza creativa con el anillo de abeja. Verdaderos talismanes, las joyas protectoras de abejas son un s\u00edmbolo de abundancia.\" \/>\n<meta property=\"og:url\" content=\"https:\/\/lajunglebijoux.com\/es\/producto\/anillo-abeja-simbolo\/\" \/>\n<meta property=\"og:site_name\" content=\"La Jungle Bijoux\" \/>\n<meta property=\"article:modified_time\" content=\"2024-08-24T11:06:41+00:00\" \/>\n<meta property=\"og:image\" content=\"https:\/\/lajunglebijoux.com\/wp-content\/uploads\/2023\/06\/20230530_111549-scaled.jpg\" \/>\n\t<meta property=\"og:image:width\" content=\"1924\" \/>\n\t<meta property=\"og:image:height\" content=\"2560\" \/>\n\t<meta property=\"og:image:type\" content=\"image\/jpeg\" \/>\n<meta name=\"twitter:card\" content=\"summary_large_image\" \/>\n<meta name=\"twitter:label1\" content=\"Tiempo de lectura\" \/>\n\t<meta name=\"twitter:data1\" content=\"3 minutos\" \/>\n<script type=\"application\/ld+json\" class=\"yoast-schema-graph\">{\"@context\":\"https:\/\/schema.org\",\"@graph\":[{\"@type\":\"WebPage\",\"@id\":\"https:\/\/lajunglebijoux.com\/es\/producto\/anillo-abeja-simbolo\/\",\"url\":\"https:\/\/lajunglebijoux.com\/es\/producto\/anillo-abeja-simbolo\/\",\"name\":\"ANILLO ABEJA simbolo de abundancia y prosperidad - La Jungle Bijoux\",\"isPartOf\":{\"@id\":\"https:\/\/lajunglebijoux.com\/es\/#website\"},\"primaryImageOfPage\":{\"@id\":\"https:\/\/lajunglebijoux.com\/es\/producto\/anillo-abeja-simbolo\/#primaryimage\"},\"image\":{\"@id\":\"https:\/\/lajunglebijoux.com\/es\/producto\/anillo-abeja-simbolo\/#primaryimage\"},\"thumbnailUrl\":\"https:\/\/lajunglebijoux.com\/wp-content\/uploads\/2023\/06\/20230530_111549-scaled.jpg\",\"datePublished\":\"2023-06-06T12:53:45+00:00\",\"dateModified\":\"2024-08-24T11:06:41+00:00\",\"description\":\"Reconecta con tu fuerza creativa con el anillo de abeja. Verdaderos talismanes, las joyas protectoras de abejas son un s\u00edmbolo de abundancia.\",\"breadcrumb\":{\"@id\":\"https:\/\/lajunglebijoux.com\/es\/producto\/anillo-abeja-simbolo\/#breadcrumb\"},\"inLanguage\":\"es\",\"potentialAction\":[{\"@type\":\"ReadAction\",\"target\":[\"https:\/\/lajunglebijoux.com\/es\/producto\/anillo-abeja-simbolo\/\"]}]},{\"@type\":\"ImageObject\",\"inLanguage\":\"es\",\"@id\":\"https:\/\/lajunglebijoux.com\/es\/producto\/anillo-abeja-simbolo\/#primaryimage\",\"url\":\"https:\/\/lajunglebijoux.com\/wp-content\/uploads\/2023\/06\/20230530_111549-scaled.jpg\",\"contentUrl\":\"https:\/\/lajunglebijoux.com\/wp-content\/uploads\/2023\/06\/20230530_111549-scaled.jpg\",\"width\":1924,\"height\":2560,\"caption\":\"bague abeille or symbolique signification majeur\"},{\"@type\":\"BreadcrumbList\",\"@id\":\"https:\/\/lajunglebijoux.com\/es\/producto\/anillo-abeja-simbolo\/#breadcrumb\",\"itemListElement\":[{\"@type\":\"ListItem\",\"position\":1,\"name\":\"Portada\",\"item\":\"https:\/\/lajunglebijoux.com\/es\/\"},{\"@type\":\"ListItem\",\"position\":2,\"name\":\"Productos\",\"item\":\"https:\/\/lajunglebijoux.com\/es\/shop\/\"},{\"@type\":\"ListItem\",\"position\":3,\"name\":\"ANILLO ABEJA simbolo de abundancia y prosperidad\"}]},{\"@type\":\"WebSite\",\"@id\":\"https:\/\/lajunglebijoux.com\/es\/#website\",\"url\":\"https:\/\/lajunglebijoux.com\/es\/\",\"name\":\"La Jungle Bijoux\",\"description\":\"\",\"publisher\":{\"@id\":\"https:\/\/lajunglebijoux.com\/es\/#organization\"},\"potentialAction\":[{\"@type\":\"SearchAction\",\"target\":{\"@type\":\"EntryPoint\",\"urlTemplate\":\"https:\/\/lajunglebijoux.com\/es\/?s={search_term_string}\"},\"query-input\":{\"@type\":\"PropertyValueSpecification\",\"valueRequired\":true,\"valueName\":\"search_term_string\"}}],\"inLanguage\":\"es\"},{\"@type\":\"Organization\",\"@id\":\"https:\/\/lajunglebijoux.com\/es\/#organization\",\"name\":\"La Jungle Bijoux\",\"url\":\"https:\/\/lajunglebijoux.com\/es\/\",\"logo\":{\"@type\":\"ImageObject\",\"inLanguage\":\"es\",\"@id\":\"https:\/\/lajunglebijoux.com\/es\/#\/schema\/logo\/image\/\",\"url\":\"https:\/\/lajunglebijoux.com\/wp-content\/uploads\/2023\/01\/LOGO-FINAL-Fonce.jpg\",\"contentUrl\":\"https:\/\/lajunglebijoux.com\/wp-content\/uploads\/2023\/01\/LOGO-FINAL-Fonce.jpg\",\"width\":900,\"height\":900,\"caption\":\"La Jungle Bijoux\"},\"image\":{\"@id\":\"https:\/\/lajunglebijoux.com\/es\/#\/schema\/logo\/image\/\"}}]}<\/script>\n<!-- \/ Yoast SEO plugin. -->","yoast_head_json":{"title":"ANILLO ABEJA simbolo de abundancia y prosperidad - La Jungle Bijoux","description":"Reconecta con tu fuerza creativa con el anillo de abeja. Verdaderos talismanes, las joyas protectoras de abejas son un s\u00edmbolo de abundancia.","robots":{"index":"index","follow":"follow","max-snippet":"max-snippet:-1","max-image-preview":"max-image-preview:large","max-video-preview":"max-video-preview:-1"},"canonical":"https:\/\/lajunglebijoux.com\/es\/producto\/anillo-abeja-simbolo\/","og_locale":"es_ES","og_type":"article","og_title":"ANILLO ABEJA simbolo de abundancia y prosperidad - La Jungle Bijoux","og_description":"Reconecta con tu fuerza creativa con el anillo de abeja. Verdaderos talismanes, las joyas protectoras de abejas son un s\u00edmbolo de abundancia.","og_url":"https:\/\/lajunglebijoux.com\/es\/producto\/anillo-abeja-simbolo\/","og_site_name":"La Jungle Bijoux","article_modified_time":"2024-08-24T11:06:41+00:00","og_image":[{"width":1924,"height":2560,"url":"https:\/\/lajunglebijoux.com\/wp-content\/uploads\/2023\/06\/20230530_111549-scaled.jpg","type":"image\/jpeg"}],"twitter_card":"summary_large_image","twitter_misc":{"Tiempo de lectura":"3 minutos"},"schema":{"@context":"https:\/\/schema.org","@graph":[{"@type":"WebPage","@id":"https:\/\/lajunglebijoux.com\/es\/producto\/anillo-abeja-simbolo\/","url":"https:\/\/lajunglebijoux.com\/es\/producto\/anillo-abeja-simbolo\/","name":"ANILLO ABEJA simbolo de abundancia y prosperidad - La Jungle Bijoux","isPartOf":{"@id":"https:\/\/lajunglebijoux.com\/es\/#website"},"primaryImageOfPage":{"@id":"https:\/\/lajunglebijoux.com\/es\/producto\/anillo-abeja-simbolo\/#primaryimage"},"image":{"@id":"https:\/\/lajunglebijoux.com\/es\/producto\/anillo-abeja-simbolo\/#primaryimage"},"thumbnailUrl":"https:\/\/lajunglebijoux.com\/wp-content\/uploads\/2023\/06\/20230530_111549-scaled.jpg","datePublished":"2023-06-06T12:53:45+00:00","dateModified":"2024-08-24T11:06:41+00:00","description":"Reconecta con tu fuerza creativa con el anillo de abeja. Verdaderos talismanes, las joyas protectoras de abejas son un s\u00edmbolo de abundancia.","breadcrumb":{"@id":"https:\/\/lajunglebijoux.com\/es\/producto\/anillo-abeja-simbolo\/#breadcrumb"},"inLanguage":"es","potentialAction":[{"@type":"ReadAction","target":["https:\/\/lajunglebijoux.com\/es\/producto\/anillo-abeja-simbolo\/"]}]},{"@type":"ImageObject","inLanguage":"es","@id":"https:\/\/lajunglebijoux.com\/es\/producto\/anillo-abeja-simbolo\/#primaryimage","url":"https:\/\/lajunglebijoux.com\/wp-content\/uploads\/2023\/06\/20230530_111549-scaled.jpg","contentUrl":"https:\/\/lajunglebijoux.com\/wp-content\/uploads\/2023\/06\/20230530_111549-scaled.jpg","width":1924,"height":2560,"caption":"bague abeille or symbolique signification majeur"},{"@type":"BreadcrumbList","@id":"https:\/\/lajunglebijoux.com\/es\/producto\/anillo-abeja-simbolo\/#breadcrumb","itemListElement":[{"@type":"ListItem","position":1,"name":"Portada","item":"https:\/\/lajunglebijoux.com\/es\/"},{"@type":"ListItem","position":2,"name":"Productos","item":"https:\/\/lajunglebijoux.com\/es\/shop\/"},{"@type":"ListItem","position":3,"name":"ANILLO ABEJA simbolo de abundancia y prosperidad"}]},{"@type":"WebSite","@id":"https:\/\/lajunglebijoux.com\/es\/#website","url":"https:\/\/lajunglebijoux.com\/es\/","name":"La Jungle Bijoux","description":"","publisher":{"@id":"https:\/\/lajunglebijoux.com\/es\/#organization"},"potentialAction":[{"@type":"SearchAction","target":{"@type":"EntryPoint","urlTemplate":"https:\/\/lajunglebijoux.com\/es\/?s={search_term_string}"},"query-input":{"@type":"PropertyValueSpecification","valueRequired":true,"valueName":"search_term_string"}}],"inLanguage":"es"},{"@type":"Organization","@id":"https:\/\/lajunglebijoux.com\/es\/#organization","name":"La Jungle Bijoux","url":"https:\/\/lajunglebijoux.com\/es\/","logo":{"@type":"ImageObject","inLanguage":"es","@id":"https:\/\/lajunglebijoux.com\/es\/#\/schema\/logo\/image\/","url":"https:\/\/lajunglebijoux.com\/wp-content\/uploads\/2023\/01\/LOGO-FINAL-Fonce.jpg","contentUrl":"https:\/\/lajunglebijoux.com\/wp-content\/uploads\/2023\/01\/LOGO-FINAL-Fonce.jpg","width":900,"height":900,"caption":"La Jungle Bijoux"},"image":{"@id":"https:\/\/lajunglebijoux.com\/es\/#\/schema\/logo\/image\/"}}]}},"_links":{"self":[{"href":"https:\/\/lajunglebijoux.com\/es\/wp-json\/wp\/v2\/product\/12597","targetHints":{"allow":["GET"]}}],"collection":[{"href":"https:\/\/lajunglebijoux.com\/es\/wp-json\/wp\/v2\/product"}],"about":[{"href":"https:\/\/lajunglebijoux.com\/es\/wp-json\/wp\/v2\/types\/product"}],"replies":[{"embeddable":true,"href":"https:\/\/lajunglebijoux.com\/es\/wp-json\/wp\/v2\/comments?post=12597"}],"version-history":[{"count":0,"href":"https:\/\/lajunglebijoux.com\/es\/wp-json\/wp\/v2\/product\/12597\/revisions"}],"wp:featuredmedia":[{"embeddable":true,"href":"https:\/\/lajunglebijoux.com\/es\/wp-json\/wp\/v2\/media\/9089"}],"wp:attachment":[{"href":"https:\/\/lajunglebijoux.com\/es\/wp-json\/wp\/v2\/media?parent=12597"}],"wp:term":[{"taxonomy":"product_brand","embeddable":true,"href":"https:\/\/lajunglebijoux.com\/es\/wp-json\/wp\/v2\/product_brand?post=12597"},{"taxonomy":"product_cat","embeddable":true,"href":"https:\/\/lajunglebijoux.com\/es\/wp-json\/wp\/v2\/product_cat?post=12597"},{"taxonomy":"product_tag","embeddable":true,"href":"https:\/\/lajunglebijoux.com\/es\/wp-json\/wp\/v2\/product_tag?post=12597"}],"curies":[{"name":"wp","href":"https:\/\/api.w.org\/{rel}","templated":true}]}}