{"id":12595,"date":"2024-03-14T16:41:44","date_gmt":"2024-03-14T14:41:44","guid":{"rendered":"https:\/\/lajunglebijoux.com\/product\/collier-pierres-naturelles-oeil-tigre\/"},"modified":"2024-08-24T13:06:29","modified_gmt":"2024-08-24T11:06:29","slug":"collar-ojo-tigre-rosa","status":"publish","type":"product","link":"https:\/\/lajunglebijoux.com\/es\/producto\/collar-ojo-tigre-rosa\/","title":{"rendered":"Collar ojo de tigre rosa: Vitalidad"},"content":{"rendered":"<h2>La piedra natural del collar ojo de tigre rosa<\/h2>\n<p>El collar ojo de tigre rosa se compone de esta piedra muy poderosa y positiva. Gracias a sus virtudes, estimula la energ\u00eda para obtener m\u00e1s vitalidad tanto para la mente como para el cuerpo. Fortalece la confianza en uno mismo y la creatividad para encontrar soluciones. Muy equilibrado, el collar ojo de tigre rosa, calmar\u00e1 la mente para m\u00e1s tranquilidad y armon\u00eda interior, al tiempo que aporta fuerza y perseverancia ante las dificultades.<\/p>\n<p><!-- notionvc: 6a87035f-ea6a-40e9-8077-65d18e858b42 --><\/p>\n","protected":false},"excerpt":{"rendered":"<p>Como ver\u00e1s a continuaci\u00f3n, el significado del collar ojo de tigre rosa es muy variado y completo. Principalmente, quer\u00eda destacar la vitalidad con este collar ojo de tigre rosa.<\/p>\n<h2>Significado del collar ojo de tigre rosa<\/h2>\n<p>La energ\u00eda del color rosa nos proporciona cierta tonicidad, vitalidad y motivaci\u00f3n para seguir el camino del amor propio y asumir qui\u00e9nes somos y nuestra feminidad.<\/p>\n<p>Partiendo del coraz\u00f3n, la ternura, la bondad, pero tambi\u00e9n la mirada maravillada de un ni\u00f1o, \u00abver la vida en rosa\u00bb calma el estr\u00e9s, disminuye las preocupaciones y recupera la serenidad y la paz mental.<\/p>\n<p><em>Nota:<\/em> En la Edad Media, el rosa era sin\u00f3nimo de virilidad. Solo en el siglo XX se asoci\u00f3 con la mujer.<\/p>\n<p><!-- notionvc: d1f9d6ee-c753-486c-9be6-d8692fb78933 --><\/p>\n","protected":false},"featured_media":11873,"comment_status":"open","ping_status":"closed","template":"","meta":{"_acf_changed":false},"product_brand":[],"product_cat":[16],"product_tag":[478],"class_list":{"0":"post-12595","1":"product","2":"type-product","3":"status-publish","4":"has-post-thumbnail","6":"product_cat-uncategorized","7":"product_tag-51e-a-100e","8":"pa_modele-collares","9":"pa_theme-joyas-energeticas","10":"pa_theme-piedras-litoterapia","12":"first","13":"outofstock","14":"shipping-taxable","15":"purchasable","16":"product-type-simple"},"acf":[],"gallery_images":[11875,11877,11879,11784,11772,11782,11778,11780,11776],"yoast_head":"<!-- This site is optimized with the Yoast SEO plugin v27.6 - https:\/\/yoast.com\/product\/yoast-seo-wordpress\/ -->\n<title>Collar ojo de tigre rosa: Vitalidad - La Jungle Bijoux<\/title>\n<meta name=\"description\" content=\"Con este collar ojo de tigre rosa, d\u00e9jate transportar por la energ\u00eda del color , una joya que potencia tu vitalidad.\" \/>\n<meta name=\"robots\" content=\"index, follow, max-snippet:-1, max-image-preview:large, max-video-preview:-1\" \/>\n<link rel=\"canonical\" href=\"https:\/\/lajunglebijoux.com\/es\/producto\/collar-ojo-tigre-rosa\/\" \/>\n<meta property=\"og:locale\" content=\"es_ES\" \/>\n<meta property=\"og:type\" content=\"article\" \/>\n<meta property=\"og:title\" content=\"Collar ojo de tigre rosa: Vitalidad - La Jungle Bijoux\" \/>\n<meta property=\"og:description\" content=\"Con este collar ojo de tigre rosa, d\u00e9jate transportar por la energ\u00eda del color , una joya que potencia tu vitalidad.\" \/>\n<meta property=\"og:url\" content=\"https:\/\/lajunglebijoux.com\/es\/producto\/collar-ojo-tigre-rosa\/\" \/>\n<meta property=\"og:site_name\" content=\"La Jungle Bijoux\" \/>\n<meta property=\"article:modified_time\" content=\"2024-08-24T11:06:29+00:00\" \/>\n<meta property=\"og:image\" content=\"https:\/\/lajunglebijoux.com\/wp-content\/uploads\/2024\/03\/collier-pierres-naturelles-oeil-de-tigre-rose.jpg\" \/>\n\t<meta property=\"og:image:width\" content=\"1800\" \/>\n\t<meta property=\"og:image:height\" content=\"1800\" \/>\n\t<meta property=\"og:image:type\" content=\"image\/jpeg\" \/>\n<meta name=\"twitter:card\" content=\"summary_large_image\" \/>\n<meta name=\"twitter:label1\" content=\"Tiempo de lectura\" \/>\n\t<meta name=\"twitter:data1\" content=\"1 minuto\" \/>\n<script type=\"application\/ld+json\" class=\"yoast-schema-graph\">{\"@context\":\"https:\\\/\\\/schema.org\",\"@graph\":[{\"@type\":\"WebPage\",\"@id\":\"https:\\\/\\\/lajunglebijoux.com\\\/es\\\/producto\\\/collar-ojo-tigre-rosa\\\/\",\"url\":\"https:\\\/\\\/lajunglebijoux.com\\\/es\\\/producto\\\/collar-ojo-tigre-rosa\\\/\",\"name\":\"Collar ojo de tigre rosa: Vitalidad - La Jungle Bijoux\",\"isPartOf\":{\"@id\":\"https:\\\/\\\/lajunglebijoux.com\\\/es\\\/#website\"},\"primaryImageOfPage\":{\"@id\":\"https:\\\/\\\/lajunglebijoux.com\\\/es\\\/producto\\\/collar-ojo-tigre-rosa\\\/#primaryimage\"},\"image\":{\"@id\":\"https:\\\/\\\/lajunglebijoux.com\\\/es\\\/producto\\\/collar-ojo-tigre-rosa\\\/#primaryimage\"},\"thumbnailUrl\":\"https:\\\/\\\/lajunglebijoux.com\\\/wp-content\\\/uploads\\\/2024\\\/03\\\/collier-pierres-naturelles-oeil-de-tigre-rose.jpg\",\"datePublished\":\"2024-03-14T14:41:44+00:00\",\"dateModified\":\"2024-08-24T11:06:29+00:00\",\"description\":\"Con este collar ojo de tigre rosa, d\u00e9jate transportar por la energ\u00eda del color , una joya que potencia tu vitalidad.\",\"breadcrumb\":{\"@id\":\"https:\\\/\\\/lajunglebijoux.com\\\/es\\\/producto\\\/collar-ojo-tigre-rosa\\\/#breadcrumb\"},\"inLanguage\":\"es\",\"potentialAction\":[{\"@type\":\"ReadAction\",\"target\":[\"https:\\\/\\\/lajunglebijoux.com\\\/es\\\/producto\\\/collar-ojo-tigre-rosa\\\/\"]}]},{\"@type\":\"ImageObject\",\"inLanguage\":\"es\",\"@id\":\"https:\\\/\\\/lajunglebijoux.com\\\/es\\\/producto\\\/collar-ojo-tigre-rosa\\\/#primaryimage\",\"url\":\"https:\\\/\\\/lajunglebijoux.com\\\/wp-content\\\/uploads\\\/2024\\\/03\\\/collier-pierres-naturelles-oeil-de-tigre-rose.jpg\",\"contentUrl\":\"https:\\\/\\\/lajunglebijoux.com\\\/wp-content\\\/uploads\\\/2024\\\/03\\\/collier-pierres-naturelles-oeil-de-tigre-rose.jpg\",\"width\":1800,\"height\":1800,\"caption\":\"collier pierres naturelles oeil de tigre rose\"},{\"@type\":\"BreadcrumbList\",\"@id\":\"https:\\\/\\\/lajunglebijoux.com\\\/es\\\/producto\\\/collar-ojo-tigre-rosa\\\/#breadcrumb\",\"itemListElement\":[{\"@type\":\"ListItem\",\"position\":1,\"name\":\"Portada\",\"item\":\"https:\\\/\\\/lajunglebijoux.com\\\/es\\\/\"},{\"@type\":\"ListItem\",\"position\":2,\"name\":\"Productos\",\"item\":\"https:\\\/\\\/lajunglebijoux.com\\\/es\\\/shop\\\/\"},{\"@type\":\"ListItem\",\"position\":3,\"name\":\"Collar ojo de tigre rosa: Vitalidad\"}]},{\"@type\":\"WebSite\",\"@id\":\"https:\\\/\\\/lajunglebijoux.com\\\/es\\\/#website\",\"url\":\"https:\\\/\\\/lajunglebijoux.com\\\/es\\\/\",\"name\":\"La Jungle Bijoux\",\"description\":\"\",\"publisher\":{\"@id\":\"https:\\\/\\\/lajunglebijoux.com\\\/es\\\/#organization\"},\"potentialAction\":[{\"@type\":\"SearchAction\",\"target\":{\"@type\":\"EntryPoint\",\"urlTemplate\":\"https:\\\/\\\/lajunglebijoux.com\\\/es\\\/?s={search_term_string}\"},\"query-input\":{\"@type\":\"PropertyValueSpecification\",\"valueRequired\":true,\"valueName\":\"search_term_string\"}}],\"inLanguage\":\"es\"},{\"@type\":\"Organization\",\"@id\":\"https:\\\/\\\/lajunglebijoux.com\\\/es\\\/#organization\",\"name\":\"La Jungle Bijoux\",\"url\":\"https:\\\/\\\/lajunglebijoux.com\\\/es\\\/\",\"logo\":{\"@type\":\"ImageObject\",\"inLanguage\":\"es\",\"@id\":\"https:\\\/\\\/lajunglebijoux.com\\\/es\\\/#\\\/schema\\\/logo\\\/image\\\/\",\"url\":\"https:\\\/\\\/lajunglebijoux.com\\\/wp-content\\\/uploads\\\/2023\\\/01\\\/LOGO-FINAL-Fonce.jpg\",\"contentUrl\":\"https:\\\/\\\/lajunglebijoux.com\\\/wp-content\\\/uploads\\\/2023\\\/01\\\/LOGO-FINAL-Fonce.jpg\",\"width\":900,\"height\":900,\"caption\":\"La Jungle Bijoux\"},\"image\":{\"@id\":\"https:\\\/\\\/lajunglebijoux.com\\\/es\\\/#\\\/schema\\\/logo\\\/image\\\/\"}}]}<\/script>\n<!-- \/ Yoast SEO plugin. -->","yoast_head_json":{"title":"Collar ojo de tigre rosa: Vitalidad - La Jungle Bijoux","description":"Con este collar ojo de tigre rosa, d\u00e9jate transportar por la energ\u00eda del color , una joya que potencia tu vitalidad.","robots":{"index":"index","follow":"follow","max-snippet":"max-snippet:-1","max-image-preview":"max-image-preview:large","max-video-preview":"max-video-preview:-1"},"canonical":"https:\/\/lajunglebijoux.com\/es\/producto\/collar-ojo-tigre-rosa\/","og_locale":"es_ES","og_type":"article","og_title":"Collar ojo de tigre rosa: Vitalidad - La Jungle Bijoux","og_description":"Con este collar ojo de tigre rosa, d\u00e9jate transportar por la energ\u00eda del color , una joya que potencia tu vitalidad.","og_url":"https:\/\/lajunglebijoux.com\/es\/producto\/collar-ojo-tigre-rosa\/","og_site_name":"La Jungle Bijoux","article_modified_time":"2024-08-24T11:06:29+00:00","og_image":[{"width":1800,"height":1800,"url":"https:\/\/lajunglebijoux.com\/wp-content\/uploads\/2024\/03\/collier-pierres-naturelles-oeil-de-tigre-rose.jpg","type":"image\/jpeg"}],"twitter_card":"summary_large_image","twitter_misc":{"Tiempo de lectura":"1 minuto"},"schema":{"@context":"https:\/\/schema.org","@graph":[{"@type":"WebPage","@id":"https:\/\/lajunglebijoux.com\/es\/producto\/collar-ojo-tigre-rosa\/","url":"https:\/\/lajunglebijoux.com\/es\/producto\/collar-ojo-tigre-rosa\/","name":"Collar ojo de tigre rosa: Vitalidad - La Jungle Bijoux","isPartOf":{"@id":"https:\/\/lajunglebijoux.com\/es\/#website"},"primaryImageOfPage":{"@id":"https:\/\/lajunglebijoux.com\/es\/producto\/collar-ojo-tigre-rosa\/#primaryimage"},"image":{"@id":"https:\/\/lajunglebijoux.com\/es\/producto\/collar-ojo-tigre-rosa\/#primaryimage"},"thumbnailUrl":"https:\/\/lajunglebijoux.com\/wp-content\/uploads\/2024\/03\/collier-pierres-naturelles-oeil-de-tigre-rose.jpg","datePublished":"2024-03-14T14:41:44+00:00","dateModified":"2024-08-24T11:06:29+00:00","description":"Con este collar ojo de tigre rosa, d\u00e9jate transportar por la energ\u00eda del color , una joya que potencia tu vitalidad.","breadcrumb":{"@id":"https:\/\/lajunglebijoux.com\/es\/producto\/collar-ojo-tigre-rosa\/#breadcrumb"},"inLanguage":"es","potentialAction":[{"@type":"ReadAction","target":["https:\/\/lajunglebijoux.com\/es\/producto\/collar-ojo-tigre-rosa\/"]}]},{"@type":"ImageObject","inLanguage":"es","@id":"https:\/\/lajunglebijoux.com\/es\/producto\/collar-ojo-tigre-rosa\/#primaryimage","url":"https:\/\/lajunglebijoux.com\/wp-content\/uploads\/2024\/03\/collier-pierres-naturelles-oeil-de-tigre-rose.jpg","contentUrl":"https:\/\/lajunglebijoux.com\/wp-content\/uploads\/2024\/03\/collier-pierres-naturelles-oeil-de-tigre-rose.jpg","width":1800,"height":1800,"caption":"collier pierres naturelles oeil de tigre rose"},{"@type":"BreadcrumbList","@id":"https:\/\/lajunglebijoux.com\/es\/producto\/collar-ojo-tigre-rosa\/#breadcrumb","itemListElement":[{"@type":"ListItem","position":1,"name":"Portada","item":"https:\/\/lajunglebijoux.com\/es\/"},{"@type":"ListItem","position":2,"name":"Productos","item":"https:\/\/lajunglebijoux.com\/es\/shop\/"},{"@type":"ListItem","position":3,"name":"Collar ojo de tigre rosa: Vitalidad"}]},{"@type":"WebSite","@id":"https:\/\/lajunglebijoux.com\/es\/#website","url":"https:\/\/lajunglebijoux.com\/es\/","name":"La Jungle Bijoux","description":"","publisher":{"@id":"https:\/\/lajunglebijoux.com\/es\/#organization"},"potentialAction":[{"@type":"SearchAction","target":{"@type":"EntryPoint","urlTemplate":"https:\/\/lajunglebijoux.com\/es\/?s={search_term_string}"},"query-input":{"@type":"PropertyValueSpecification","valueRequired":true,"valueName":"search_term_string"}}],"inLanguage":"es"},{"@type":"Organization","@id":"https:\/\/lajunglebijoux.com\/es\/#organization","name":"La Jungle Bijoux","url":"https:\/\/lajunglebijoux.com\/es\/","logo":{"@type":"ImageObject","inLanguage":"es","@id":"https:\/\/lajunglebijoux.com\/es\/#\/schema\/logo\/image\/","url":"https:\/\/lajunglebijoux.com\/wp-content\/uploads\/2023\/01\/LOGO-FINAL-Fonce.jpg","contentUrl":"https:\/\/lajunglebijoux.com\/wp-content\/uploads\/2023\/01\/LOGO-FINAL-Fonce.jpg","width":900,"height":900,"caption":"La Jungle Bijoux"},"image":{"@id":"https:\/\/lajunglebijoux.com\/es\/#\/schema\/logo\/image\/"}}]}},"_links":{"self":[{"href":"https:\/\/lajunglebijoux.com\/es\/wp-json\/wp\/v2\/product\/12595","targetHints":{"allow":["GET"]}}],"collection":[{"href":"https:\/\/lajunglebijoux.com\/es\/wp-json\/wp\/v2\/product"}],"about":[{"href":"https:\/\/lajunglebijoux.com\/es\/wp-json\/wp\/v2\/types\/product"}],"replies":[{"embeddable":true,"href":"https:\/\/lajunglebijoux.com\/es\/wp-json\/wp\/v2\/comments?post=12595"}],"version-history":[{"count":0,"href":"https:\/\/lajunglebijoux.com\/es\/wp-json\/wp\/v2\/product\/12595\/revisions"}],"wp:featuredmedia":[{"embeddable":true,"href":"https:\/\/lajunglebijoux.com\/es\/wp-json\/wp\/v2\/media\/11873"}],"wp:attachment":[{"href":"https:\/\/lajunglebijoux.com\/es\/wp-json\/wp\/v2\/media?parent=12595"}],"wp:term":[{"taxonomy":"product_brand","embeddable":true,"href":"https:\/\/lajunglebijoux.com\/es\/wp-json\/wp\/v2\/product_brand?post=12595"},{"taxonomy":"product_cat","embeddable":true,"href":"https:\/\/lajunglebijoux.com\/es\/wp-json\/wp\/v2\/product_cat?post=12595"},{"taxonomy":"product_tag","embeddable":true,"href":"https:\/\/lajunglebijoux.com\/es\/wp-json\/wp\/v2\/product_tag?post=12595"}],"curies":[{"name":"wp","href":"https:\/\/api.w.org\/{rel}","templated":true}]}}