{"id":12585,"date":"2024-03-14T13:41:41","date_gmt":"2024-03-14T11:41:41","guid":{"rendered":"https:\/\/lajunglebijoux.com\/product\/collier-pierres-naturelles-lacher-prise\/"},"modified":"2024-08-24T13:05:26","modified_gmt":"2024-08-24T11:05:26","slug":"collar-agata-rosa","status":"publish","type":"product","link":"https:\/\/lajunglebijoux.com\/es\/producto\/collar-agata-rosa\/","title":{"rendered":"Collar \u00e1gata rosa : soltarse"},"content":{"rendered":"<h2>La piedra natural del collar \u00e1gata rosa.<\/h2>\n<p>El \u00e1gata ayuda a liberarse de la presi\u00f3n que nos rodea. Su collar \u00e1gata rosa te ayudara a estabilizar la ansiedad y equilibrar los pensamientos que a veces pueden divagar.<\/p>\n<h3>Mensaje del collar \u00e1gata rosa:<\/h3>\n<p>Una vez que desaparecen las angustias, la confianza en uno mismo ocupa su lugar para una vida de mujer plena.<\/p>\n<p><!-- notionvc: 46d4f741-5754-42c5-8736-f75c1f75625f --><\/p>\n<p><!-- notionvc: 9f66ef5e-302e-457b-8a1c-ce86c0a3a0fd --><\/p>\n","protected":false},"excerpt":{"rendered":"<h2>Significado del collar \u00e1gata rosa<\/h2>\n<p>La energ\u00eda del color rosa es un camino que nos invita a soltarse, a abrazar el amor para aceptar qui\u00e9nes somos y nuestra feminidad.<\/p>\n<p>Partiendo del coraz\u00f3n, la ternura, la bondad, pero tambi\u00e9n la mirada maravillada de un ni\u00f1o, \u00abver la vida en rosa\u00bb calma el estr\u00e9s, disminuye las preocupaciones, y se recupera la serenidad y la paz mental.<\/p>\n<p><em>Nota:<\/em> En la Edad Media, el rosa era sin\u00f3nimo de virilidad. Solo en el siglo XX se asoci\u00f3 con la mujer.<\/p>\n<p><!-- notionvc: d018eee1-f50d-49c6-935f-88f3d7bc7259 --><strong>Este collar acaba de salir de mi taller en Barcelona. El \u00fanico m\u00e9todo de entrega posible es Mondial Relay. Si eliges el env\u00edo a domicilio, te devolver\u00e9 la diferencia y aun as\u00ed tendr\u00e9 que envi\u00e1rtelo por Mondial Relay.<\/strong><\/p>\n","protected":false},"featured_media":11796,"comment_status":"open","ping_status":"closed","template":"","meta":{"_acf_changed":false},"product_brand":[],"product_cat":[16],"product_tag":[480,478],"class_list":{"0":"post-12585","1":"product","2":"type-product","3":"status-publish","4":"has-post-thumbnail","6":"product_cat-uncategorized","7":"product_tag-menos-de-50e","8":"product_tag-51e-a-100e","9":"pa_modele-collares","10":"pa_modele-collares-gargantillas","11":"pa_theme-joyas-energeticas","12":"pa_theme-piedras-litoterapia","14":"first","15":"outofstock","16":"shipping-taxable","17":"purchasable","18":"product-type-variable"},"acf":[],"gallery_images":[11786,11774,11794,11792,11788,11784,11772,11782,11780,11778,11776],"yoast_head":"<!-- This site is optimized with the Yoast SEO plugin v27.2 - https:\/\/yoast.com\/product\/yoast-seo-wordpress\/ -->\n<title>Collar \u00e1gata rosa : soltarse - La Jungle Bijoux<\/title>\n<meta name=\"description\" content=\"lleva tu collar de \u00e1gata rosa, sin\u00f3nimo de virilidad y te invita a soltarse.\" \/>\n<meta name=\"robots\" content=\"index, follow, max-snippet:-1, max-image-preview:large, max-video-preview:-1\" \/>\n<link rel=\"canonical\" href=\"https:\/\/lajunglebijoux.com\/es\/producto\/collar-agata-rosa\/\" \/>\n<meta property=\"og:locale\" content=\"es_ES\" \/>\n<meta property=\"og:type\" content=\"article\" \/>\n<meta property=\"og:title\" content=\"Collar \u00e1gata rosa : soltarse - La Jungle Bijoux\" \/>\n<meta property=\"og:description\" content=\"lleva tu collar de \u00e1gata rosa, sin\u00f3nimo de virilidad y te invita a soltarse.\" \/>\n<meta property=\"og:url\" content=\"https:\/\/lajunglebijoux.com\/es\/producto\/collar-agata-rosa\/\" \/>\n<meta property=\"og:site_name\" content=\"La Jungle Bijoux\" \/>\n<meta property=\"article:modified_time\" content=\"2024-08-24T11:05:26+00:00\" \/>\n<meta property=\"og:image\" content=\"https:\/\/lajunglebijoux.com\/wp-content\/uploads\/2024\/03\/collier-agate-rose-pierre-naturelle.jpg\" \/>\n\t<meta property=\"og:image:width\" content=\"1500\" \/>\n\t<meta property=\"og:image:height\" content=\"1500\" \/>\n\t<meta property=\"og:image:type\" content=\"image\/jpeg\" \/>\n<meta name=\"twitter:card\" content=\"summary_large_image\" \/>\n<meta name=\"twitter:label1\" content=\"Tiempo de lectura\" \/>\n\t<meta name=\"twitter:data1\" content=\"1 minuto\" \/>\n<script type=\"application\/ld+json\" class=\"yoast-schema-graph\">{\"@context\":\"https:\/\/schema.org\",\"@graph\":[{\"@type\":\"WebPage\",\"@id\":\"https:\/\/lajunglebijoux.com\/es\/producto\/collar-agata-rosa\/\",\"url\":\"https:\/\/lajunglebijoux.com\/es\/producto\/collar-agata-rosa\/\",\"name\":\"Collar \u00e1gata rosa : soltarse - La Jungle Bijoux\",\"isPartOf\":{\"@id\":\"https:\/\/lajunglebijoux.com\/es\/#website\"},\"primaryImageOfPage\":{\"@id\":\"https:\/\/lajunglebijoux.com\/es\/producto\/collar-agata-rosa\/#primaryimage\"},\"image\":{\"@id\":\"https:\/\/lajunglebijoux.com\/es\/producto\/collar-agata-rosa\/#primaryimage\"},\"thumbnailUrl\":\"https:\/\/lajunglebijoux.com\/wp-content\/uploads\/2024\/03\/collier-agate-rose-pierre-naturelle.jpg\",\"datePublished\":\"2024-03-14T11:41:41+00:00\",\"dateModified\":\"2024-08-24T11:05:26+00:00\",\"description\":\"lleva tu collar de \u00e1gata rosa, sin\u00f3nimo de virilidad y te invita a soltarse.\",\"breadcrumb\":{\"@id\":\"https:\/\/lajunglebijoux.com\/es\/producto\/collar-agata-rosa\/#breadcrumb\"},\"inLanguage\":\"es\",\"potentialAction\":[{\"@type\":\"ReadAction\",\"target\":[\"https:\/\/lajunglebijoux.com\/es\/producto\/collar-agata-rosa\/\"]}]},{\"@type\":\"ImageObject\",\"inLanguage\":\"es\",\"@id\":\"https:\/\/lajunglebijoux.com\/es\/producto\/collar-agata-rosa\/#primaryimage\",\"url\":\"https:\/\/lajunglebijoux.com\/wp-content\/uploads\/2024\/03\/collier-agate-rose-pierre-naturelle.jpg\",\"contentUrl\":\"https:\/\/lajunglebijoux.com\/wp-content\/uploads\/2024\/03\/collier-agate-rose-pierre-naturelle.jpg\",\"width\":1500,\"height\":1500,\"caption\":\"collier agate rose pierre naturelle\"},{\"@type\":\"BreadcrumbList\",\"@id\":\"https:\/\/lajunglebijoux.com\/es\/producto\/collar-agata-rosa\/#breadcrumb\",\"itemListElement\":[{\"@type\":\"ListItem\",\"position\":1,\"name\":\"Portada\",\"item\":\"https:\/\/lajunglebijoux.com\/es\/\"},{\"@type\":\"ListItem\",\"position\":2,\"name\":\"Productos\",\"item\":\"https:\/\/lajunglebijoux.com\/es\/shop\/\"},{\"@type\":\"ListItem\",\"position\":3,\"name\":\"Collar \u00e1gata rosa : soltarse\"}]},{\"@type\":\"WebSite\",\"@id\":\"https:\/\/lajunglebijoux.com\/es\/#website\",\"url\":\"https:\/\/lajunglebijoux.com\/es\/\",\"name\":\"La Jungle Bijoux\",\"description\":\"\",\"publisher\":{\"@id\":\"https:\/\/lajunglebijoux.com\/es\/#organization\"},\"potentialAction\":[{\"@type\":\"SearchAction\",\"target\":{\"@type\":\"EntryPoint\",\"urlTemplate\":\"https:\/\/lajunglebijoux.com\/es\/?s={search_term_string}\"},\"query-input\":{\"@type\":\"PropertyValueSpecification\",\"valueRequired\":true,\"valueName\":\"search_term_string\"}}],\"inLanguage\":\"es\"},{\"@type\":\"Organization\",\"@id\":\"https:\/\/lajunglebijoux.com\/es\/#organization\",\"name\":\"La Jungle Bijoux\",\"url\":\"https:\/\/lajunglebijoux.com\/es\/\",\"logo\":{\"@type\":\"ImageObject\",\"inLanguage\":\"es\",\"@id\":\"https:\/\/lajunglebijoux.com\/es\/#\/schema\/logo\/image\/\",\"url\":\"https:\/\/lajunglebijoux.com\/wp-content\/uploads\/2023\/01\/LOGO-FINAL-Fonce.jpg\",\"contentUrl\":\"https:\/\/lajunglebijoux.com\/wp-content\/uploads\/2023\/01\/LOGO-FINAL-Fonce.jpg\",\"width\":900,\"height\":900,\"caption\":\"La Jungle Bijoux\"},\"image\":{\"@id\":\"https:\/\/lajunglebijoux.com\/es\/#\/schema\/logo\/image\/\"}}]}<\/script>\n<!-- \/ Yoast SEO plugin. -->","yoast_head_json":{"title":"Collar \u00e1gata rosa : soltarse - La Jungle Bijoux","description":"lleva tu collar de \u00e1gata rosa, sin\u00f3nimo de virilidad y te invita a soltarse.","robots":{"index":"index","follow":"follow","max-snippet":"max-snippet:-1","max-image-preview":"max-image-preview:large","max-video-preview":"max-video-preview:-1"},"canonical":"https:\/\/lajunglebijoux.com\/es\/producto\/collar-agata-rosa\/","og_locale":"es_ES","og_type":"article","og_title":"Collar \u00e1gata rosa : soltarse - La Jungle Bijoux","og_description":"lleva tu collar de \u00e1gata rosa, sin\u00f3nimo de virilidad y te invita a soltarse.","og_url":"https:\/\/lajunglebijoux.com\/es\/producto\/collar-agata-rosa\/","og_site_name":"La Jungle Bijoux","article_modified_time":"2024-08-24T11:05:26+00:00","og_image":[{"width":1500,"height":1500,"url":"https:\/\/lajunglebijoux.com\/wp-content\/uploads\/2024\/03\/collier-agate-rose-pierre-naturelle.jpg","type":"image\/jpeg"}],"twitter_card":"summary_large_image","twitter_misc":{"Tiempo de lectura":"1 minuto"},"schema":{"@context":"https:\/\/schema.org","@graph":[{"@type":"WebPage","@id":"https:\/\/lajunglebijoux.com\/es\/producto\/collar-agata-rosa\/","url":"https:\/\/lajunglebijoux.com\/es\/producto\/collar-agata-rosa\/","name":"Collar \u00e1gata rosa : soltarse - La Jungle Bijoux","isPartOf":{"@id":"https:\/\/lajunglebijoux.com\/es\/#website"},"primaryImageOfPage":{"@id":"https:\/\/lajunglebijoux.com\/es\/producto\/collar-agata-rosa\/#primaryimage"},"image":{"@id":"https:\/\/lajunglebijoux.com\/es\/producto\/collar-agata-rosa\/#primaryimage"},"thumbnailUrl":"https:\/\/lajunglebijoux.com\/wp-content\/uploads\/2024\/03\/collier-agate-rose-pierre-naturelle.jpg","datePublished":"2024-03-14T11:41:41+00:00","dateModified":"2024-08-24T11:05:26+00:00","description":"lleva tu collar de \u00e1gata rosa, sin\u00f3nimo de virilidad y te invita a soltarse.","breadcrumb":{"@id":"https:\/\/lajunglebijoux.com\/es\/producto\/collar-agata-rosa\/#breadcrumb"},"inLanguage":"es","potentialAction":[{"@type":"ReadAction","target":["https:\/\/lajunglebijoux.com\/es\/producto\/collar-agata-rosa\/"]}]},{"@type":"ImageObject","inLanguage":"es","@id":"https:\/\/lajunglebijoux.com\/es\/producto\/collar-agata-rosa\/#primaryimage","url":"https:\/\/lajunglebijoux.com\/wp-content\/uploads\/2024\/03\/collier-agate-rose-pierre-naturelle.jpg","contentUrl":"https:\/\/lajunglebijoux.com\/wp-content\/uploads\/2024\/03\/collier-agate-rose-pierre-naturelle.jpg","width":1500,"height":1500,"caption":"collier agate rose pierre naturelle"},{"@type":"BreadcrumbList","@id":"https:\/\/lajunglebijoux.com\/es\/producto\/collar-agata-rosa\/#breadcrumb","itemListElement":[{"@type":"ListItem","position":1,"name":"Portada","item":"https:\/\/lajunglebijoux.com\/es\/"},{"@type":"ListItem","position":2,"name":"Productos","item":"https:\/\/lajunglebijoux.com\/es\/shop\/"},{"@type":"ListItem","position":3,"name":"Collar \u00e1gata rosa : soltarse"}]},{"@type":"WebSite","@id":"https:\/\/lajunglebijoux.com\/es\/#website","url":"https:\/\/lajunglebijoux.com\/es\/","name":"La Jungle Bijoux","description":"","publisher":{"@id":"https:\/\/lajunglebijoux.com\/es\/#organization"},"potentialAction":[{"@type":"SearchAction","target":{"@type":"EntryPoint","urlTemplate":"https:\/\/lajunglebijoux.com\/es\/?s={search_term_string}"},"query-input":{"@type":"PropertyValueSpecification","valueRequired":true,"valueName":"search_term_string"}}],"inLanguage":"es"},{"@type":"Organization","@id":"https:\/\/lajunglebijoux.com\/es\/#organization","name":"La Jungle Bijoux","url":"https:\/\/lajunglebijoux.com\/es\/","logo":{"@type":"ImageObject","inLanguage":"es","@id":"https:\/\/lajunglebijoux.com\/es\/#\/schema\/logo\/image\/","url":"https:\/\/lajunglebijoux.com\/wp-content\/uploads\/2023\/01\/LOGO-FINAL-Fonce.jpg","contentUrl":"https:\/\/lajunglebijoux.com\/wp-content\/uploads\/2023\/01\/LOGO-FINAL-Fonce.jpg","width":900,"height":900,"caption":"La Jungle Bijoux"},"image":{"@id":"https:\/\/lajunglebijoux.com\/es\/#\/schema\/logo\/image\/"}}]}},"_links":{"self":[{"href":"https:\/\/lajunglebijoux.com\/es\/wp-json\/wp\/v2\/product\/12585","targetHints":{"allow":["GET"]}}],"collection":[{"href":"https:\/\/lajunglebijoux.com\/es\/wp-json\/wp\/v2\/product"}],"about":[{"href":"https:\/\/lajunglebijoux.com\/es\/wp-json\/wp\/v2\/types\/product"}],"replies":[{"embeddable":true,"href":"https:\/\/lajunglebijoux.com\/es\/wp-json\/wp\/v2\/comments?post=12585"}],"version-history":[{"count":0,"href":"https:\/\/lajunglebijoux.com\/es\/wp-json\/wp\/v2\/product\/12585\/revisions"}],"wp:featuredmedia":[{"embeddable":true,"href":"https:\/\/lajunglebijoux.com\/es\/wp-json\/wp\/v2\/media\/11796"}],"wp:attachment":[{"href":"https:\/\/lajunglebijoux.com\/es\/wp-json\/wp\/v2\/media?parent=12585"}],"wp:term":[{"taxonomy":"product_brand","embeddable":true,"href":"https:\/\/lajunglebijoux.com\/es\/wp-json\/wp\/v2\/product_brand?post=12585"},{"taxonomy":"product_cat","embeddable":true,"href":"https:\/\/lajunglebijoux.com\/es\/wp-json\/wp\/v2\/product_cat?post=12585"},{"taxonomy":"product_tag","embeddable":true,"href":"https:\/\/lajunglebijoux.com\/es\/wp-json\/wp\/v2\/product_tag?post=12585"}],"curies":[{"name":"wp","href":"https:\/\/api.w.org\/{rel}","templated":true}]}}