{"id":12582,"date":"2023-11-09T21:01:19","date_gmt":"2023-11-09T19:01:19","guid":{"rendered":"https:\/\/lajunglebijoux.com\/product\/boucles-puces-abeilles\/"},"modified":"2024-08-24T12:58:46","modified_gmt":"2024-08-24T10:58:46","slug":"pendientes-abeja-oro","status":"publish","type":"product","link":"https:\/\/lajunglebijoux.com\/es\/producto\/pendientes-abeja-oro\/","title":{"rendered":"Pendientes abejas oro &#8211; simbolo de protecci\u00f3n"},"content":{"rendered":"<h2><strong>La simbolog\u00eda de los pendientes abeja oro<\/strong><\/h2>\n<h3><strong>La abeja en joyer\u00eda, simbolo de protecci\u00f3n<\/strong><\/h3>\n<p>He creado estos pendientes abejas oro simbolo de protecci\u00f3n para evocarte que tienes todos los recursos dentro de ti para tener \u00e9xito en tus proyectos y vivir en la abundancia. Al igual que la abeja protege su colmena, eres capaz de establecer l\u00edmites saludables para proteger tu energ\u00eda. La abeja es un s\u00edmbolo de protecci\u00f3n tanto terrenal, muy arraigado en la realidad, como sagrado, divino, espiritual, lo cual encuentro fascinante.<\/p>\n<h3>\u00bfPor qu\u00e9 los pendientes abeja oro simbolizan la abundancia?<\/h3>\n<p>La abeja es un s\u00edmbolo de protecci\u00f3n pero tambien de construcci\u00f3n y trabajo bien hecho, as\u00ed como de prosperidad, ya que son las abejas las que permiten el buen funcionamiento de los ciclos de la naturaleza. Los pendientes abejas oro te invitan a creer en lo que realmente te importa. Recordando por qu\u00e9 aspiras a una vida de cierto tipo, encontrar\u00e1s dentro de ti la fuerza y vitalidad necesarias para avanzar con perseverancia hacia lo que te hace vibrar. Los pendientes abejas oro pueden brindarte confianza y seguridad. Pueden ser un talism\u00e1n de apoyo ante las tareas m\u00e1s dif\u00edciles.<\/p>\n<p>Finalmente, el color dorado de los pendientes abejas oro tambi\u00e9n significa abundancia, prosperidad, \u00e9xito y espiritualidad.<\/p>\n<h3><strong>Los pendientes abejas oro, s\u00edmbolo de dulzura hacia ti mismo<\/strong><\/h3>\n<p>Los pendientes abejas oro tambien llevan como s\u00edmbolo de protecci\u00f3n, la dulzura de vivir y de la curaci\u00f3n a trav\u00e9s de su miel dulce y preciosa. En armon\u00eda con los ritmos de la naturaleza, la abeja nos lleva a reconectar con nuestro propio ritmo para disfrutar plenamente de la vida porque la abundancia ya est\u00e1 dentro de ti, en tu mundo interior, en tu colmena interior. \u00a1Con\u00e9ctate con la dulzura de tus pendientes abejas oro! \ud83d\udc1d<\/p>\n<p><!-- notionvc: 175acc84-16ec-43f6-a18d-32df5339ff11 --><\/p>\n","protected":false},"excerpt":{"rendered":"<p>Estos pendientes abejas oro te gu\u00edan para reconectar con tu poder creativo. Est\u00e1n fabricados mediante la t\u00e9cnica artesanal de la fundici\u00f3n a la cera perdida y est\u00e1n ba\u00f1ados con una capa de alta resistencia de <strong>oro de 24 quilates<\/strong> (el oro m\u00e1s puro) <strong>sin n\u00edquel ni cadmio<\/strong>. Los pasadores de los pendientes abejas oro son de acero quir\u00fargico para evitar problemas de alergia y, por lo tanto, tienen un color plateado.<\/p>\n<p>Verdaderos talismanes, simbolo de protecci\u00f3n, los pendientes abejas oro s\u00edmbolizan la abundancia.<\/p>\n<p>El simbolo de proteccion <s>del<\/s> de los pendientes abejas oro es como un booster de positividad para tu moral cada vez que llevas puestos tu joya. Pueden recordarte el simbolo de proteccion m\u00e1s conocido de la abeja, que es la perseverancia, la resistencia y la tenacidad, al igual que la de su miel, que es la dulzura de vivir.<\/p>\n<p><strong>Se venden a elecci\u00f3n en par o individualmente.<\/strong><\/p>\n<h2>Consejos para el cuidado de tus pendientes abejas oro<\/h2>\n<p>Para cuidar y mantener el brillo de tus pendientes abejas oro durante el mayor tiempo posible, te recomiendo que siempre los guardes en la bolsa de tela reciclada que se proporciona al momento de la entrega. Es mejor quitar tus pendientes abeja oro antes de dormir o de practicar actividad f\u00edsica. Por \u00faltimo, para conservar el brillo y la belleza de tus pendientes abejas oro, evita el contacto con el agua de mar, de piscina y los productos cosm\u00e9ticos como cremas o perfumes. <strong><a href=\"https:\/\/lajunglebijoux.com\/conseils-dentretien\/\">Encuentra todos los consejos de cuidado aqu\u00ed<\/a><\/strong> as\u00ed como en tu paquete.<\/p>\n<p><!-- notionvc: 2dd46d34-388d-4739-ac9d-600ab2a6f35f --><\/p>\n","protected":false},"featured_media":10747,"comment_status":"open","ping_status":"closed","template":"","meta":{"_acf_changed":false},"product_brand":[],"product_cat":[444],"product_tag":[480],"class_list":{"0":"post-12582","1":"product","2":"type-product","3":"status-publish","4":"has-post-thumbnail","6":"product_cat-camino-de-colores-es","7":"product_tag-menos-de-50e","8":"pa_modele-pendientes","9":"pa_theme-joyas-naturaleza","11":"first","12":"instock","13":"shipping-taxable","14":"purchasable","15":"product-type-variable"},"acf":[],"gallery_images":[10771,10775,12323,10777,10773,10767,12327,12329,12331,10769],"yoast_head":"<!-- This site is optimized with the Yoast SEO plugin v27.2 - https:\/\/yoast.com\/product\/yoast-seo-wordpress\/ -->\n<title>Pendientes abejas oro - simbolo de protecci\u00f3n - La Jungle Bijoux<\/title>\n<meta name=\"description\" content=\"Reconecta con tu fuerza creativa con los pendientes abeja, joyas protectoras que son un aut\u00e9ntico s\u00edmbolo de abundancia.\" \/>\n<meta name=\"robots\" content=\"index, follow, max-snippet:-1, max-image-preview:large, max-video-preview:-1\" \/>\n<link rel=\"canonical\" href=\"https:\/\/lajunglebijoux.com\/es\/producto\/pendientes-abeja-oro\/\" \/>\n<meta property=\"og:locale\" content=\"es_ES\" \/>\n<meta property=\"og:type\" content=\"article\" \/>\n<meta property=\"og:title\" content=\"Pendientes abejas oro - simbolo de protecci\u00f3n - La Jungle Bijoux\" \/>\n<meta property=\"og:description\" content=\"Reconecta con tu fuerza creativa con los pendientes abeja, joyas protectoras que son un aut\u00e9ntico s\u00edmbolo de abundancia.\" \/>\n<meta property=\"og:url\" content=\"https:\/\/lajunglebijoux.com\/es\/producto\/pendientes-abeja-oro\/\" \/>\n<meta property=\"og:site_name\" content=\"La Jungle Bijoux\" \/>\n<meta property=\"article:modified_time\" content=\"2024-08-24T10:58:46+00:00\" \/>\n<meta property=\"og:image\" content=\"https:\/\/lajunglebijoux.com\/wp-content\/uploads\/2023\/11\/20231029_114701.jpg\" \/>\n\t<meta property=\"og:image:width\" content=\"1300\" \/>\n\t<meta property=\"og:image:height\" content=\"1302\" \/>\n\t<meta property=\"og:image:type\" content=\"image\/jpeg\" \/>\n<meta name=\"twitter:card\" content=\"summary_large_image\" \/>\n<meta name=\"twitter:label1\" content=\"Tiempo de lectura\" \/>\n\t<meta name=\"twitter:data1\" content=\"2 minutos\" \/>\n<script type=\"application\/ld+json\" class=\"yoast-schema-graph\">{\"@context\":\"https:\/\/schema.org\",\"@graph\":[{\"@type\":\"WebPage\",\"@id\":\"https:\/\/lajunglebijoux.com\/es\/producto\/pendientes-abeja-oro\/\",\"url\":\"https:\/\/lajunglebijoux.com\/es\/producto\/pendientes-abeja-oro\/\",\"name\":\"Pendientes abejas oro - simbolo de protecci\u00f3n - La Jungle Bijoux\",\"isPartOf\":{\"@id\":\"https:\/\/lajunglebijoux.com\/es\/#website\"},\"primaryImageOfPage\":{\"@id\":\"https:\/\/lajunglebijoux.com\/es\/producto\/pendientes-abeja-oro\/#primaryimage\"},\"image\":{\"@id\":\"https:\/\/lajunglebijoux.com\/es\/producto\/pendientes-abeja-oro\/#primaryimage\"},\"thumbnailUrl\":\"https:\/\/lajunglebijoux.com\/wp-content\/uploads\/2023\/11\/20231029_114701.jpg\",\"datePublished\":\"2023-11-09T19:01:19+00:00\",\"dateModified\":\"2024-08-24T10:58:46+00:00\",\"description\":\"Reconecta con tu fuerza creativa con los pendientes abeja, joyas protectoras que son un aut\u00e9ntico s\u00edmbolo de abundancia.\",\"breadcrumb\":{\"@id\":\"https:\/\/lajunglebijoux.com\/es\/producto\/pendientes-abeja-oro\/#breadcrumb\"},\"inLanguage\":\"es\",\"potentialAction\":[{\"@type\":\"ReadAction\",\"target\":[\"https:\/\/lajunglebijoux.com\/es\/producto\/pendientes-abeja-oro\/\"]}]},{\"@type\":\"ImageObject\",\"inLanguage\":\"es\",\"@id\":\"https:\/\/lajunglebijoux.com\/es\/producto\/pendientes-abeja-oro\/#primaryimage\",\"url\":\"https:\/\/lajunglebijoux.com\/wp-content\/uploads\/2023\/11\/20231029_114701.jpg\",\"contentUrl\":\"https:\/\/lajunglebijoux.com\/wp-content\/uploads\/2023\/11\/20231029_114701.jpg\",\"width\":1300,\"height\":1302,\"caption\":\"boucles d'oreilles abeilles puces bijoux de protection\"},{\"@type\":\"BreadcrumbList\",\"@id\":\"https:\/\/lajunglebijoux.com\/es\/producto\/pendientes-abeja-oro\/#breadcrumb\",\"itemListElement\":[{\"@type\":\"ListItem\",\"position\":1,\"name\":\"Portada\",\"item\":\"https:\/\/lajunglebijoux.com\/es\/\"},{\"@type\":\"ListItem\",\"position\":2,\"name\":\"Productos\",\"item\":\"https:\/\/lajunglebijoux.com\/es\/shop\/\"},{\"@type\":\"ListItem\",\"position\":3,\"name\":\"Pendientes abejas oro &#8211; simbolo de protecci\u00f3n\"}]},{\"@type\":\"WebSite\",\"@id\":\"https:\/\/lajunglebijoux.com\/es\/#website\",\"url\":\"https:\/\/lajunglebijoux.com\/es\/\",\"name\":\"La Jungle Bijoux\",\"description\":\"\",\"publisher\":{\"@id\":\"https:\/\/lajunglebijoux.com\/es\/#organization\"},\"potentialAction\":[{\"@type\":\"SearchAction\",\"target\":{\"@type\":\"EntryPoint\",\"urlTemplate\":\"https:\/\/lajunglebijoux.com\/es\/?s={search_term_string}\"},\"query-input\":{\"@type\":\"PropertyValueSpecification\",\"valueRequired\":true,\"valueName\":\"search_term_string\"}}],\"inLanguage\":\"es\"},{\"@type\":\"Organization\",\"@id\":\"https:\/\/lajunglebijoux.com\/es\/#organization\",\"name\":\"La Jungle Bijoux\",\"url\":\"https:\/\/lajunglebijoux.com\/es\/\",\"logo\":{\"@type\":\"ImageObject\",\"inLanguage\":\"es\",\"@id\":\"https:\/\/lajunglebijoux.com\/es\/#\/schema\/logo\/image\/\",\"url\":\"https:\/\/lajunglebijoux.com\/wp-content\/uploads\/2023\/01\/LOGO-FINAL-Fonce.jpg\",\"contentUrl\":\"https:\/\/lajunglebijoux.com\/wp-content\/uploads\/2023\/01\/LOGO-FINAL-Fonce.jpg\",\"width\":900,\"height\":900,\"caption\":\"La Jungle Bijoux\"},\"image\":{\"@id\":\"https:\/\/lajunglebijoux.com\/es\/#\/schema\/logo\/image\/\"}}]}<\/script>\n<!-- \/ Yoast SEO plugin. -->","yoast_head_json":{"title":"Pendientes abejas oro - simbolo de protecci\u00f3n - La Jungle Bijoux","description":"Reconecta con tu fuerza creativa con los pendientes abeja, joyas protectoras que son un aut\u00e9ntico s\u00edmbolo de abundancia.","robots":{"index":"index","follow":"follow","max-snippet":"max-snippet:-1","max-image-preview":"max-image-preview:large","max-video-preview":"max-video-preview:-1"},"canonical":"https:\/\/lajunglebijoux.com\/es\/producto\/pendientes-abeja-oro\/","og_locale":"es_ES","og_type":"article","og_title":"Pendientes abejas oro - simbolo de protecci\u00f3n - La Jungle Bijoux","og_description":"Reconecta con tu fuerza creativa con los pendientes abeja, joyas protectoras que son un aut\u00e9ntico s\u00edmbolo de abundancia.","og_url":"https:\/\/lajunglebijoux.com\/es\/producto\/pendientes-abeja-oro\/","og_site_name":"La Jungle Bijoux","article_modified_time":"2024-08-24T10:58:46+00:00","og_image":[{"width":1300,"height":1302,"url":"https:\/\/lajunglebijoux.com\/wp-content\/uploads\/2023\/11\/20231029_114701.jpg","type":"image\/jpeg"}],"twitter_card":"summary_large_image","twitter_misc":{"Tiempo de lectura":"2 minutos"},"schema":{"@context":"https:\/\/schema.org","@graph":[{"@type":"WebPage","@id":"https:\/\/lajunglebijoux.com\/es\/producto\/pendientes-abeja-oro\/","url":"https:\/\/lajunglebijoux.com\/es\/producto\/pendientes-abeja-oro\/","name":"Pendientes abejas oro - simbolo de protecci\u00f3n - La Jungle Bijoux","isPartOf":{"@id":"https:\/\/lajunglebijoux.com\/es\/#website"},"primaryImageOfPage":{"@id":"https:\/\/lajunglebijoux.com\/es\/producto\/pendientes-abeja-oro\/#primaryimage"},"image":{"@id":"https:\/\/lajunglebijoux.com\/es\/producto\/pendientes-abeja-oro\/#primaryimage"},"thumbnailUrl":"https:\/\/lajunglebijoux.com\/wp-content\/uploads\/2023\/11\/20231029_114701.jpg","datePublished":"2023-11-09T19:01:19+00:00","dateModified":"2024-08-24T10:58:46+00:00","description":"Reconecta con tu fuerza creativa con los pendientes abeja, joyas protectoras que son un aut\u00e9ntico s\u00edmbolo de abundancia.","breadcrumb":{"@id":"https:\/\/lajunglebijoux.com\/es\/producto\/pendientes-abeja-oro\/#breadcrumb"},"inLanguage":"es","potentialAction":[{"@type":"ReadAction","target":["https:\/\/lajunglebijoux.com\/es\/producto\/pendientes-abeja-oro\/"]}]},{"@type":"ImageObject","inLanguage":"es","@id":"https:\/\/lajunglebijoux.com\/es\/producto\/pendientes-abeja-oro\/#primaryimage","url":"https:\/\/lajunglebijoux.com\/wp-content\/uploads\/2023\/11\/20231029_114701.jpg","contentUrl":"https:\/\/lajunglebijoux.com\/wp-content\/uploads\/2023\/11\/20231029_114701.jpg","width":1300,"height":1302,"caption":"boucles d'oreilles abeilles puces bijoux de protection"},{"@type":"BreadcrumbList","@id":"https:\/\/lajunglebijoux.com\/es\/producto\/pendientes-abeja-oro\/#breadcrumb","itemListElement":[{"@type":"ListItem","position":1,"name":"Portada","item":"https:\/\/lajunglebijoux.com\/es\/"},{"@type":"ListItem","position":2,"name":"Productos","item":"https:\/\/lajunglebijoux.com\/es\/shop\/"},{"@type":"ListItem","position":3,"name":"Pendientes abejas oro &#8211; simbolo de protecci\u00f3n"}]},{"@type":"WebSite","@id":"https:\/\/lajunglebijoux.com\/es\/#website","url":"https:\/\/lajunglebijoux.com\/es\/","name":"La Jungle Bijoux","description":"","publisher":{"@id":"https:\/\/lajunglebijoux.com\/es\/#organization"},"potentialAction":[{"@type":"SearchAction","target":{"@type":"EntryPoint","urlTemplate":"https:\/\/lajunglebijoux.com\/es\/?s={search_term_string}"},"query-input":{"@type":"PropertyValueSpecification","valueRequired":true,"valueName":"search_term_string"}}],"inLanguage":"es"},{"@type":"Organization","@id":"https:\/\/lajunglebijoux.com\/es\/#organization","name":"La Jungle Bijoux","url":"https:\/\/lajunglebijoux.com\/es\/","logo":{"@type":"ImageObject","inLanguage":"es","@id":"https:\/\/lajunglebijoux.com\/es\/#\/schema\/logo\/image\/","url":"https:\/\/lajunglebijoux.com\/wp-content\/uploads\/2023\/01\/LOGO-FINAL-Fonce.jpg","contentUrl":"https:\/\/lajunglebijoux.com\/wp-content\/uploads\/2023\/01\/LOGO-FINAL-Fonce.jpg","width":900,"height":900,"caption":"La Jungle Bijoux"},"image":{"@id":"https:\/\/lajunglebijoux.com\/es\/#\/schema\/logo\/image\/"}}]}},"_links":{"self":[{"href":"https:\/\/lajunglebijoux.com\/es\/wp-json\/wp\/v2\/product\/12582","targetHints":{"allow":["GET"]}}],"collection":[{"href":"https:\/\/lajunglebijoux.com\/es\/wp-json\/wp\/v2\/product"}],"about":[{"href":"https:\/\/lajunglebijoux.com\/es\/wp-json\/wp\/v2\/types\/product"}],"replies":[{"embeddable":true,"href":"https:\/\/lajunglebijoux.com\/es\/wp-json\/wp\/v2\/comments?post=12582"}],"version-history":[{"count":0,"href":"https:\/\/lajunglebijoux.com\/es\/wp-json\/wp\/v2\/product\/12582\/revisions"}],"wp:featuredmedia":[{"embeddable":true,"href":"https:\/\/lajunglebijoux.com\/es\/wp-json\/wp\/v2\/media\/10747"}],"wp:attachment":[{"href":"https:\/\/lajunglebijoux.com\/es\/wp-json\/wp\/v2\/media?parent=12582"}],"wp:term":[{"taxonomy":"product_brand","embeddable":true,"href":"https:\/\/lajunglebijoux.com\/es\/wp-json\/wp\/v2\/product_brand?post=12582"},{"taxonomy":"product_cat","embeddable":true,"href":"https:\/\/lajunglebijoux.com\/es\/wp-json\/wp\/v2\/product_cat?post=12582"},{"taxonomy":"product_tag","embeddable":true,"href":"https:\/\/lajunglebijoux.com\/es\/wp-json\/wp\/v2\/product_tag?post=12582"}],"curies":[{"name":"wp","href":"https:\/\/api.w.org\/{rel}","templated":true}]}}