{"id":12573,"date":"2023-11-10T19:34:02","date_gmt":"2023-11-10T17:34:02","guid":{"rendered":"https:\/\/lajunglebijoux.com\/product\/boucles-doreilles-croix-agadez\/"},"modified":"2024-08-24T13:06:37","modified_gmt":"2024-08-24T11:06:37","slug":"pendientes-tuareg-naranja","status":"publish","type":"product","link":"https:\/\/lajunglebijoux.com\/es\/producto\/pendientes-tuareg-naranja\/","title":{"rendered":"Cruz de Agadez &#8211; pendientes Tuareg naranja"},"content":{"rendered":"<h2>Consejos de mantenimiento para tus pendientes Tuareg:<\/h2>\n<p>Esta colecci\u00f3n es un homenaje a la artesan\u00eda Tuareg, uno de los elementos que me llev\u00f3 a estudiar y formarme en joyer\u00eda y, por lo tanto, a crear La Jungle. <strong>En respeto a las tradiciones tuareg<\/strong>, tambi\u00e9n eleg\u00ed fabricar los pendientes Tuareg en <strong>metal extremadamente duradero y en su mayor pureza, lat\u00f3n crudo<\/strong>. <strong>Muy f\u00e1cil de mantener para que conserve su majestuoso dorado y toda su luminosidad<\/strong>, <strong><a href=\"https:\/\/lajunglebijoux.com\/conseils-dentretien\/\">encontrar\u00e1s todas las indicaciones aqu\u00ed<\/a><\/strong> y en tu paquete al realizar el pedido.<\/p>\n<h2>La inspiracion de los pendientes Tuareg :<\/h2>\n<p>Te cuento todo sobre la cruz tuareg de Agadez, su significado y la historia de esta colecci\u00f3n Camino de colores, con sinceridad, emociones y vulnerabilidad <strong><a href=\"https:\/\/lajunglebijoux.com\/collection\/bijoux-touaregs\/\">justo aqu\u00ed<\/a><\/strong>.<\/p>\n<p><!-- notionvc: 263b977f-f6e2-4267-9bc3-69947125f82a --><\/p>\n","protected":false},"excerpt":{"rendered":"<p>As\u00ed como su pueblo n\u00f3mada, el significado de la cruz Tuareg de Agadez es el viaje. Ahora es tu turno de dar la bienvenida a estos pendientes en tu camino, de crear tu propia historia de amor hacia la vida, en compa\u00f1\u00eda de tu nuevo amuleto talism\u00e1n, los pendientes Tuareg.<\/p>\n<h2>Signigicado de la cruz Tuareg de Agadez y del color naranja:<\/h2>\n<p>Tradicionalmente, la cruz Tuareg de Agadez se usaba como collar o broche para sostener un velo.. Pero su simbolismo es el de una br\u00fajula que gu\u00eda hacia el amor. Como seres humanos, somos guiados por nuestros 5 sentidos, incluyendo el o\u00eddo. Tu cuerpo es tu br\u00fajula para mantener el equilibrio. Usar esta Cruz de Agadez como pendientes Tuareg te brinda gratitud y reconocimiento hacia este cuerpo que te permite el viaje diario que es la vida.<\/p>\n<p>Con su c\u00e1lido brillo, <strong>los cristales de vidrio reciclado naranja<\/strong> de estos pendientes Tuareg tienen un significado muy poderoso. La puesta de sol, las llamas&#8230; El naranja, mezcla de rojo y amarillo, es el color din\u00e1mico de la alegr\u00eda de vivir, de la fluidez y del movimiento de las emociones y del cuerpo. Una bella met\u00e1fora de un viaje interior y exterior en armon\u00eda con el tanaghilt, antiguo nombre de la cruz Tuareg de Agadez con significado \u00abvida que fluye\u00bb.<\/p>\n<p><!-- notionvc: b9daab38-f1b3-4648-8306-3a45530dd171 --><\/p>\n","protected":false},"featured_media":10803,"comment_status":"open","ping_status":"closed","template":"","meta":{"_acf_changed":false},"product_brand":[],"product_cat":[444],"product_tag":[478],"class_list":{"0":"post-12573","1":"product","2":"type-product","3":"status-publish","4":"has-post-thumbnail","6":"product_cat-camino-de-colores-es","7":"product_tag-51e-a-100e","8":"pa_modele-pendientes","9":"pa_theme-estilo-vintage","11":"first","12":"instock","13":"shipping-taxable","14":"purchasable","15":"product-type-simple"},"acf":[],"gallery_images":[10788,10756,10750,10807,10762],"yoast_head":"<!-- This site is optimized with the Yoast SEO plugin v27.2 - https:\/\/yoast.com\/product\/yoast-seo-wordpress\/ -->\n<title>Cruz de Agadez - pendientes Tuareg naranja - La Jungle Bijoux<\/title>\n<meta name=\"description\" content=\"Con sus cristales naranja, estos pendientes Tuareg del cruz de Agadez son la br\u00fajula de tu viaje interior.\" \/>\n<meta name=\"robots\" content=\"index, follow, max-snippet:-1, max-image-preview:large, max-video-preview:-1\" \/>\n<link rel=\"canonical\" href=\"https:\/\/lajunglebijoux.com\/es\/producto\/pendientes-tuareg-naranja\/\" \/>\n<meta property=\"og:locale\" content=\"es_ES\" \/>\n<meta property=\"og:type\" content=\"article\" \/>\n<meta property=\"og:title\" content=\"Cruz de Agadez - pendientes Tuareg naranja - La Jungle Bijoux\" \/>\n<meta property=\"og:description\" content=\"Con sus cristales naranja, estos pendientes Tuareg del cruz de Agadez son la br\u00fajula de tu viaje interior.\" \/>\n<meta property=\"og:url\" content=\"https:\/\/lajunglebijoux.com\/es\/producto\/pendientes-tuareg-naranja\/\" \/>\n<meta property=\"og:site_name\" content=\"La Jungle Bijoux\" \/>\n<meta property=\"article:modified_time\" content=\"2024-08-24T11:06:37+00:00\" \/>\n<meta property=\"og:image\" content=\"https:\/\/lajunglebijoux.com\/wp-content\/uploads\/2023\/11\/boucle-d-oreilles-croix-agadez-oranges-1.jpg\" \/>\n\t<meta property=\"og:image:width\" content=\"899\" \/>\n\t<meta property=\"og:image:height\" content=\"900\" \/>\n\t<meta property=\"og:image:type\" content=\"image\/jpeg\" \/>\n<meta name=\"twitter:card\" content=\"summary_large_image\" \/>\n<meta name=\"twitter:label1\" content=\"Tiempo de lectura\" \/>\n\t<meta name=\"twitter:data1\" content=\"1 minuto\" \/>\n<script type=\"application\/ld+json\" class=\"yoast-schema-graph\">{\"@context\":\"https:\/\/schema.org\",\"@graph\":[{\"@type\":\"WebPage\",\"@id\":\"https:\/\/lajunglebijoux.com\/es\/producto\/pendientes-tuareg-naranja\/\",\"url\":\"https:\/\/lajunglebijoux.com\/es\/producto\/pendientes-tuareg-naranja\/\",\"name\":\"Cruz de Agadez - pendientes Tuareg naranja - La Jungle Bijoux\",\"isPartOf\":{\"@id\":\"https:\/\/lajunglebijoux.com\/es\/#website\"},\"primaryImageOfPage\":{\"@id\":\"https:\/\/lajunglebijoux.com\/es\/producto\/pendientes-tuareg-naranja\/#primaryimage\"},\"image\":{\"@id\":\"https:\/\/lajunglebijoux.com\/es\/producto\/pendientes-tuareg-naranja\/#primaryimage\"},\"thumbnailUrl\":\"https:\/\/lajunglebijoux.com\/wp-content\/uploads\/2023\/11\/boucle-d-oreilles-croix-agadez-oranges-1.jpg\",\"datePublished\":\"2023-11-10T17:34:02+00:00\",\"dateModified\":\"2024-08-24T11:06:37+00:00\",\"description\":\"Con sus cristales naranja, estos pendientes Tuareg del cruz de Agadez son la br\u00fajula de tu viaje interior.\",\"breadcrumb\":{\"@id\":\"https:\/\/lajunglebijoux.com\/es\/producto\/pendientes-tuareg-naranja\/#breadcrumb\"},\"inLanguage\":\"es\",\"potentialAction\":[{\"@type\":\"ReadAction\",\"target\":[\"https:\/\/lajunglebijoux.com\/es\/producto\/pendientes-tuareg-naranja\/\"]}]},{\"@type\":\"ImageObject\",\"inLanguage\":\"es\",\"@id\":\"https:\/\/lajunglebijoux.com\/es\/producto\/pendientes-tuareg-naranja\/#primaryimage\",\"url\":\"https:\/\/lajunglebijoux.com\/wp-content\/uploads\/2023\/11\/boucle-d-oreilles-croix-agadez-oranges-1.jpg\",\"contentUrl\":\"https:\/\/lajunglebijoux.com\/wp-content\/uploads\/2023\/11\/boucle-d-oreilles-croix-agadez-oranges-1.jpg\",\"width\":899,\"height\":900,\"caption\":\"boucles d'oreilles croix d'agadez oranges croix du sud\"},{\"@type\":\"BreadcrumbList\",\"@id\":\"https:\/\/lajunglebijoux.com\/es\/producto\/pendientes-tuareg-naranja\/#breadcrumb\",\"itemListElement\":[{\"@type\":\"ListItem\",\"position\":1,\"name\":\"Portada\",\"item\":\"https:\/\/lajunglebijoux.com\/es\/\"},{\"@type\":\"ListItem\",\"position\":2,\"name\":\"Productos\",\"item\":\"https:\/\/lajunglebijoux.com\/es\/shop\/\"},{\"@type\":\"ListItem\",\"position\":3,\"name\":\"Cruz de Agadez &#8211; pendientes Tuareg naranja\"}]},{\"@type\":\"WebSite\",\"@id\":\"https:\/\/lajunglebijoux.com\/es\/#website\",\"url\":\"https:\/\/lajunglebijoux.com\/es\/\",\"name\":\"La Jungle Bijoux\",\"description\":\"\",\"publisher\":{\"@id\":\"https:\/\/lajunglebijoux.com\/es\/#organization\"},\"potentialAction\":[{\"@type\":\"SearchAction\",\"target\":{\"@type\":\"EntryPoint\",\"urlTemplate\":\"https:\/\/lajunglebijoux.com\/es\/?s={search_term_string}\"},\"query-input\":{\"@type\":\"PropertyValueSpecification\",\"valueRequired\":true,\"valueName\":\"search_term_string\"}}],\"inLanguage\":\"es\"},{\"@type\":\"Organization\",\"@id\":\"https:\/\/lajunglebijoux.com\/es\/#organization\",\"name\":\"La Jungle Bijoux\",\"url\":\"https:\/\/lajunglebijoux.com\/es\/\",\"logo\":{\"@type\":\"ImageObject\",\"inLanguage\":\"es\",\"@id\":\"https:\/\/lajunglebijoux.com\/es\/#\/schema\/logo\/image\/\",\"url\":\"https:\/\/lajunglebijoux.com\/wp-content\/uploads\/2023\/01\/LOGO-FINAL-Fonce.jpg\",\"contentUrl\":\"https:\/\/lajunglebijoux.com\/wp-content\/uploads\/2023\/01\/LOGO-FINAL-Fonce.jpg\",\"width\":900,\"height\":900,\"caption\":\"La Jungle Bijoux\"},\"image\":{\"@id\":\"https:\/\/lajunglebijoux.com\/es\/#\/schema\/logo\/image\/\"}}]}<\/script>\n<!-- \/ Yoast SEO plugin. -->","yoast_head_json":{"title":"Cruz de Agadez - pendientes Tuareg naranja - La Jungle Bijoux","description":"Con sus cristales naranja, estos pendientes Tuareg del cruz de Agadez son la br\u00fajula de tu viaje interior.","robots":{"index":"index","follow":"follow","max-snippet":"max-snippet:-1","max-image-preview":"max-image-preview:large","max-video-preview":"max-video-preview:-1"},"canonical":"https:\/\/lajunglebijoux.com\/es\/producto\/pendientes-tuareg-naranja\/","og_locale":"es_ES","og_type":"article","og_title":"Cruz de Agadez - pendientes Tuareg naranja - La Jungle Bijoux","og_description":"Con sus cristales naranja, estos pendientes Tuareg del cruz de Agadez son la br\u00fajula de tu viaje interior.","og_url":"https:\/\/lajunglebijoux.com\/es\/producto\/pendientes-tuareg-naranja\/","og_site_name":"La Jungle Bijoux","article_modified_time":"2024-08-24T11:06:37+00:00","og_image":[{"width":899,"height":900,"url":"https:\/\/lajunglebijoux.com\/wp-content\/uploads\/2023\/11\/boucle-d-oreilles-croix-agadez-oranges-1.jpg","type":"image\/jpeg"}],"twitter_card":"summary_large_image","twitter_misc":{"Tiempo de lectura":"1 minuto"},"schema":{"@context":"https:\/\/schema.org","@graph":[{"@type":"WebPage","@id":"https:\/\/lajunglebijoux.com\/es\/producto\/pendientes-tuareg-naranja\/","url":"https:\/\/lajunglebijoux.com\/es\/producto\/pendientes-tuareg-naranja\/","name":"Cruz de Agadez - pendientes Tuareg naranja - La Jungle Bijoux","isPartOf":{"@id":"https:\/\/lajunglebijoux.com\/es\/#website"},"primaryImageOfPage":{"@id":"https:\/\/lajunglebijoux.com\/es\/producto\/pendientes-tuareg-naranja\/#primaryimage"},"image":{"@id":"https:\/\/lajunglebijoux.com\/es\/producto\/pendientes-tuareg-naranja\/#primaryimage"},"thumbnailUrl":"https:\/\/lajunglebijoux.com\/wp-content\/uploads\/2023\/11\/boucle-d-oreilles-croix-agadez-oranges-1.jpg","datePublished":"2023-11-10T17:34:02+00:00","dateModified":"2024-08-24T11:06:37+00:00","description":"Con sus cristales naranja, estos pendientes Tuareg del cruz de Agadez son la br\u00fajula de tu viaje interior.","breadcrumb":{"@id":"https:\/\/lajunglebijoux.com\/es\/producto\/pendientes-tuareg-naranja\/#breadcrumb"},"inLanguage":"es","potentialAction":[{"@type":"ReadAction","target":["https:\/\/lajunglebijoux.com\/es\/producto\/pendientes-tuareg-naranja\/"]}]},{"@type":"ImageObject","inLanguage":"es","@id":"https:\/\/lajunglebijoux.com\/es\/producto\/pendientes-tuareg-naranja\/#primaryimage","url":"https:\/\/lajunglebijoux.com\/wp-content\/uploads\/2023\/11\/boucle-d-oreilles-croix-agadez-oranges-1.jpg","contentUrl":"https:\/\/lajunglebijoux.com\/wp-content\/uploads\/2023\/11\/boucle-d-oreilles-croix-agadez-oranges-1.jpg","width":899,"height":900,"caption":"boucles d'oreilles croix d'agadez oranges croix du sud"},{"@type":"BreadcrumbList","@id":"https:\/\/lajunglebijoux.com\/es\/producto\/pendientes-tuareg-naranja\/#breadcrumb","itemListElement":[{"@type":"ListItem","position":1,"name":"Portada","item":"https:\/\/lajunglebijoux.com\/es\/"},{"@type":"ListItem","position":2,"name":"Productos","item":"https:\/\/lajunglebijoux.com\/es\/shop\/"},{"@type":"ListItem","position":3,"name":"Cruz de Agadez &#8211; pendientes Tuareg naranja"}]},{"@type":"WebSite","@id":"https:\/\/lajunglebijoux.com\/es\/#website","url":"https:\/\/lajunglebijoux.com\/es\/","name":"La Jungle Bijoux","description":"","publisher":{"@id":"https:\/\/lajunglebijoux.com\/es\/#organization"},"potentialAction":[{"@type":"SearchAction","target":{"@type":"EntryPoint","urlTemplate":"https:\/\/lajunglebijoux.com\/es\/?s={search_term_string}"},"query-input":{"@type":"PropertyValueSpecification","valueRequired":true,"valueName":"search_term_string"}}],"inLanguage":"es"},{"@type":"Organization","@id":"https:\/\/lajunglebijoux.com\/es\/#organization","name":"La Jungle Bijoux","url":"https:\/\/lajunglebijoux.com\/es\/","logo":{"@type":"ImageObject","inLanguage":"es","@id":"https:\/\/lajunglebijoux.com\/es\/#\/schema\/logo\/image\/","url":"https:\/\/lajunglebijoux.com\/wp-content\/uploads\/2023\/01\/LOGO-FINAL-Fonce.jpg","contentUrl":"https:\/\/lajunglebijoux.com\/wp-content\/uploads\/2023\/01\/LOGO-FINAL-Fonce.jpg","width":900,"height":900,"caption":"La Jungle Bijoux"},"image":{"@id":"https:\/\/lajunglebijoux.com\/es\/#\/schema\/logo\/image\/"}}]}},"_links":{"self":[{"href":"https:\/\/lajunglebijoux.com\/es\/wp-json\/wp\/v2\/product\/12573","targetHints":{"allow":["GET"]}}],"collection":[{"href":"https:\/\/lajunglebijoux.com\/es\/wp-json\/wp\/v2\/product"}],"about":[{"href":"https:\/\/lajunglebijoux.com\/es\/wp-json\/wp\/v2\/types\/product"}],"replies":[{"embeddable":true,"href":"https:\/\/lajunglebijoux.com\/es\/wp-json\/wp\/v2\/comments?post=12573"}],"version-history":[{"count":0,"href":"https:\/\/lajunglebijoux.com\/es\/wp-json\/wp\/v2\/product\/12573\/revisions"}],"wp:featuredmedia":[{"embeddable":true,"href":"https:\/\/lajunglebijoux.com\/es\/wp-json\/wp\/v2\/media\/10803"}],"wp:attachment":[{"href":"https:\/\/lajunglebijoux.com\/es\/wp-json\/wp\/v2\/media?parent=12573"}],"wp:term":[{"taxonomy":"product_brand","embeddable":true,"href":"https:\/\/lajunglebijoux.com\/es\/wp-json\/wp\/v2\/product_brand?post=12573"},{"taxonomy":"product_cat","embeddable":true,"href":"https:\/\/lajunglebijoux.com\/es\/wp-json\/wp\/v2\/product_cat?post=12573"},{"taxonomy":"product_tag","embeddable":true,"href":"https:\/\/lajunglebijoux.com\/es\/wp-json\/wp\/v2\/product_tag?post=12573"}],"curies":[{"name":"wp","href":"https:\/\/api.w.org\/{rel}","templated":true}]}}