{"id":12564,"date":"2023-11-10T20:26:08","date_gmt":"2023-11-10T18:26:08","guid":{"rendered":"https:\/\/lajunglebijoux.com\/product\/croix-dagadez-collier-triple-rangs\/"},"modified":"2024-08-24T13:06:40","modified_gmt":"2024-08-24T11:06:40","slug":"colgante-tuareg-multiple","status":"publish","type":"product","link":"https:\/\/lajunglebijoux.com\/es\/producto\/colgante-tuareg-multiple\/","title":{"rendered":"Colgante Tuareg &#8211; collar multiple 3 capas con perlas"},"content":{"rendered":"<h2>Consejos de mantenimiento para tu colgante Tuareg:<\/h2>\n<p>Esta colecci\u00f3n es un homenaje a la artesan\u00eda tuareg, uno de los elementos que me llev\u00f3 a estudiar y formarme en joyer\u00eda y, por lo tanto, a crear La Jungle. <strong>En respeto a las tradiciones Tuareg<\/strong>, tambi\u00e9n eleg\u00ed fabricar el colgante Tuareg en <strong>metal extremadamente duradero y en su mayor pureza, lat\u00f3n crudo<\/strong>. <strong>Muy f\u00e1cil de mantener para que conserve su majestuoso dorado y toda su luminosidad<\/strong>, <strong><a href=\"https:\/\/lajunglebijoux.com\/conseils-dentretien\/\">encontrar\u00e1s todas las indicaciones aqu\u00ed<\/a><\/strong> y en tu paquete al realizar el pedido. Las cadenas son de acero inoxidable y no necesitan ning\u00fan mantenimiento.<\/p>\n<h2>La inspiracion del colgante Tuareg :<\/h2>\n<p>Te cuento toda la historia de este colgante tuareg y de esta colecci\u00f3n Camino de colores, con sinceridad, emociones y vulnerabilidad <strong><a href=\"https:\/\/lajunglebijoux.com\/collection\/bijoux-touaregs\/\">justo aqu\u00ed<\/a><\/strong>.<\/p>\n<p><!-- notionvc: ee279295-e193-41e7-8fbd-09bd9ec2027d --><\/p>\n","protected":false},"excerpt":{"rendered":"<p>As\u00ed como su pueblo n\u00f3mada, <span class=\"notion-enable-hover\" data-token-index=\"1\">el significado de la cruz Tuareg de Agadez es el viaje.<\/span> Es tu turno de dar la bienvenida a este collar de tres filas en tu camino, de crear tu propia historia de amor hacia la vida, junto con tu nuevo amuleto talism\u00e1n colgante Tuareg.<!-- notionvc: 8a270de6-8ef1-4c23-ba5e-86829920843d --><\/p>\n<h2>Significado de la cruz Tuareg de Agadez y los colores:<\/h2>\n<p>El blanco o el transparente de las perlas del colgante Tuareg no siempre se considera como un color, pero lleva un significado maravilloso que quise transmitir a trav\u00e9s de este collar.<\/p>\n<p>Se dice que llevar blanco o transparente consigo mismo trae fluidez en la b\u00fasqueda de un sentido a la vida.<\/p>\n<p>Esta noci\u00f3n de fluidez est\u00e1 conectada a tanaghilt, el antiguo nombre de la cruz Tuareg de Agadez con significado \u00abfluir\u00bb y lleva el s\u00edmbolo de la br\u00fajula. Los tuaregs son un pueblo n\u00f3mada, los hombres part\u00edan al desierto en busca de nuevas tierras y el significado de la cruz Tuareg de Agadez los guiaba con amor para que su viaje fuera lo m\u00e1s f\u00e1cil y fluido posible.<\/p>\n<p><!-- notionvc: 3de499f5-766f-47ed-82d7-00ff12cf0700 -->&nbsp;<\/p>\n","protected":false},"featured_media":10829,"comment_status":"open","ping_status":"closed","template":"","meta":{"_acf_changed":false},"product_brand":[],"product_cat":[444],"product_tag":[478],"class_list":{"0":"post-12564","1":"product","2":"type-product","3":"status-publish","4":"has-post-thumbnail","6":"product_cat-camino-de-colores-es","7":"product_tag-51e-a-100e","8":"pa_modele-collares","9":"pa_modele-collares-a-capas","10":"pa_theme-estilo-vintage","12":"first","13":"outofstock","14":"shipping-taxable","15":"purchasable","16":"product-type-simple"},"acf":[],"gallery_images":[10836,10832,10753,10834,10830,10838,10751,10840],"yoast_head":"<!-- This site is optimized with the Yoast SEO plugin v27.2 - https:\/\/yoast.com\/product\/yoast-seo-wordpress\/ -->\n<title>Colgante Tuareg - collar multiple 3 capas con perlas - La Jungle Bijoux<\/title>\n<meta name=\"description\" content=\"Adopte su colgante Tuareg con una cruz Tuareg de Agadez, la br\u00fajula de su suave viaje interior\" \/>\n<meta name=\"robots\" content=\"index, follow, max-snippet:-1, max-image-preview:large, max-video-preview:-1\" \/>\n<link rel=\"canonical\" href=\"https:\/\/lajunglebijoux.com\/es\/producto\/colgante-tuareg-multiple\/\" \/>\n<meta property=\"og:locale\" content=\"es_ES\" \/>\n<meta property=\"og:type\" content=\"article\" \/>\n<meta property=\"og:title\" content=\"Colgante Tuareg - collar multiple 3 capas con perlas - La Jungle Bijoux\" \/>\n<meta property=\"og:description\" content=\"Adopte su colgante Tuareg con una cruz Tuareg de Agadez, la br\u00fajula de su suave viaje interior\" \/>\n<meta property=\"og:url\" content=\"https:\/\/lajunglebijoux.com\/es\/producto\/colgante-tuareg-multiple\/\" \/>\n<meta property=\"og:site_name\" content=\"La Jungle Bijoux\" \/>\n<meta property=\"article:modified_time\" content=\"2024-08-24T11:06:40+00:00\" \/>\n<meta property=\"og:image\" content=\"https:\/\/lajunglebijoux.com\/wp-content\/uploads\/2023\/11\/collier-touareg-original.jpg\" \/>\n\t<meta property=\"og:image:width\" content=\"900\" \/>\n\t<meta property=\"og:image:height\" content=\"900\" \/>\n\t<meta property=\"og:image:type\" content=\"image\/jpeg\" \/>\n<meta name=\"twitter:card\" content=\"summary_large_image\" \/>\n<meta name=\"twitter:label1\" content=\"Tiempo de lectura\" \/>\n\t<meta name=\"twitter:data1\" content=\"1 minuto\" \/>\n<script type=\"application\/ld+json\" class=\"yoast-schema-graph\">{\"@context\":\"https:\/\/schema.org\",\"@graph\":[{\"@type\":\"WebPage\",\"@id\":\"https:\/\/lajunglebijoux.com\/es\/producto\/colgante-tuareg-multiple\/\",\"url\":\"https:\/\/lajunglebijoux.com\/es\/producto\/colgante-tuareg-multiple\/\",\"name\":\"Colgante Tuareg - collar multiple 3 capas con perlas - La Jungle Bijoux\",\"isPartOf\":{\"@id\":\"https:\/\/lajunglebijoux.com\/es\/#website\"},\"primaryImageOfPage\":{\"@id\":\"https:\/\/lajunglebijoux.com\/es\/producto\/colgante-tuareg-multiple\/#primaryimage\"},\"image\":{\"@id\":\"https:\/\/lajunglebijoux.com\/es\/producto\/colgante-tuareg-multiple\/#primaryimage\"},\"thumbnailUrl\":\"https:\/\/lajunglebijoux.com\/wp-content\/uploads\/2023\/11\/collier-touareg-original.jpg\",\"datePublished\":\"2023-11-10T18:26:08+00:00\",\"dateModified\":\"2024-08-24T11:06:40+00:00\",\"description\":\"Adopte su colgante Tuareg con una cruz Tuareg de Agadez, la br\u00fajula de su suave viaje interior\",\"breadcrumb\":{\"@id\":\"https:\/\/lajunglebijoux.com\/es\/producto\/colgante-tuareg-multiple\/#breadcrumb\"},\"inLanguage\":\"es\",\"potentialAction\":[{\"@type\":\"ReadAction\",\"target\":[\"https:\/\/lajunglebijoux.com\/es\/producto\/colgante-tuareg-multiple\/\"]}]},{\"@type\":\"ImageObject\",\"inLanguage\":\"es\",\"@id\":\"https:\/\/lajunglebijoux.com\/es\/producto\/colgante-tuareg-multiple\/#primaryimage\",\"url\":\"https:\/\/lajunglebijoux.com\/wp-content\/uploads\/2023\/11\/collier-touareg-original.jpg\",\"contentUrl\":\"https:\/\/lajunglebijoux.com\/wp-content\/uploads\/2023\/11\/collier-touareg-original.jpg\",\"width\":900,\"height\":900,\"caption\":\"collier touareg original triple rangs croix d'Agadez\"},{\"@type\":\"BreadcrumbList\",\"@id\":\"https:\/\/lajunglebijoux.com\/es\/producto\/colgante-tuareg-multiple\/#breadcrumb\",\"itemListElement\":[{\"@type\":\"ListItem\",\"position\":1,\"name\":\"Portada\",\"item\":\"https:\/\/lajunglebijoux.com\/es\/\"},{\"@type\":\"ListItem\",\"position\":2,\"name\":\"Productos\",\"item\":\"https:\/\/lajunglebijoux.com\/es\/shop\/\"},{\"@type\":\"ListItem\",\"position\":3,\"name\":\"Colgante Tuareg &#8211; collar multiple 3 capas con perlas\"}]},{\"@type\":\"WebSite\",\"@id\":\"https:\/\/lajunglebijoux.com\/es\/#website\",\"url\":\"https:\/\/lajunglebijoux.com\/es\/\",\"name\":\"La Jungle Bijoux\",\"description\":\"\",\"publisher\":{\"@id\":\"https:\/\/lajunglebijoux.com\/es\/#organization\"},\"potentialAction\":[{\"@type\":\"SearchAction\",\"target\":{\"@type\":\"EntryPoint\",\"urlTemplate\":\"https:\/\/lajunglebijoux.com\/es\/?s={search_term_string}\"},\"query-input\":{\"@type\":\"PropertyValueSpecification\",\"valueRequired\":true,\"valueName\":\"search_term_string\"}}],\"inLanguage\":\"es\"},{\"@type\":\"Organization\",\"@id\":\"https:\/\/lajunglebijoux.com\/es\/#organization\",\"name\":\"La Jungle Bijoux\",\"url\":\"https:\/\/lajunglebijoux.com\/es\/\",\"logo\":{\"@type\":\"ImageObject\",\"inLanguage\":\"es\",\"@id\":\"https:\/\/lajunglebijoux.com\/es\/#\/schema\/logo\/image\/\",\"url\":\"https:\/\/lajunglebijoux.com\/wp-content\/uploads\/2023\/01\/LOGO-FINAL-Fonce.jpg\",\"contentUrl\":\"https:\/\/lajunglebijoux.com\/wp-content\/uploads\/2023\/01\/LOGO-FINAL-Fonce.jpg\",\"width\":900,\"height\":900,\"caption\":\"La Jungle Bijoux\"},\"image\":{\"@id\":\"https:\/\/lajunglebijoux.com\/es\/#\/schema\/logo\/image\/\"}}]}<\/script>\n<!-- \/ Yoast SEO plugin. -->","yoast_head_json":{"title":"Colgante Tuareg - collar multiple 3 capas con perlas - La Jungle Bijoux","description":"Adopte su colgante Tuareg con una cruz Tuareg de Agadez, la br\u00fajula de su suave viaje interior","robots":{"index":"index","follow":"follow","max-snippet":"max-snippet:-1","max-image-preview":"max-image-preview:large","max-video-preview":"max-video-preview:-1"},"canonical":"https:\/\/lajunglebijoux.com\/es\/producto\/colgante-tuareg-multiple\/","og_locale":"es_ES","og_type":"article","og_title":"Colgante Tuareg - collar multiple 3 capas con perlas - La Jungle Bijoux","og_description":"Adopte su colgante Tuareg con una cruz Tuareg de Agadez, la br\u00fajula de su suave viaje interior","og_url":"https:\/\/lajunglebijoux.com\/es\/producto\/colgante-tuareg-multiple\/","og_site_name":"La Jungle Bijoux","article_modified_time":"2024-08-24T11:06:40+00:00","og_image":[{"width":900,"height":900,"url":"https:\/\/lajunglebijoux.com\/wp-content\/uploads\/2023\/11\/collier-touareg-original.jpg","type":"image\/jpeg"}],"twitter_card":"summary_large_image","twitter_misc":{"Tiempo de lectura":"1 minuto"},"schema":{"@context":"https:\/\/schema.org","@graph":[{"@type":"WebPage","@id":"https:\/\/lajunglebijoux.com\/es\/producto\/colgante-tuareg-multiple\/","url":"https:\/\/lajunglebijoux.com\/es\/producto\/colgante-tuareg-multiple\/","name":"Colgante Tuareg - collar multiple 3 capas con perlas - La Jungle Bijoux","isPartOf":{"@id":"https:\/\/lajunglebijoux.com\/es\/#website"},"primaryImageOfPage":{"@id":"https:\/\/lajunglebijoux.com\/es\/producto\/colgante-tuareg-multiple\/#primaryimage"},"image":{"@id":"https:\/\/lajunglebijoux.com\/es\/producto\/colgante-tuareg-multiple\/#primaryimage"},"thumbnailUrl":"https:\/\/lajunglebijoux.com\/wp-content\/uploads\/2023\/11\/collier-touareg-original.jpg","datePublished":"2023-11-10T18:26:08+00:00","dateModified":"2024-08-24T11:06:40+00:00","description":"Adopte su colgante Tuareg con una cruz Tuareg de Agadez, la br\u00fajula de su suave viaje interior","breadcrumb":{"@id":"https:\/\/lajunglebijoux.com\/es\/producto\/colgante-tuareg-multiple\/#breadcrumb"},"inLanguage":"es","potentialAction":[{"@type":"ReadAction","target":["https:\/\/lajunglebijoux.com\/es\/producto\/colgante-tuareg-multiple\/"]}]},{"@type":"ImageObject","inLanguage":"es","@id":"https:\/\/lajunglebijoux.com\/es\/producto\/colgante-tuareg-multiple\/#primaryimage","url":"https:\/\/lajunglebijoux.com\/wp-content\/uploads\/2023\/11\/collier-touareg-original.jpg","contentUrl":"https:\/\/lajunglebijoux.com\/wp-content\/uploads\/2023\/11\/collier-touareg-original.jpg","width":900,"height":900,"caption":"collier touareg original triple rangs croix d'Agadez"},{"@type":"BreadcrumbList","@id":"https:\/\/lajunglebijoux.com\/es\/producto\/colgante-tuareg-multiple\/#breadcrumb","itemListElement":[{"@type":"ListItem","position":1,"name":"Portada","item":"https:\/\/lajunglebijoux.com\/es\/"},{"@type":"ListItem","position":2,"name":"Productos","item":"https:\/\/lajunglebijoux.com\/es\/shop\/"},{"@type":"ListItem","position":3,"name":"Colgante Tuareg &#8211; collar multiple 3 capas con perlas"}]},{"@type":"WebSite","@id":"https:\/\/lajunglebijoux.com\/es\/#website","url":"https:\/\/lajunglebijoux.com\/es\/","name":"La Jungle Bijoux","description":"","publisher":{"@id":"https:\/\/lajunglebijoux.com\/es\/#organization"},"potentialAction":[{"@type":"SearchAction","target":{"@type":"EntryPoint","urlTemplate":"https:\/\/lajunglebijoux.com\/es\/?s={search_term_string}"},"query-input":{"@type":"PropertyValueSpecification","valueRequired":true,"valueName":"search_term_string"}}],"inLanguage":"es"},{"@type":"Organization","@id":"https:\/\/lajunglebijoux.com\/es\/#organization","name":"La Jungle Bijoux","url":"https:\/\/lajunglebijoux.com\/es\/","logo":{"@type":"ImageObject","inLanguage":"es","@id":"https:\/\/lajunglebijoux.com\/es\/#\/schema\/logo\/image\/","url":"https:\/\/lajunglebijoux.com\/wp-content\/uploads\/2023\/01\/LOGO-FINAL-Fonce.jpg","contentUrl":"https:\/\/lajunglebijoux.com\/wp-content\/uploads\/2023\/01\/LOGO-FINAL-Fonce.jpg","width":900,"height":900,"caption":"La Jungle Bijoux"},"image":{"@id":"https:\/\/lajunglebijoux.com\/es\/#\/schema\/logo\/image\/"}}]}},"_links":{"self":[{"href":"https:\/\/lajunglebijoux.com\/es\/wp-json\/wp\/v2\/product\/12564","targetHints":{"allow":["GET"]}}],"collection":[{"href":"https:\/\/lajunglebijoux.com\/es\/wp-json\/wp\/v2\/product"}],"about":[{"href":"https:\/\/lajunglebijoux.com\/es\/wp-json\/wp\/v2\/types\/product"}],"replies":[{"embeddable":true,"href":"https:\/\/lajunglebijoux.com\/es\/wp-json\/wp\/v2\/comments?post=12564"}],"version-history":[{"count":0,"href":"https:\/\/lajunglebijoux.com\/es\/wp-json\/wp\/v2\/product\/12564\/revisions"}],"wp:featuredmedia":[{"embeddable":true,"href":"https:\/\/lajunglebijoux.com\/es\/wp-json\/wp\/v2\/media\/10829"}],"wp:attachment":[{"href":"https:\/\/lajunglebijoux.com\/es\/wp-json\/wp\/v2\/media?parent=12564"}],"wp:term":[{"taxonomy":"product_brand","embeddable":true,"href":"https:\/\/lajunglebijoux.com\/es\/wp-json\/wp\/v2\/product_brand?post=12564"},{"taxonomy":"product_cat","embeddable":true,"href":"https:\/\/lajunglebijoux.com\/es\/wp-json\/wp\/v2\/product_cat?post=12564"},{"taxonomy":"product_tag","embeddable":true,"href":"https:\/\/lajunglebijoux.com\/es\/wp-json\/wp\/v2\/product_tag?post=12564"}],"curies":[{"name":"wp","href":"https:\/\/api.w.org\/{rel}","templated":true}]}}