{"id":12552,"date":"2024-04-15T19:20:37","date_gmt":"2024-04-15T17:20:37","guid":{"rendered":"https:\/\/lajunglebijoux.com\/product\/bague-paquerette\/"},"modified":"2024-08-24T12:59:15","modified_gmt":"2024-08-24T10:59:15","slug":"anillo-margarita","status":"publish","type":"product","link":"https:\/\/lajunglebijoux.com\/es\/producto\/anillo-margarita\/","title":{"rendered":"Anillo margarita"},"content":{"rendered":"<h2>La inspiraci\u00f3n detr\u00e1s del anillo margarita :<\/h2>\n<p>La margarita \ud83c\udf3c adorna todos nuestros paisajes de primavera, sin que realmente le prestemos mucha atenci\u00f3n. Sin embargo, la omnipresencia de la margarita hace que el ambiente sea agradable y el momento, valioso. Este anillo margarita est\u00e1 aqu\u00ed para inmortalizar esos momentos de belleza y poes\u00eda simple para disfrutarlos todo el a\u00f1o.<\/p>\n<h2>C\u00f3mo llevar el anillo margarita:<\/h2>\n<p>Como en las fotos, <strong>me encanta llevar el<\/strong> <strong>anillo margarita<\/strong> <strong>con los <a href=\"https:\/\/lajunglebijoux.com\/es\/producto\/pendientes-margaritas\/\">pendientes de margaritas<\/a> <\/strong>a juego. El cristal de circonio en el centro del anillo margarita me recuerda que para florecer y prosperar, debo ser mi prioridad, el elemento central de mi vida. Por lo general, este tipo de anillos con amuletos se llevan en el dedo medio para resaltarlos. Combina tu anillo margarita con los pendientes de margaritas para componer un verdadero ramo primaveral en tu piel.<\/p>\n<p><!-- notionvc: 11c3570e-a23c-4917-b761-657055d3db9b --><\/p>\n","protected":false},"excerpt":{"rendered":"<p>El <strong>anillo margarita<\/strong> ha sido concebido para dulces recuerdos. \u00bfHas creado ramos de margaritas cuando eras ni\u00f1a y te gustar\u00eda sumergirte de nuevo en esos momentos suaves? Entonces este anillo margarita est\u00e1 hecho para ti.<\/p>\n<p><strong>El anillo margarita est\u00e1 hecho de oro fino de 24 quilates de alta resistencia<\/strong> sobre base de lat\u00f3n (base martillada del anillo con garant\u00eda, consulta nuestra p\u00e1gina de garant\u00eda). En el centro del anillo margarita encontrar\u00e1s un cristal de circonio<\/p>\n<p><!-- notionvc: 83d7d251-5754-4556-b711-5a7dd12676ab --><\/p>\n<h2>Consejos de cuidado de tu anillo margarita:<\/h2>\n<p><strong>Guarda tu anillo margarita en su bolsa de tela reciclada<\/strong> para evitar que tus joyas se da\u00f1en entre s\u00ed. Recomendamos evitar por tu anillo margarita, el contacto con agua o productos que contengan alcohol (perfume, crema facial) para no perder el dorado de tu anillo margarita.<\/p>\n<p><!-- notionvc: c8a42b5d-15d4-4dab-a270-0345a49a360e --><\/p>\n","protected":false},"featured_media":12304,"comment_status":"open","ping_status":"closed","template":"","meta":{"_acf_changed":false},"product_brand":[],"product_cat":[443,137],"product_tag":[480],"class_list":{"0":"post-12552","1":"product","2":"type-product","3":"status-publish","4":"has-post-thumbnail","6":"product_cat-bijoux-naissance-maman-es","7":"product_cat-celebrar-con-flores","8":"product_tag-menos-de-50e","9":"pa_modele-anillos","10":"pa_theme-joyas-naturaleza","12":"first","13":"instock","14":"shipping-taxable","15":"purchasable","16":"product-type-simple"},"acf":[],"gallery_images":[12298,12300,12302,12306,12296,12294,12308,12310,12312],"yoast_head":"<!-- This site is optimized with the Yoast SEO plugin v27.2 - https:\/\/yoast.com\/product\/yoast-seo-wordpress\/ -->\n<title>Anillo margarita - La Jungle Bijoux<\/title>\n<meta name=\"description\" content=\"El anillo margarita es un s\u00edmbolo de amor y ternura. Si te fijas bien, la margarita nos rodea desde la infancia.\" \/>\n<meta name=\"robots\" content=\"index, follow, max-snippet:-1, max-image-preview:large, max-video-preview:-1\" \/>\n<link rel=\"canonical\" href=\"https:\/\/lajunglebijoux.com\/es\/producto\/anillo-margarita\/\" \/>\n<meta property=\"og:locale\" content=\"es_ES\" \/>\n<meta property=\"og:type\" content=\"article\" \/>\n<meta property=\"og:title\" content=\"Anillo margarita - La Jungle Bijoux\" \/>\n<meta property=\"og:description\" content=\"El anillo margarita es un s\u00edmbolo de amor y ternura. Si te fijas bien, la margarita nos rodea desde la infancia.\" \/>\n<meta property=\"og:url\" content=\"https:\/\/lajunglebijoux.com\/es\/producto\/anillo-margarita\/\" \/>\n<meta property=\"og:site_name\" content=\"La Jungle Bijoux\" \/>\n<meta property=\"article:modified_time\" content=\"2024-08-24T10:59:15+00:00\" \/>\n<meta property=\"og:image\" content=\"https:\/\/lajunglebijoux.com\/wp-content\/uploads\/2024\/04\/bague-paquerette-6.jpg\" \/>\n\t<meta property=\"og:image:width\" content=\"1875\" \/>\n\t<meta property=\"og:image:height\" content=\"2500\" \/>\n\t<meta property=\"og:image:type\" content=\"image\/jpeg\" \/>\n<meta name=\"twitter:card\" content=\"summary_large_image\" \/>\n<meta name=\"twitter:label1\" content=\"Tiempo de lectura\" \/>\n\t<meta name=\"twitter:data1\" content=\"1 minuto\" \/>\n<script type=\"application\/ld+json\" class=\"yoast-schema-graph\">{\"@context\":\"https:\/\/schema.org\",\"@graph\":[{\"@type\":\"WebPage\",\"@id\":\"https:\/\/lajunglebijoux.com\/es\/producto\/anillo-margarita\/\",\"url\":\"https:\/\/lajunglebijoux.com\/es\/producto\/anillo-margarita\/\",\"name\":\"Anillo margarita - La Jungle Bijoux\",\"isPartOf\":{\"@id\":\"https:\/\/lajunglebijoux.com\/es\/#website\"},\"primaryImageOfPage\":{\"@id\":\"https:\/\/lajunglebijoux.com\/es\/producto\/anillo-margarita\/#primaryimage\"},\"image\":{\"@id\":\"https:\/\/lajunglebijoux.com\/es\/producto\/anillo-margarita\/#primaryimage\"},\"thumbnailUrl\":\"https:\/\/lajunglebijoux.com\/wp-content\/uploads\/2024\/04\/bague-paquerette-6.jpg\",\"datePublished\":\"2024-04-15T17:20:37+00:00\",\"dateModified\":\"2024-08-24T10:59:15+00:00\",\"description\":\"El anillo margarita es un s\u00edmbolo de amor y ternura. Si te fijas bien, la margarita nos rodea desde la infancia.\",\"breadcrumb\":{\"@id\":\"https:\/\/lajunglebijoux.com\/es\/producto\/anillo-margarita\/#breadcrumb\"},\"inLanguage\":\"es\",\"potentialAction\":[{\"@type\":\"ReadAction\",\"target\":[\"https:\/\/lajunglebijoux.com\/es\/producto\/anillo-margarita\/\"]}]},{\"@type\":\"ImageObject\",\"inLanguage\":\"es\",\"@id\":\"https:\/\/lajunglebijoux.com\/es\/producto\/anillo-margarita\/#primaryimage\",\"url\":\"https:\/\/lajunglebijoux.com\/wp-content\/uploads\/2024\/04\/bague-paquerette-6.jpg\",\"contentUrl\":\"https:\/\/lajunglebijoux.com\/wp-content\/uploads\/2024\/04\/bague-paquerette-6.jpg\",\"width\":1875,\"height\":2500,\"caption\":\"bague p\u00e2querette\"},{\"@type\":\"BreadcrumbList\",\"@id\":\"https:\/\/lajunglebijoux.com\/es\/producto\/anillo-margarita\/#breadcrumb\",\"itemListElement\":[{\"@type\":\"ListItem\",\"position\":1,\"name\":\"Portada\",\"item\":\"https:\/\/lajunglebijoux.com\/es\/\"},{\"@type\":\"ListItem\",\"position\":2,\"name\":\"Productos\",\"item\":\"https:\/\/lajunglebijoux.com\/es\/shop\/\"},{\"@type\":\"ListItem\",\"position\":3,\"name\":\"Anillo margarita\"}]},{\"@type\":\"WebSite\",\"@id\":\"https:\/\/lajunglebijoux.com\/es\/#website\",\"url\":\"https:\/\/lajunglebijoux.com\/es\/\",\"name\":\"La Jungle Bijoux\",\"description\":\"\",\"publisher\":{\"@id\":\"https:\/\/lajunglebijoux.com\/es\/#organization\"},\"potentialAction\":[{\"@type\":\"SearchAction\",\"target\":{\"@type\":\"EntryPoint\",\"urlTemplate\":\"https:\/\/lajunglebijoux.com\/es\/?s={search_term_string}\"},\"query-input\":{\"@type\":\"PropertyValueSpecification\",\"valueRequired\":true,\"valueName\":\"search_term_string\"}}],\"inLanguage\":\"es\"},{\"@type\":\"Organization\",\"@id\":\"https:\/\/lajunglebijoux.com\/es\/#organization\",\"name\":\"La Jungle Bijoux\",\"url\":\"https:\/\/lajunglebijoux.com\/es\/\",\"logo\":{\"@type\":\"ImageObject\",\"inLanguage\":\"es\",\"@id\":\"https:\/\/lajunglebijoux.com\/es\/#\/schema\/logo\/image\/\",\"url\":\"https:\/\/lajunglebijoux.com\/wp-content\/uploads\/2023\/01\/LOGO-FINAL-Fonce.jpg\",\"contentUrl\":\"https:\/\/lajunglebijoux.com\/wp-content\/uploads\/2023\/01\/LOGO-FINAL-Fonce.jpg\",\"width\":900,\"height\":900,\"caption\":\"La Jungle Bijoux\"},\"image\":{\"@id\":\"https:\/\/lajunglebijoux.com\/es\/#\/schema\/logo\/image\/\"}}]}<\/script>\n<!-- \/ Yoast SEO plugin. -->","yoast_head_json":{"title":"Anillo margarita - La Jungle Bijoux","description":"El anillo margarita es un s\u00edmbolo de amor y ternura. Si te fijas bien, la margarita nos rodea desde la infancia.","robots":{"index":"index","follow":"follow","max-snippet":"max-snippet:-1","max-image-preview":"max-image-preview:large","max-video-preview":"max-video-preview:-1"},"canonical":"https:\/\/lajunglebijoux.com\/es\/producto\/anillo-margarita\/","og_locale":"es_ES","og_type":"article","og_title":"Anillo margarita - La Jungle Bijoux","og_description":"El anillo margarita es un s\u00edmbolo de amor y ternura. Si te fijas bien, la margarita nos rodea desde la infancia.","og_url":"https:\/\/lajunglebijoux.com\/es\/producto\/anillo-margarita\/","og_site_name":"La Jungle Bijoux","article_modified_time":"2024-08-24T10:59:15+00:00","og_image":[{"width":1875,"height":2500,"url":"https:\/\/lajunglebijoux.com\/wp-content\/uploads\/2024\/04\/bague-paquerette-6.jpg","type":"image\/jpeg"}],"twitter_card":"summary_large_image","twitter_misc":{"Tiempo de lectura":"1 minuto"},"schema":{"@context":"https:\/\/schema.org","@graph":[{"@type":"WebPage","@id":"https:\/\/lajunglebijoux.com\/es\/producto\/anillo-margarita\/","url":"https:\/\/lajunglebijoux.com\/es\/producto\/anillo-margarita\/","name":"Anillo margarita - La Jungle Bijoux","isPartOf":{"@id":"https:\/\/lajunglebijoux.com\/es\/#website"},"primaryImageOfPage":{"@id":"https:\/\/lajunglebijoux.com\/es\/producto\/anillo-margarita\/#primaryimage"},"image":{"@id":"https:\/\/lajunglebijoux.com\/es\/producto\/anillo-margarita\/#primaryimage"},"thumbnailUrl":"https:\/\/lajunglebijoux.com\/wp-content\/uploads\/2024\/04\/bague-paquerette-6.jpg","datePublished":"2024-04-15T17:20:37+00:00","dateModified":"2024-08-24T10:59:15+00:00","description":"El anillo margarita es un s\u00edmbolo de amor y ternura. Si te fijas bien, la margarita nos rodea desde la infancia.","breadcrumb":{"@id":"https:\/\/lajunglebijoux.com\/es\/producto\/anillo-margarita\/#breadcrumb"},"inLanguage":"es","potentialAction":[{"@type":"ReadAction","target":["https:\/\/lajunglebijoux.com\/es\/producto\/anillo-margarita\/"]}]},{"@type":"ImageObject","inLanguage":"es","@id":"https:\/\/lajunglebijoux.com\/es\/producto\/anillo-margarita\/#primaryimage","url":"https:\/\/lajunglebijoux.com\/wp-content\/uploads\/2024\/04\/bague-paquerette-6.jpg","contentUrl":"https:\/\/lajunglebijoux.com\/wp-content\/uploads\/2024\/04\/bague-paquerette-6.jpg","width":1875,"height":2500,"caption":"bague p\u00e2querette"},{"@type":"BreadcrumbList","@id":"https:\/\/lajunglebijoux.com\/es\/producto\/anillo-margarita\/#breadcrumb","itemListElement":[{"@type":"ListItem","position":1,"name":"Portada","item":"https:\/\/lajunglebijoux.com\/es\/"},{"@type":"ListItem","position":2,"name":"Productos","item":"https:\/\/lajunglebijoux.com\/es\/shop\/"},{"@type":"ListItem","position":3,"name":"Anillo margarita"}]},{"@type":"WebSite","@id":"https:\/\/lajunglebijoux.com\/es\/#website","url":"https:\/\/lajunglebijoux.com\/es\/","name":"La Jungle Bijoux","description":"","publisher":{"@id":"https:\/\/lajunglebijoux.com\/es\/#organization"},"potentialAction":[{"@type":"SearchAction","target":{"@type":"EntryPoint","urlTemplate":"https:\/\/lajunglebijoux.com\/es\/?s={search_term_string}"},"query-input":{"@type":"PropertyValueSpecification","valueRequired":true,"valueName":"search_term_string"}}],"inLanguage":"es"},{"@type":"Organization","@id":"https:\/\/lajunglebijoux.com\/es\/#organization","name":"La Jungle Bijoux","url":"https:\/\/lajunglebijoux.com\/es\/","logo":{"@type":"ImageObject","inLanguage":"es","@id":"https:\/\/lajunglebijoux.com\/es\/#\/schema\/logo\/image\/","url":"https:\/\/lajunglebijoux.com\/wp-content\/uploads\/2023\/01\/LOGO-FINAL-Fonce.jpg","contentUrl":"https:\/\/lajunglebijoux.com\/wp-content\/uploads\/2023\/01\/LOGO-FINAL-Fonce.jpg","width":900,"height":900,"caption":"La Jungle Bijoux"},"image":{"@id":"https:\/\/lajunglebijoux.com\/es\/#\/schema\/logo\/image\/"}}]}},"_links":{"self":[{"href":"https:\/\/lajunglebijoux.com\/es\/wp-json\/wp\/v2\/product\/12552","targetHints":{"allow":["GET"]}}],"collection":[{"href":"https:\/\/lajunglebijoux.com\/es\/wp-json\/wp\/v2\/product"}],"about":[{"href":"https:\/\/lajunglebijoux.com\/es\/wp-json\/wp\/v2\/types\/product"}],"replies":[{"embeddable":true,"href":"https:\/\/lajunglebijoux.com\/es\/wp-json\/wp\/v2\/comments?post=12552"}],"version-history":[{"count":0,"href":"https:\/\/lajunglebijoux.com\/es\/wp-json\/wp\/v2\/product\/12552\/revisions"}],"wp:featuredmedia":[{"embeddable":true,"href":"https:\/\/lajunglebijoux.com\/es\/wp-json\/wp\/v2\/media\/12304"}],"wp:attachment":[{"href":"https:\/\/lajunglebijoux.com\/es\/wp-json\/wp\/v2\/media?parent=12552"}],"wp:term":[{"taxonomy":"product_brand","embeddable":true,"href":"https:\/\/lajunglebijoux.com\/es\/wp-json\/wp\/v2\/product_brand?post=12552"},{"taxonomy":"product_cat","embeddable":true,"href":"https:\/\/lajunglebijoux.com\/es\/wp-json\/wp\/v2\/product_cat?post=12552"},{"taxonomy":"product_tag","embeddable":true,"href":"https:\/\/lajunglebijoux.com\/es\/wp-json\/wp\/v2\/product_tag?post=12552"}],"curies":[{"name":"wp","href":"https:\/\/api.w.org\/{rel}","templated":true}]}}