{"id":10499,"date":"2023-10-26T09:58:01","date_gmt":"2023-10-26T07:58:01","guid":{"rendered":"https:\/\/lajunglebijoux.com\/?post_type=product&#038;p=10499"},"modified":"2026-03-20T10:22:10","modified_gmt":"2026-03-20T08:22:10","slug":"set-regalo-joya-talisman-cacao-sagrado","status":"publish","type":"product","link":"https:\/\/lajunglebijoux.com\/es\/producto\/set-regalo-joya-talisman-cacao-sagrado\/","title":{"rendered":"Set de regalo Camino del coraz\u00f3n (joya talism\u00e1n, ritual de intenci\u00f3n + cacao sagrado)"},"content":{"rendered":"<h2>\u00bfQu\u00e9 recibir\u00e1 en tu set de regalo?<\/h2>\n<ul>\n<li>Una bolsa de <strong>400 gramos de cacao sagrado<\/strong> Kosmic y la r<strong>eceta<\/strong> para elaborar tus propias ceremonias caseras. Esto le permitir\u00e1 organizar unos 8 rituales personales a lo largo del a\u00f1o.<\/li>\n<li>Un <strong>collar talism\u00e1n a elegir entre 2 modelos<\/strong>: \u00ab<a href=\"https:\/\/lajunglebijoux.com\/es\/producto\/collar-ojo-lunas-oro\/\">Energ\u00eda Radiante<\/a>\u00bb con el s\u00edmbolo del 3er ojo en laton ba\u00f1ado de oro de 24 quilates o \u00ab<a href=\"https:\/\/lajunglebijoux.com\/es\/producto\/collar-luna-piedra-oro\/\">La Mujer<\/a>\u00bb con el s\u00edmbolo de la luna en cristal de opalita.<\/li>\n<li>El <strong>audio de un ritual energ\u00e9tico en forma de visualizaci\u00f3n guiada<\/strong> para aprovechar al m\u00e1ximo los beneficios del cacao sagrado y convertir tu collar en un aut\u00e9ntico talism\u00e1n de intencion.<\/li>\n<\/ul>\n<p><strong>Valor real del set de regalo:<\/strong> Entre 97\u20ac y 100\u20ac, <strong>\u00a1precio promocional exclusivo!<\/strong><\/p>\n<h2>\u00bfPor qu\u00e9 regalar(se) el set de regalo \u00abCamino del coraz\u00f3n\u00bb?<\/h2>\n<p>El cacao sagrado se utiliza desde hace siglos por sus beneficios terap\u00e9uticos que \u00ababren el coraz\u00f3n\u00bb. Al regalar(te) este set a ti misma o a una mujer importante para ti, (te) permites honrar(te) y<strong> reconectar con el propio amor, el amor de los dem\u00e1s y la sanaci\u00f3n emocional.<\/strong> Tambi\u00e9n es una oportunidad para <strong>poner el mundo exterior en pausa y volver a ser tu prioridad<\/strong>. La raz\u00f3n por la que el <strong>poder de la intenci\u00f3n<\/strong> es tan importante para m\u00ed es que nos permite hacer algo que raramente hacemos, centrarnos en lo que realmente nos importa y lo que realmente nos hace sentir bien. Llev\u00e1ndola puesta, la joya talism\u00e1n La Jungle te ayudar\u00e1 a mantenerte alineada y motivada para ir incluso m\u00e1s all\u00e1 de tus sue\u00f1os m\u00e1s increibles.<\/p>\n<p><!-- notionvc: dce25f85-f5e3-4a41-ae48-2973919bf8ab --><\/p>\n<p><!-- notionvc: f810c07f-8458-44df-b2c0-30ea8aaafee4 --><\/p>\n","protected":false},"excerpt":{"rendered":"<p><strong>Reconecta con tu magia interior<\/strong> y con la magia de las fiestas regal\u00e1ndo(te) a ti misma o a un ser querido este set de regalo de la experiencia \u00abCamino del coraz\u00f3n\u00bb.<\/p>\n<p>Dise\u00f1ado como un <strong>viaje hacia el amor propio<\/strong>, combina la riqueza del <strong>cacao ceremonial de primera calidad<\/strong> de la marca Kosmic Cacao, infundido con la suave energia del Reiki, con el <strong>poder intencional de un collar talism\u00e1n<\/strong> de La Jungle que te apoyar\u00e1 cada d\u00eda en tu viaje hacia la <strong>realizaci\u00f3n personal<\/strong>.<\/p>\n<p>El cacao ceremonial, energizado con cari\u00f1o, te invita a saborear sus propiedades transformadoras, abriendo tu coraz\u00f3n y dej\u00e1ndote llevar por nuestro <strong>ritual personalizable<\/strong>. <strong>Empieza el a\u00f1o honr\u00e1ndote<\/strong> con un momento s\u00f3lo para ti y estableciendo intenciones acordes con lo que mereces, los deseos, sue\u00f1os y anhelos que realmente te hacen vibrar.<\/p>\n<p>Mientras te descubres a ti misma, abraza tu amor interior y d\u00e9jalo brillar. Desde la comodidad de tu hogar, paso a paso suavemente, conecta con tu propia visi\u00f3n de una vida plena. \u2728\ud83c\udf0c\ud83d\udcab<\/p>\n<p>Con el deseo de ser ecol\u00f3gicamente responsables y evitar la sobreproducci\u00f3n, <strong>este set de regalo est\u00e1 en pre-pedido a precios exclusivos hasta el 3 de diciembre<\/strong>. <strong>Te lo entregaremos antes de Navidad<\/strong>, para que puedas regalarlo, disfrutar de un suave fin de a\u00f1o o empezar 2024 de la mejor manera posible.<\/p>\n","protected":false},"featured_media":10489,"comment_status":"open","ping_status":"closed","template":"","meta":{"_acf_changed":false},"product_brand":[],"product_cat":[68],"product_tag":[478],"class_list":{"0":"post-10499","1":"product","2":"type-product","3":"status-publish","4":"has-post-thumbnail","6":"product_cat-you-are-magic-es","7":"product_tag-51e-a-100e","8":"pa_modele-collares","9":"pa_theme-joyas-energeticas","10":"pa_theme-joyas-astral-tarot","11":"pa_theme-joyas-bienestar","12":"pa_theme-piedras-litoterapia","14":"first","15":"outofstock","16":"sale","17":"shipping-taxable","18":"purchasable","19":"product-type-variable"},"acf":[],"gallery_images":[10480,10482,10476,10474,10472,10492,10484,10468,10486,10478],"yoast_head":"<!-- This site is optimized with the Yoast SEO plugin v27.2 - https:\/\/yoast.com\/product\/yoast-seo-wordpress\/ -->\n<title>Set de regalo espiritual : joya talism\u00e1n y cacao sagrado<\/title>\n<meta name=\"description\" content=\"Reconecta con tu magia interior con el set de regalo ritual Camino del coraz\u00f3n y las virtudes del cacao sagrado. Lleva su energ\u00eda con tu joya talism\u00e1n.\" \/>\n<meta name=\"robots\" content=\"index, follow, max-snippet:-1, max-image-preview:large, max-video-preview:-1\" \/>\n<link rel=\"canonical\" href=\"https:\/\/lajunglebijoux.com\/es\/producto\/set-regalo-joya-talisman-cacao-sagrado\/\" \/>\n<meta property=\"og:locale\" content=\"es_ES\" \/>\n<meta property=\"og:type\" content=\"article\" \/>\n<meta property=\"og:title\" content=\"Set de regalo espiritual : joya talism\u00e1n y cacao sagrado\" \/>\n<meta property=\"og:description\" content=\"Reconecta con tu magia interior con el set de regalo ritual Camino del coraz\u00f3n y las virtudes del cacao sagrado. Lleva su energ\u00eda con tu joya talism\u00e1n.\" \/>\n<meta property=\"og:url\" content=\"https:\/\/lajunglebijoux.com\/es\/producto\/set-regalo-joya-talisman-cacao-sagrado\/\" \/>\n<meta property=\"og:site_name\" content=\"La Jungle Bijoux\" \/>\n<meta property=\"article:modified_time\" content=\"2026-03-20T08:22:10+00:00\" \/>\n<meta property=\"og:image\" content=\"https:\/\/lajunglebijoux.com\/wp-content\/uploads\/2022\/12\/coffret-cadeau-spirituel-faire-une-ceremonie-du-cacao-sacre-bijoux-talisman-rituel-bien-etre-energetique-pouvoir-de-lintention.jpg\" \/>\n\t<meta property=\"og:image:width\" content=\"1300\" \/>\n\t<meta property=\"og:image:height\" content=\"1299\" \/>\n\t<meta property=\"og:image:type\" content=\"image\/jpeg\" \/>\n<meta name=\"twitter:card\" content=\"summary_large_image\" \/>\n<meta name=\"twitter:label1\" content=\"Tiempo de lectura\" \/>\n\t<meta name=\"twitter:data1\" content=\"2 minutos\" \/>\n<script type=\"application\/ld+json\" class=\"yoast-schema-graph\">{\"@context\":\"https:\/\/schema.org\",\"@graph\":[{\"@type\":\"WebPage\",\"@id\":\"https:\/\/lajunglebijoux.com\/es\/producto\/set-regalo-joya-talisman-cacao-sagrado\/\",\"url\":\"https:\/\/lajunglebijoux.com\/es\/producto\/set-regalo-joya-talisman-cacao-sagrado\/\",\"name\":\"Set de regalo espiritual : joya talism\u00e1n y cacao sagrado\",\"isPartOf\":{\"@id\":\"https:\/\/lajunglebijoux.com\/es\/#website\"},\"primaryImageOfPage\":{\"@id\":\"https:\/\/lajunglebijoux.com\/es\/producto\/set-regalo-joya-talisman-cacao-sagrado\/#primaryimage\"},\"image\":{\"@id\":\"https:\/\/lajunglebijoux.com\/es\/producto\/set-regalo-joya-talisman-cacao-sagrado\/#primaryimage\"},\"thumbnailUrl\":\"https:\/\/lajunglebijoux.com\/wp-content\/uploads\/2022\/12\/coffret-cadeau-spirituel-faire-une-ceremonie-du-cacao-sacre-bijoux-talisman-rituel-bien-etre-energetique-pouvoir-de-lintention.jpg\",\"datePublished\":\"2023-10-26T07:58:01+00:00\",\"dateModified\":\"2026-03-20T08:22:10+00:00\",\"description\":\"Reconecta con tu magia interior con el set de regalo ritual Camino del coraz\u00f3n y las virtudes del cacao sagrado. Lleva su energ\u00eda con tu joya talism\u00e1n.\",\"breadcrumb\":{\"@id\":\"https:\/\/lajunglebijoux.com\/es\/producto\/set-regalo-joya-talisman-cacao-sagrado\/#breadcrumb\"},\"inLanguage\":\"es\",\"potentialAction\":[{\"@type\":\"ReadAction\",\"target\":[\"https:\/\/lajunglebijoux.com\/es\/producto\/set-regalo-joya-talisman-cacao-sagrado\/\"]}]},{\"@type\":\"ImageObject\",\"inLanguage\":\"es\",\"@id\":\"https:\/\/lajunglebijoux.com\/es\/producto\/set-regalo-joya-talisman-cacao-sagrado\/#primaryimage\",\"url\":\"https:\/\/lajunglebijoux.com\/wp-content\/uploads\/2022\/12\/coffret-cadeau-spirituel-faire-une-ceremonie-du-cacao-sacre-bijoux-talisman-rituel-bien-etre-energetique-pouvoir-de-lintention.jpg\",\"contentUrl\":\"https:\/\/lajunglebijoux.com\/wp-content\/uploads\/2022\/12\/coffret-cadeau-spirituel-faire-une-ceremonie-du-cacao-sacre-bijoux-talisman-rituel-bien-etre-energetique-pouvoir-de-lintention.jpg\",\"width\":1300,\"height\":1299,\"caption\":\"coffret cadeau spirituel faire une c\u00e9r\u00e9monie du cacao sacr\u00e9 bijoux talisman rituel bien \u00eatre \u00e9nerg\u00e9tique pouvoir de l'intention\"},{\"@type\":\"BreadcrumbList\",\"@id\":\"https:\/\/lajunglebijoux.com\/es\/producto\/set-regalo-joya-talisman-cacao-sagrado\/#breadcrumb\",\"itemListElement\":[{\"@type\":\"ListItem\",\"position\":1,\"name\":\"Portada\",\"item\":\"https:\/\/lajunglebijoux.com\/es\/\"},{\"@type\":\"ListItem\",\"position\":2,\"name\":\"Productos\",\"item\":\"https:\/\/lajunglebijoux.com\/es\/shop\/\"},{\"@type\":\"ListItem\",\"position\":3,\"name\":\"Set de regalo Camino del coraz\u00f3n (joya talism\u00e1n, ritual de intenci\u00f3n + cacao sagrado)\"}]},{\"@type\":\"WebSite\",\"@id\":\"https:\/\/lajunglebijoux.com\/es\/#website\",\"url\":\"https:\/\/lajunglebijoux.com\/es\/\",\"name\":\"La Jungle Bijoux\",\"description\":\"\",\"publisher\":{\"@id\":\"https:\/\/lajunglebijoux.com\/es\/#organization\"},\"potentialAction\":[{\"@type\":\"SearchAction\",\"target\":{\"@type\":\"EntryPoint\",\"urlTemplate\":\"https:\/\/lajunglebijoux.com\/es\/?s={search_term_string}\"},\"query-input\":{\"@type\":\"PropertyValueSpecification\",\"valueRequired\":true,\"valueName\":\"search_term_string\"}}],\"inLanguage\":\"es\"},{\"@type\":\"Organization\",\"@id\":\"https:\/\/lajunglebijoux.com\/es\/#organization\",\"name\":\"La Jungle Bijoux\",\"url\":\"https:\/\/lajunglebijoux.com\/es\/\",\"logo\":{\"@type\":\"ImageObject\",\"inLanguage\":\"es\",\"@id\":\"https:\/\/lajunglebijoux.com\/es\/#\/schema\/logo\/image\/\",\"url\":\"https:\/\/lajunglebijoux.com\/wp-content\/uploads\/2023\/01\/LOGO-FINAL-Fonce.jpg\",\"contentUrl\":\"https:\/\/lajunglebijoux.com\/wp-content\/uploads\/2023\/01\/LOGO-FINAL-Fonce.jpg\",\"width\":900,\"height\":900,\"caption\":\"La Jungle Bijoux\"},\"image\":{\"@id\":\"https:\/\/lajunglebijoux.com\/es\/#\/schema\/logo\/image\/\"}}]}<\/script>\n<!-- \/ Yoast SEO plugin. -->","yoast_head_json":{"title":"Set de regalo espiritual : joya talism\u00e1n y cacao sagrado","description":"Reconecta con tu magia interior con el set de regalo ritual Camino del coraz\u00f3n y las virtudes del cacao sagrado. Lleva su energ\u00eda con tu joya talism\u00e1n.","robots":{"index":"index","follow":"follow","max-snippet":"max-snippet:-1","max-image-preview":"max-image-preview:large","max-video-preview":"max-video-preview:-1"},"canonical":"https:\/\/lajunglebijoux.com\/es\/producto\/set-regalo-joya-talisman-cacao-sagrado\/","og_locale":"es_ES","og_type":"article","og_title":"Set de regalo espiritual : joya talism\u00e1n y cacao sagrado","og_description":"Reconecta con tu magia interior con el set de regalo ritual Camino del coraz\u00f3n y las virtudes del cacao sagrado. Lleva su energ\u00eda con tu joya talism\u00e1n.","og_url":"https:\/\/lajunglebijoux.com\/es\/producto\/set-regalo-joya-talisman-cacao-sagrado\/","og_site_name":"La Jungle Bijoux","article_modified_time":"2026-03-20T08:22:10+00:00","og_image":[{"width":1300,"height":1299,"url":"https:\/\/lajunglebijoux.com\/wp-content\/uploads\/2022\/12\/coffret-cadeau-spirituel-faire-une-ceremonie-du-cacao-sacre-bijoux-talisman-rituel-bien-etre-energetique-pouvoir-de-lintention.jpg","type":"image\/jpeg"}],"twitter_card":"summary_large_image","twitter_misc":{"Tiempo de lectura":"2 minutos"},"schema":{"@context":"https:\/\/schema.org","@graph":[{"@type":"WebPage","@id":"https:\/\/lajunglebijoux.com\/es\/producto\/set-regalo-joya-talisman-cacao-sagrado\/","url":"https:\/\/lajunglebijoux.com\/es\/producto\/set-regalo-joya-talisman-cacao-sagrado\/","name":"Set de regalo espiritual : joya talism\u00e1n y cacao sagrado","isPartOf":{"@id":"https:\/\/lajunglebijoux.com\/es\/#website"},"primaryImageOfPage":{"@id":"https:\/\/lajunglebijoux.com\/es\/producto\/set-regalo-joya-talisman-cacao-sagrado\/#primaryimage"},"image":{"@id":"https:\/\/lajunglebijoux.com\/es\/producto\/set-regalo-joya-talisman-cacao-sagrado\/#primaryimage"},"thumbnailUrl":"https:\/\/lajunglebijoux.com\/wp-content\/uploads\/2022\/12\/coffret-cadeau-spirituel-faire-une-ceremonie-du-cacao-sacre-bijoux-talisman-rituel-bien-etre-energetique-pouvoir-de-lintention.jpg","datePublished":"2023-10-26T07:58:01+00:00","dateModified":"2026-03-20T08:22:10+00:00","description":"Reconecta con tu magia interior con el set de regalo ritual Camino del coraz\u00f3n y las virtudes del cacao sagrado. Lleva su energ\u00eda con tu joya talism\u00e1n.","breadcrumb":{"@id":"https:\/\/lajunglebijoux.com\/es\/producto\/set-regalo-joya-talisman-cacao-sagrado\/#breadcrumb"},"inLanguage":"es","potentialAction":[{"@type":"ReadAction","target":["https:\/\/lajunglebijoux.com\/es\/producto\/set-regalo-joya-talisman-cacao-sagrado\/"]}]},{"@type":"ImageObject","inLanguage":"es","@id":"https:\/\/lajunglebijoux.com\/es\/producto\/set-regalo-joya-talisman-cacao-sagrado\/#primaryimage","url":"https:\/\/lajunglebijoux.com\/wp-content\/uploads\/2022\/12\/coffret-cadeau-spirituel-faire-une-ceremonie-du-cacao-sacre-bijoux-talisman-rituel-bien-etre-energetique-pouvoir-de-lintention.jpg","contentUrl":"https:\/\/lajunglebijoux.com\/wp-content\/uploads\/2022\/12\/coffret-cadeau-spirituel-faire-une-ceremonie-du-cacao-sacre-bijoux-talisman-rituel-bien-etre-energetique-pouvoir-de-lintention.jpg","width":1300,"height":1299,"caption":"coffret cadeau spirituel faire une c\u00e9r\u00e9monie du cacao sacr\u00e9 bijoux talisman rituel bien \u00eatre \u00e9nerg\u00e9tique pouvoir de l'intention"},{"@type":"BreadcrumbList","@id":"https:\/\/lajunglebijoux.com\/es\/producto\/set-regalo-joya-talisman-cacao-sagrado\/#breadcrumb","itemListElement":[{"@type":"ListItem","position":1,"name":"Portada","item":"https:\/\/lajunglebijoux.com\/es\/"},{"@type":"ListItem","position":2,"name":"Productos","item":"https:\/\/lajunglebijoux.com\/es\/shop\/"},{"@type":"ListItem","position":3,"name":"Set de regalo Camino del coraz\u00f3n (joya talism\u00e1n, ritual de intenci\u00f3n + cacao sagrado)"}]},{"@type":"WebSite","@id":"https:\/\/lajunglebijoux.com\/es\/#website","url":"https:\/\/lajunglebijoux.com\/es\/","name":"La Jungle Bijoux","description":"","publisher":{"@id":"https:\/\/lajunglebijoux.com\/es\/#organization"},"potentialAction":[{"@type":"SearchAction","target":{"@type":"EntryPoint","urlTemplate":"https:\/\/lajunglebijoux.com\/es\/?s={search_term_string}"},"query-input":{"@type":"PropertyValueSpecification","valueRequired":true,"valueName":"search_term_string"}}],"inLanguage":"es"},{"@type":"Organization","@id":"https:\/\/lajunglebijoux.com\/es\/#organization","name":"La Jungle Bijoux","url":"https:\/\/lajunglebijoux.com\/es\/","logo":{"@type":"ImageObject","inLanguage":"es","@id":"https:\/\/lajunglebijoux.com\/es\/#\/schema\/logo\/image\/","url":"https:\/\/lajunglebijoux.com\/wp-content\/uploads\/2023\/01\/LOGO-FINAL-Fonce.jpg","contentUrl":"https:\/\/lajunglebijoux.com\/wp-content\/uploads\/2023\/01\/LOGO-FINAL-Fonce.jpg","width":900,"height":900,"caption":"La Jungle Bijoux"},"image":{"@id":"https:\/\/lajunglebijoux.com\/es\/#\/schema\/logo\/image\/"}}]}},"_links":{"self":[{"href":"https:\/\/lajunglebijoux.com\/es\/wp-json\/wp\/v2\/product\/10499","targetHints":{"allow":["GET"]}}],"collection":[{"href":"https:\/\/lajunglebijoux.com\/es\/wp-json\/wp\/v2\/product"}],"about":[{"href":"https:\/\/lajunglebijoux.com\/es\/wp-json\/wp\/v2\/types\/product"}],"replies":[{"embeddable":true,"href":"https:\/\/lajunglebijoux.com\/es\/wp-json\/wp\/v2\/comments?post=10499"}],"version-history":[{"count":1,"href":"https:\/\/lajunglebijoux.com\/es\/wp-json\/wp\/v2\/product\/10499\/revisions"}],"predecessor-version":[{"id":23121,"href":"https:\/\/lajunglebijoux.com\/es\/wp-json\/wp\/v2\/product\/10499\/revisions\/23121"}],"wp:featuredmedia":[{"embeddable":true,"href":"https:\/\/lajunglebijoux.com\/es\/wp-json\/wp\/v2\/media\/10489"}],"wp:attachment":[{"href":"https:\/\/lajunglebijoux.com\/es\/wp-json\/wp\/v2\/media?parent=10499"}],"wp:term":[{"taxonomy":"product_brand","embeddable":true,"href":"https:\/\/lajunglebijoux.com\/es\/wp-json\/wp\/v2\/product_brand?post=10499"},{"taxonomy":"product_cat","embeddable":true,"href":"https:\/\/lajunglebijoux.com\/es\/wp-json\/wp\/v2\/product_cat?post=10499"},{"taxonomy":"product_tag","embeddable":true,"href":"https:\/\/lajunglebijoux.com\/es\/wp-json\/wp\/v2\/product_tag?post=10499"}],"curies":[{"name":"wp","href":"https:\/\/api.w.org\/{rel}","templated":true}]}}