{"id":5394,"date":"2023-01-31T14:43:07","date_gmt":"2023-01-31T12:43:07","guid":{"rendered":"http:\/\/jkjpwtk.cluster026.hosting.ovh.net\/?page_id=5394"},"modified":"2024-08-23T12:12:09","modified_gmt":"2024-08-23T10:12:09","slug":"conditions-generales-vente","status":"publish","type":"page","link":"https:\/\/lajunglebijoux.com\/es\/conditions-generales-vente\/","title":{"rendered":"Conditions g\u00e9n\u00e9rales de vente"},"content":{"rendered":"\t\t<div data-elementor-type=\"wp-page\" data-elementor-id=\"5394\" class=\"elementor elementor-5394\" data-elementor-post-type=\"page\">\n\t\t\t\t<div class=\"elementor-element elementor-element-1a23d3c4 e-flex e-con-boxed e-con e-parent\" data-id=\"1a23d3c4\" data-element_type=\"container\" data-e-type=\"container\">\n\t\t\t\t\t<div class=\"e-con-inner\">\n\t\t\t\t<div class=\"elementor-element elementor-element-304c3876 elementor-widget elementor-widget-text-editor\" data-id=\"304c3876\" data-element_type=\"widget\" data-e-type=\"widget\" data-widget_type=\"text-editor.default\">\n\t\t\t\t<div class=\"elementor-widget-container\">\n\t\t\t\t\t\t\t\t\t\n<h1 class=\"wp-block-heading\">Conditions g\u00e9n\u00e9rales de vente<\/h1>\n\n\n\n<p>Les pr\u00e9sentes conditions g\u00e9n\u00e9rales de vente&nbsp;s\u2019appliquent \u00e0 toutes les commandes pass\u00e9es aupr\u00e8s de la soci\u00e9t\u00e9 LA JUNGLE BIJOUX&nbsp;enregistr\u00e9e sous le n\u00b0 de SIRET&nbsp;827 708 884 00024, si\u00e8ge social \u00e9tabli au 10 Rue Chopin,&nbsp;par des personnes physiques non commer\u00e7antes (le \u00ab Client \u00bb).<br>La soci\u00e9t\u00e9 LA JUNGLE BIJOUX se r\u00e9serve la possibilit\u00e9 de modifier \u00e0 tout moment les Conditions G\u00e9n\u00e9rales.<\/p>\n\n\n\n<p>Le fait de commander un produit propos\u00e9 \u00e0 la vente sur le site internet de la soci\u00e9t\u00e9 La Jungle Bijoux ou un site internet partenaire proposant \u00e0 la vente les produits La Jungle Bijoux\u00a0emporte acceptation pleine et enti\u00e8re des Conditions G\u00e9n\u00e9rales dont le Client reconna\u00eet avoir pris connaissance pr\u00e9alablement \u00e0 sa commande.\u00a0<\/p>\n\n\n\n<p><strong>TARIFS<\/strong><br>Les prix sont indiqu\u00e9s en euro net de TVA*.<br>Le vendeur se r\u00e9serve le droit de modifier ses prix \u00e0 tout moment. Toutefois, il s\u2019engage \u00e0 facturer les marchandises command\u00e9es au prix indiqu\u00e9 lors de l\u2019enregistrement de la commande.<br>Les prix indiqu\u00e9s ne comprennent pas les frais de traitement de commandes, de transport et d\u2019exp\u00e9dition.<\/p>\n\n\n\n<p>*TVA non applicable, art. 293 B du CGI T.T.C.<\/p>\n\n\n\n<p><strong>BIJOUX PERSONNALISABLES<\/strong><br>En ce qui concerne les bijoux personnalisables, le client dispose d&#8217;un espace sp\u00e9cialis\u00e9 au moment du paiement pour y indiquer toutes les informations pour la personnalisation\u00a0souhait\u00e9e.<br>\u200b<\/p>\n\n\n\n<p><strong>EXP\u00c9DITION<\/strong><br>Toute commande pass\u00e9e sur le site de La Jungle Bijoux\u00a0sera pr\u00e9par\u00e9e et exp\u00e9di\u00e9e entre 1 \u00e0 7 jour(s) suivant la commande, sous r\u00e9serve de validation du paiement.<\/p>\n\n\n\n<p>Cette r\u00e8gle est valable pour tous les produits except\u00e9 ceux fabriqu\u00e9s sur commande auquel cas le d\u00e9lai d&#8217;exp\u00e9dition est indiqu\u00e9 dans la fiche produit en question.<br>En fonction de votre adresse de livraison, du montant de la commande ou du nombre d&#8217;articles command\u00e9s, un ou plusieurs modes de livraison vous seront propos\u00e9s.<br>La Jungle Bijoux travaille g\u00e9n\u00e9ralement avec le transporteurs La Poste, en courrier recommand\u00e9 sans avis de r\u00e9ception ou bien en Colissimo. La Jungle Bijoux travaille \u00e9galement avec le transporteur Mondial Relay et de mani\u00e8re plus occasionnelle, le transporteur UPS.<br>La Jungle Bijoux se r\u00e9serve le droit d&#8217;exp\u00e9dier la commande via un autre syst\u00e8me d&#8217;exp\u00e9dition que celui choisi par le client si elle consid\u00e8re que c&#8217;est pr\u00e9f\u00e9rable. Le client sera bien entendu pr\u00e9venu et rembours\u00e9 de la diff\u00e9rence de frais de port s&#8217;il y en a une.<\/p>\n\n\n\n<p><em>Jen&#8217;, la cr\u00e9atrice :<\/em> <em>\u201cEn tant qu\u2019artisan bijouti\u00e8re je suis seule \u00e0 fabriquer un par un vos bijoux. Chaque pi\u00e8ce est d\u00e9coup\u00e9e, lim\u00e9e, polie ou bien sculpt\u00e9e \u00e0 la main par moi m\u00eame. Je vous remercie\u00a0de votre compr\u00e9hension ainsi que de l\u2019int\u00e9r\u00eat\u00a0et du respect que vous portez \u00e0 mon travail, \u00e0 ma passion.\u201d<\/em><\/p>\n\n\n\n<p><strong>FRAIS DE PORT<\/strong><br>Les frais de port sont gratuits par Mondial Relay pour une commande de minimum 120\u20ac vers la France m\u00e9tropolitaine et l&#8217;Espagne.<\/p>\n\n\n\n<p>La Jungle Bijoux exp\u00e9die en Europe et dans les d\u00e9partements fran\u00e7ais d&#8217;Outremer.<br>Le prix des frais de port \u00e9volue en fonction de la destination, du nombre d&#8217;articles command\u00e9s ou du montant total de la commande.<\/p>\n\n\n\n<p><strong>PAIEMENT<\/strong><br>Le paiement en ligne s&#8217;effectue par carte bancaire ou par Paypal, tous deux \u00e9tant des modes de paiement s\u00e9curis\u00e9s.<\/p>\n\n\n\n<p><strong>LIVRAISON<\/strong><br>Les commandes sont envoy\u00e9es \u00e0 l\u2019adresse indiqu\u00e9e par l\u2019acheteur.<br>Si l\u2019acheteur souhaite un autre mode de livraison (d\u00e9lais ou assurance sp\u00e9ciale) merci de contacter La Jungle pour fixer des conditions particuli\u00e8res de vente.<br>Le client est tenu de v\u00e9rifier le bon \u00e9tat des articles livr\u00e9s. Toute anomalie constat\u00e9e (article manquant, colis endommag\u00e9, article cass\u00e9\u2026) devra obligatoirement \u00eatre indiqu\u00e9e dans les 4 jours suivant la r\u00e9ception.<\/p>\n\n\n\n<p>ASSURANCE MONDIAL RELAY : L&#8217;assurance Mondial Relay est une assurance particuli\u00e8re qui vous permet de refuser le colis au moment du retrait si vous d\u00e9tecter une quelconque anomalie avant ouverture de celui-ci. Une fois le colis accept\u00e9, l&#8217;assurance ne sera plus valide.<\/p>\n\n\n\n<p>Comment d\u00e9tecter une anomalie ?<br>Si le colis est tr\u00e8s endommag\u00e9, d\u00e9chir\u00e9 ou m\u00eame raccommod\u00e9\u00a0avec du scotch il est pr\u00e9f\u00e9rable pour vous de refuser le colis car celui ci a pu \u00eatre ouvert et son contenu \u00e0 pu \u00eatre retir\u00e9 du colis ou endommag\u00e9.<\/p>\n\n\n\n<p>Solution \u00e0 l&#8217;amiable si vous acceptez un colis endommag\u00e9 : Bien entendu La Jungle Bijoux et le client ne sont pas responsables de l&#8217;\u00e9tat du colis \u00e0 la livraison c&#8217;est pourquoi si vous acceptez un colis par erreur et que vous d\u00e9tectez un probl\u00e8me \u00e0 l&#8217;ouverture nous trouverons une solution ensemble qui puisse satisfaire les deux parties.<\/p>\n\n\n\n<p><strong>\u200bRETOUR<\/strong><br>L\u2019acheteur dispose, dans un d\u00e9lai de 14 &nbsp;jours \u00e0 compter de la date de livraison de la commande, d&#8217;un droit de retour \u00e0 ses frais, des produits qui ne lui conviennent pas.&nbsp;<br>Apr\u00e8s examen du produit retourn\u00e9 dans son emballage d&#8217;origine le client pourra soit \u00eatre rembours\u00e9 (d\u00e9lai 30 jours \u00e0 compter de la r\u00e9ception de produit) , soit proc\u00e9der \u00e0 un \u00e9change ( d\u00e9lai 8 jours )&nbsp;<br>Les produits personnalis\u00e9s ou sur mesure ne sont ni repris, ni \u00e9chang\u00e9s.<\/p>\n\n\n\n<p><strong>GARANTIE<\/strong><br>L&#8217;acheteur b\u00e9n\u00e9ficie de la garantie l\u00e9gale de conformit\u00e9 pendant 2 ans en cas de d\u00e9fauts de fabrication lors de l&#8217;achat.<\/p>\n\n\n\n<p>LA JUNGE BIJOUX offre \u00e9galement une garantie sur certains mod\u00e8les, vous pouvez retrouver tous les renseignements&nbsp;<a href=\"http:\/\/jkjpwtk.cluster026.hosting.ovh.net\/garantie-bijoux\/\">sur notre page garantie.<\/a><\/p>\n\n\n\n<p><strong>RESPONSABILIT\u00c9S&nbsp;<\/strong><br>La responsabilit\u00e9 du vendeur ne pourra \u00eatre mise en \u0153uvre si la non-ex\u00e9cution ou le retard dans l\u2019ex\u00e9cution de l\u2019une de ses obligations d\u00e9crites dans les pr\u00e9sentes conditions g\u00e9n\u00e9rales de vente d\u00e9coule d\u2019un cas de force majeure.<br>\u00c0 ce titre, la force majeure s\u2019entend de tout \u00e9v\u00e9nement ext\u00e9rieur, impr\u00e9visible et irr\u00e9sistible au sens de l\u2019article 1148 du Code Civil.<br>La responsabilit\u00e9 du vendeur ne pourra \u00e9galement pas \u00eatre mise en \u0153uvre dans le cas de perturbation ou de gr\u00e8ve totale ou partielle des transporteurs et services postaux.<\/p>\n\n\n\n<p><strong>PROPRI\u00c9T\u00c9&nbsp;INTELLECTUELLE<\/strong><br>Tous les \u00e9l\u00e9ments du site lajunglebijoux.com sont et restent la propri\u00e9t\u00e9 intellectuelle et exclusive du vendeur. Personne n\u2019est autoris\u00e9 \u00e0 reproduire, exploiter, rediffuser, ou utiliser \u00e0 quelque titre que ce soit, m\u00eame partiellement, des \u00e9l\u00e9ments du site.<br>Archivage \/ Preuve<br>Le vendeur archivera les bons de commandes sur un support fiable et durable constituant une copie fid\u00e8le conform\u00e9ment aux dispositions de l\u2019article 1348 du Code Civil. Les registres informatis\u00e9s du vendeur seront consid\u00e9r\u00e9s par les parties comme preuve des communications, commandes, paiements et transactions intervenus entre le vendeur et l\u2019acheteur.<\/p>\n\n\n\n<p><strong>LITIGES<\/strong><br>Les pr\u00e9sentes conditions de vente en ligne sont soumises \u00e0 la loi fran\u00e7aise. En cas de litige, comp\u00e9tence est attribu\u00e9e aux tribunaux comp\u00e9tents de Paris, nonobstant pluralit\u00e9 de d\u00e9fendeurs ou appel en garantie.<\/p>\n\t\t\t\t\t\t\t\t<\/div>\n\t\t\t\t<\/div>\n\t\t\t\t\t<\/div>\n\t\t\t\t<\/div>\n\t\t\t\t<\/div>\n\t\t","protected":false},"excerpt":{"rendered":"<p>Conditions g\u00e9n\u00e9rales de vente Les pr\u00e9sentes conditions g\u00e9n\u00e9rales de vente&nbsp;s\u2019appliquent \u00e0 toutes les commandes pass\u00e9es aupr\u00e8s de la soci\u00e9t\u00e9 LA JUNGLE BIJOUX&nbsp;enregistr\u00e9e sous le n\u00b0 de SIRET&nbsp;827 708 884 00024, si\u00e8ge social \u00e9tabli au 10 Rue Chopin,&nbsp;par des personnes physiques non commer\u00e7antes (le \u00ab Client \u00bb).La soci\u00e9t\u00e9 LA JUNGLE BIJOUX se r\u00e9serve la possibilit\u00e9 de [&hellip;]<\/p>\n","protected":false},"author":2,"featured_media":0,"parent":0,"menu_order":19,"comment_status":"closed","ping_status":"closed","template":"","meta":{"_acf_changed":false,"footnotes":""},"class_list":["post-5394","page","type-page","status-publish","hentry"],"acf":[],"yoast_head":"<!-- This site is optimized with the Yoast SEO plugin v27.2 - https:\/\/yoast.com\/product\/yoast-seo-wordpress\/ -->\n<title>Conditions g\u00e9n\u00e9rales de vente - La Jungle Bijoux<\/title>\n<meta name=\"robots\" content=\"index, follow, max-snippet:-1, max-image-preview:large, max-video-preview:-1\" \/>\n<link rel=\"canonical\" href=\"https:\/\/lajunglebijoux.com\/es\/conditions-generales-vente\/\" \/>\n<meta property=\"og:locale\" content=\"es_ES\" \/>\n<meta property=\"og:type\" content=\"article\" \/>\n<meta property=\"og:title\" content=\"Conditions g\u00e9n\u00e9rales de vente - La Jungle Bijoux\" \/>\n<meta property=\"og:description\" content=\"Conditions g\u00e9n\u00e9rales de vente Les pr\u00e9sentes conditions g\u00e9n\u00e9rales de vente&nbsp;s\u2019appliquent \u00e0 toutes les commandes pass\u00e9es aupr\u00e8s de la soci\u00e9t\u00e9 LA JUNGLE BIJOUX&nbsp;enregistr\u00e9e sous le n\u00b0 de SIRET&nbsp;827 708 884 00024, si\u00e8ge social \u00e9tabli au 10 Rue Chopin,&nbsp;par des personnes physiques non commer\u00e7antes (le \u00ab Client \u00bb).La soci\u00e9t\u00e9 LA JUNGLE BIJOUX se r\u00e9serve la possibilit\u00e9 de [&hellip;]\" \/>\n<meta property=\"og:url\" content=\"https:\/\/lajunglebijoux.com\/es\/conditions-generales-vente\/\" \/>\n<meta property=\"og:site_name\" content=\"La Jungle Bijoux\" \/>\n<meta property=\"article:modified_time\" content=\"2024-08-23T10:12:09+00:00\" \/>\n<meta name=\"twitter:card\" content=\"summary_large_image\" \/>\n<script type=\"application\/ld+json\" class=\"yoast-schema-graph\">{\"@context\":\"https:\/\/schema.org\",\"@graph\":[{\"@type\":\"WebPage\",\"@id\":\"https:\/\/lajunglebijoux.com\/es\/conditions-generales-vente\/\",\"url\":\"https:\/\/lajunglebijoux.com\/es\/conditions-generales-vente\/\",\"name\":\"Conditions g\u00e9n\u00e9rales de vente - La Jungle Bijoux\",\"isPartOf\":{\"@id\":\"https:\/\/lajunglebijoux.com\/es\/#website\"},\"datePublished\":\"2023-01-31T12:43:07+00:00\",\"dateModified\":\"2024-08-23T10:12:09+00:00\",\"breadcrumb\":{\"@id\":\"https:\/\/lajunglebijoux.com\/es\/conditions-generales-vente\/#breadcrumb\"},\"inLanguage\":\"es\",\"potentialAction\":[{\"@type\":\"ReadAction\",\"target\":[\"https:\/\/lajunglebijoux.com\/es\/conditions-generales-vente\/\"]}]},{\"@type\":\"BreadcrumbList\",\"@id\":\"https:\/\/lajunglebijoux.com\/es\/conditions-generales-vente\/#breadcrumb\",\"itemListElement\":[{\"@type\":\"ListItem\",\"position\":1,\"name\":\"Portada\",\"item\":\"https:\/\/lajunglebijoux.com\/es\/\"},{\"@type\":\"ListItem\",\"position\":2,\"name\":\"Conditions g\u00e9n\u00e9rales de vente\"}]},{\"@type\":\"WebSite\",\"@id\":\"https:\/\/lajunglebijoux.com\/es\/#website\",\"url\":\"https:\/\/lajunglebijoux.com\/es\/\",\"name\":\"La Jungle Bijoux\",\"description\":\"\",\"publisher\":{\"@id\":\"https:\/\/lajunglebijoux.com\/es\/#organization\"},\"potentialAction\":[{\"@type\":\"SearchAction\",\"target\":{\"@type\":\"EntryPoint\",\"urlTemplate\":\"https:\/\/lajunglebijoux.com\/es\/?s={search_term_string}\"},\"query-input\":{\"@type\":\"PropertyValueSpecification\",\"valueRequired\":true,\"valueName\":\"search_term_string\"}}],\"inLanguage\":\"es\"},{\"@type\":\"Organization\",\"@id\":\"https:\/\/lajunglebijoux.com\/es\/#organization\",\"name\":\"La Jungle Bijoux\",\"url\":\"https:\/\/lajunglebijoux.com\/es\/\",\"logo\":{\"@type\":\"ImageObject\",\"inLanguage\":\"es\",\"@id\":\"https:\/\/lajunglebijoux.com\/es\/#\/schema\/logo\/image\/\",\"url\":\"https:\/\/lajunglebijoux.com\/wp-content\/uploads\/2023\/01\/LOGO-FINAL-Fonce.jpg\",\"contentUrl\":\"https:\/\/lajunglebijoux.com\/wp-content\/uploads\/2023\/01\/LOGO-FINAL-Fonce.jpg\",\"width\":900,\"height\":900,\"caption\":\"La Jungle Bijoux\"},\"image\":{\"@id\":\"https:\/\/lajunglebijoux.com\/es\/#\/schema\/logo\/image\/\"}}]}<\/script>\n<!-- \/ Yoast SEO plugin. -->","yoast_head_json":{"title":"Conditions g\u00e9n\u00e9rales de vente - La Jungle Bijoux","robots":{"index":"index","follow":"follow","max-snippet":"max-snippet:-1","max-image-preview":"max-image-preview:large","max-video-preview":"max-video-preview:-1"},"canonical":"https:\/\/lajunglebijoux.com\/es\/conditions-generales-vente\/","og_locale":"es_ES","og_type":"article","og_title":"Conditions g\u00e9n\u00e9rales de vente - La Jungle Bijoux","og_description":"Conditions g\u00e9n\u00e9rales de vente Les pr\u00e9sentes conditions g\u00e9n\u00e9rales de vente&nbsp;s\u2019appliquent \u00e0 toutes les commandes pass\u00e9es aupr\u00e8s de la soci\u00e9t\u00e9 LA JUNGLE BIJOUX&nbsp;enregistr\u00e9e sous le n\u00b0 de SIRET&nbsp;827 708 884 00024, si\u00e8ge social \u00e9tabli au 10 Rue Chopin,&nbsp;par des personnes physiques non commer\u00e7antes (le \u00ab Client \u00bb).La soci\u00e9t\u00e9 LA JUNGLE BIJOUX se r\u00e9serve la possibilit\u00e9 de [&hellip;]","og_url":"https:\/\/lajunglebijoux.com\/es\/conditions-generales-vente\/","og_site_name":"La Jungle Bijoux","article_modified_time":"2024-08-23T10:12:09+00:00","twitter_card":"summary_large_image","schema":{"@context":"https:\/\/schema.org","@graph":[{"@type":"WebPage","@id":"https:\/\/lajunglebijoux.com\/es\/conditions-generales-vente\/","url":"https:\/\/lajunglebijoux.com\/es\/conditions-generales-vente\/","name":"Conditions g\u00e9n\u00e9rales de vente - La Jungle Bijoux","isPartOf":{"@id":"https:\/\/lajunglebijoux.com\/es\/#website"},"datePublished":"2023-01-31T12:43:07+00:00","dateModified":"2024-08-23T10:12:09+00:00","breadcrumb":{"@id":"https:\/\/lajunglebijoux.com\/es\/conditions-generales-vente\/#breadcrumb"},"inLanguage":"es","potentialAction":[{"@type":"ReadAction","target":["https:\/\/lajunglebijoux.com\/es\/conditions-generales-vente\/"]}]},{"@type":"BreadcrumbList","@id":"https:\/\/lajunglebijoux.com\/es\/conditions-generales-vente\/#breadcrumb","itemListElement":[{"@type":"ListItem","position":1,"name":"Portada","item":"https:\/\/lajunglebijoux.com\/es\/"},{"@type":"ListItem","position":2,"name":"Conditions g\u00e9n\u00e9rales de vente"}]},{"@type":"WebSite","@id":"https:\/\/lajunglebijoux.com\/es\/#website","url":"https:\/\/lajunglebijoux.com\/es\/","name":"La Jungle Bijoux","description":"","publisher":{"@id":"https:\/\/lajunglebijoux.com\/es\/#organization"},"potentialAction":[{"@type":"SearchAction","target":{"@type":"EntryPoint","urlTemplate":"https:\/\/lajunglebijoux.com\/es\/?s={search_term_string}"},"query-input":{"@type":"PropertyValueSpecification","valueRequired":true,"valueName":"search_term_string"}}],"inLanguage":"es"},{"@type":"Organization","@id":"https:\/\/lajunglebijoux.com\/es\/#organization","name":"La Jungle Bijoux","url":"https:\/\/lajunglebijoux.com\/es\/","logo":{"@type":"ImageObject","inLanguage":"es","@id":"https:\/\/lajunglebijoux.com\/es\/#\/schema\/logo\/image\/","url":"https:\/\/lajunglebijoux.com\/wp-content\/uploads\/2023\/01\/LOGO-FINAL-Fonce.jpg","contentUrl":"https:\/\/lajunglebijoux.com\/wp-content\/uploads\/2023\/01\/LOGO-FINAL-Fonce.jpg","width":900,"height":900,"caption":"La Jungle Bijoux"},"image":{"@id":"https:\/\/lajunglebijoux.com\/es\/#\/schema\/logo\/image\/"}}]}},"_links":{"self":[{"href":"https:\/\/lajunglebijoux.com\/es\/wp-json\/wp\/v2\/pages\/5394","targetHints":{"allow":["GET"]}}],"collection":[{"href":"https:\/\/lajunglebijoux.com\/es\/wp-json\/wp\/v2\/pages"}],"about":[{"href":"https:\/\/lajunglebijoux.com\/es\/wp-json\/wp\/v2\/types\/page"}],"author":[{"embeddable":true,"href":"https:\/\/lajunglebijoux.com\/es\/wp-json\/wp\/v2\/users\/2"}],"replies":[{"embeddable":true,"href":"https:\/\/lajunglebijoux.com\/es\/wp-json\/wp\/v2\/comments?post=5394"}],"version-history":[{"count":0,"href":"https:\/\/lajunglebijoux.com\/es\/wp-json\/wp\/v2\/pages\/5394\/revisions"}],"wp:attachment":[{"href":"https:\/\/lajunglebijoux.com\/es\/wp-json\/wp\/v2\/media?parent=5394"}],"curies":[{"name":"wp","href":"https:\/\/api.w.org\/{rel}","templated":true}]}}