{"id":4699,"date":"2022-11-23T09:47:04","date_gmt":"2022-11-23T07:47:04","guid":{"rendered":"http:\/\/jkjpwtk.cluster026.hosting.ovh.net\/bijoux-vegetaux-nature\/"},"modified":"2023-01-10T07:33:18","modified_gmt":"2023-01-10T07:33:18","slug":"bijoux-vegetaux-nature","status":"publish","type":"page","link":"https:\/\/lajunglebijoux.com\/es\/bijoux-vegetaux-nature\/","title":{"rendered":"Bijoux v\u00e9g\u00e9taux nature"},"content":{"rendered":"\n<h1 class=\"wp-block-heading\">LE BIJOU V\u00c9G\u00c9TAL &#8211; INSPIRATION NATURE<\/h1>\n\n\n\n<h2 class=\"wp-block-heading\">Nos cr\u00e9ations bijoux v\u00e9g\u00e9taux :<\/h2>\n\n\n\n\n\n<h2 class=\"wp-block-heading\">PORTER LE BIJOU V\u00c9G\u00c9TAL :<\/h2>\n\n\n\n<p>\u200bLes bijoux inspir\u00e9s par la nature sont un grand coup de coeur chez La Jungle et cela tombe bien car les bijoux v\u00e9g\u00e9taux fabriqu\u00e9s de mani\u00e8re artisanale sont toujours une bonne id\u00e9e car ils restent dans les tendances chaque ann\u00e9e. On les d\u00e9cline surtout en bijoux en forme de feuilles naturelles. La bague feuille de ginkgo ou la bague feuille de laurier, les colliers feuilles tropicales ou les&nbsp;boucles d&#8217;oreilles feuilles monstera il y en a pour tous les go\u00fbts jusqu&#8217;au bracelet feuille.<\/p>\n\n\n\n<p>Avec un style qu&#8217;on peut trouver plus \u00e9l\u00e9gant et d\u00e9licat, il y a aussi les bijoux fleurs roses qui invitent les femmes \u00e0 se c\u00e9l\u00e9brer au quotidien avec plus que des fleurs, encore mieux, des bijoux fleurs ! D\u00e9couvrez la fine bague en forme de rose ou celle comme un bouquet de fleurs en or. Ces bijoux fins se retrouver aussi en collier pendentif en forme de fleur de rose et bien d&#8217;autres mod\u00e8les de bijoux v\u00e9g\u00e9taux tendances.<\/p>\n\n\n\n\n\n<p class=\"has-text-align-center\"><strong><a href=\"http:\/\/jkjpwtk.cluster026.hosting.ovh.net\/boutique\/\">Voir tous les bijoux<\/a><\/strong><\/p>\n","protected":false},"excerpt":{"rendered":"<p>LE BIJOU V\u00c9G\u00c9TAL &#8211; INSPIRATION NATURE Nos cr\u00e9ations bijoux v\u00e9g\u00e9taux : PORTER LE BIJOU V\u00c9G\u00c9TAL : \u200bLes bijoux inspir\u00e9s par la nature sont un grand coup de coeur chez La Jungle et cela tombe bien car les bijoux v\u00e9g\u00e9taux fabriqu\u00e9s de mani\u00e8re artisanale sont toujours une bonne id\u00e9e car ils restent dans les tendances chaque [&hellip;]<\/p>\n","protected":false},"author":2,"featured_media":0,"parent":0,"menu_order":20,"comment_status":"closed","ping_status":"closed","template":"","meta":{"_acf_changed":false,"footnotes":""},"class_list":["post-4699","page","type-page","status-publish","hentry"],"acf":[],"yoast_head":"<!-- This site is optimized with the Yoast SEO plugin v27.2 - https:\/\/yoast.com\/product\/yoast-seo-wordpress\/ -->\n<title>Bijoux v\u00e9g\u00e9taux nature - La Jungle Bijoux<\/title>\n<meta name=\"robots\" content=\"index, follow, max-snippet:-1, max-image-preview:large, max-video-preview:-1\" \/>\n<link rel=\"canonical\" href=\"https:\/\/lajunglebijoux.com\/es\/bijoux-vegetaux-nature\/\" \/>\n<meta property=\"og:locale\" content=\"es_ES\" \/>\n<meta property=\"og:type\" content=\"article\" \/>\n<meta property=\"og:title\" content=\"Bijoux v\u00e9g\u00e9taux nature - La Jungle Bijoux\" \/>\n<meta property=\"og:description\" content=\"LE BIJOU V\u00c9G\u00c9TAL &#8211; INSPIRATION NATURE Nos cr\u00e9ations bijoux v\u00e9g\u00e9taux : PORTER LE BIJOU V\u00c9G\u00c9TAL : \u200bLes bijoux inspir\u00e9s par la nature sont un grand coup de coeur chez La Jungle et cela tombe bien car les bijoux v\u00e9g\u00e9taux fabriqu\u00e9s de mani\u00e8re artisanale sont toujours une bonne id\u00e9e car ils restent dans les tendances chaque [&hellip;]\" \/>\n<meta property=\"og:url\" content=\"https:\/\/lajunglebijoux.com\/es\/bijoux-vegetaux-nature\/\" \/>\n<meta property=\"og:site_name\" content=\"La Jungle Bijoux\" \/>\n<meta property=\"article:modified_time\" content=\"2023-01-10T07:33:18+00:00\" \/>\n<meta name=\"twitter:card\" content=\"summary_large_image\" \/>\n<script type=\"application\/ld+json\" class=\"yoast-schema-graph\">{\"@context\":\"https:\/\/schema.org\",\"@graph\":[{\"@type\":\"WebPage\",\"@id\":\"https:\/\/lajunglebijoux.com\/es\/bijoux-vegetaux-nature\/\",\"url\":\"https:\/\/lajunglebijoux.com\/es\/bijoux-vegetaux-nature\/\",\"name\":\"Bijoux v\u00e9g\u00e9taux nature - La Jungle Bijoux\",\"isPartOf\":{\"@id\":\"https:\/\/lajunglebijoux.com\/es\/#website\"},\"datePublished\":\"2022-11-23T07:47:04+00:00\",\"dateModified\":\"2023-01-10T07:33:18+00:00\",\"breadcrumb\":{\"@id\":\"https:\/\/lajunglebijoux.com\/es\/bijoux-vegetaux-nature\/#breadcrumb\"},\"inLanguage\":\"es\",\"potentialAction\":[{\"@type\":\"ReadAction\",\"target\":[\"https:\/\/lajunglebijoux.com\/es\/bijoux-vegetaux-nature\/\"]}]},{\"@type\":\"BreadcrumbList\",\"@id\":\"https:\/\/lajunglebijoux.com\/es\/bijoux-vegetaux-nature\/#breadcrumb\",\"itemListElement\":[{\"@type\":\"ListItem\",\"position\":1,\"name\":\"Portada\",\"item\":\"https:\/\/lajunglebijoux.com\/es\/\"},{\"@type\":\"ListItem\",\"position\":2,\"name\":\"Bijoux v\u00e9g\u00e9taux nature\"}]},{\"@type\":\"WebSite\",\"@id\":\"https:\/\/lajunglebijoux.com\/es\/#website\",\"url\":\"https:\/\/lajunglebijoux.com\/es\/\",\"name\":\"La Jungle Bijoux\",\"description\":\"\",\"publisher\":{\"@id\":\"https:\/\/lajunglebijoux.com\/es\/#organization\"},\"potentialAction\":[{\"@type\":\"SearchAction\",\"target\":{\"@type\":\"EntryPoint\",\"urlTemplate\":\"https:\/\/lajunglebijoux.com\/es\/?s={search_term_string}\"},\"query-input\":{\"@type\":\"PropertyValueSpecification\",\"valueRequired\":true,\"valueName\":\"search_term_string\"}}],\"inLanguage\":\"es\"},{\"@type\":\"Organization\",\"@id\":\"https:\/\/lajunglebijoux.com\/es\/#organization\",\"name\":\"La Jungle Bijoux\",\"url\":\"https:\/\/lajunglebijoux.com\/es\/\",\"logo\":{\"@type\":\"ImageObject\",\"inLanguage\":\"es\",\"@id\":\"https:\/\/lajunglebijoux.com\/es\/#\/schema\/logo\/image\/\",\"url\":\"https:\/\/lajunglebijoux.com\/wp-content\/uploads\/2023\/01\/LOGO-FINAL-Fonce.jpg\",\"contentUrl\":\"https:\/\/lajunglebijoux.com\/wp-content\/uploads\/2023\/01\/LOGO-FINAL-Fonce.jpg\",\"width\":900,\"height\":900,\"caption\":\"La Jungle Bijoux\"},\"image\":{\"@id\":\"https:\/\/lajunglebijoux.com\/es\/#\/schema\/logo\/image\/\"}}]}<\/script>\n<!-- \/ Yoast SEO plugin. -->","yoast_head_json":{"title":"Bijoux v\u00e9g\u00e9taux nature - La Jungle Bijoux","robots":{"index":"index","follow":"follow","max-snippet":"max-snippet:-1","max-image-preview":"max-image-preview:large","max-video-preview":"max-video-preview:-1"},"canonical":"https:\/\/lajunglebijoux.com\/es\/bijoux-vegetaux-nature\/","og_locale":"es_ES","og_type":"article","og_title":"Bijoux v\u00e9g\u00e9taux nature - La Jungle Bijoux","og_description":"LE BIJOU V\u00c9G\u00c9TAL &#8211; INSPIRATION NATURE Nos cr\u00e9ations bijoux v\u00e9g\u00e9taux : PORTER LE BIJOU V\u00c9G\u00c9TAL : \u200bLes bijoux inspir\u00e9s par la nature sont un grand coup de coeur chez La Jungle et cela tombe bien car les bijoux v\u00e9g\u00e9taux fabriqu\u00e9s de mani\u00e8re artisanale sont toujours une bonne id\u00e9e car ils restent dans les tendances chaque [&hellip;]","og_url":"https:\/\/lajunglebijoux.com\/es\/bijoux-vegetaux-nature\/","og_site_name":"La Jungle Bijoux","article_modified_time":"2023-01-10T07:33:18+00:00","twitter_card":"summary_large_image","schema":{"@context":"https:\/\/schema.org","@graph":[{"@type":"WebPage","@id":"https:\/\/lajunglebijoux.com\/es\/bijoux-vegetaux-nature\/","url":"https:\/\/lajunglebijoux.com\/es\/bijoux-vegetaux-nature\/","name":"Bijoux v\u00e9g\u00e9taux nature - La Jungle Bijoux","isPartOf":{"@id":"https:\/\/lajunglebijoux.com\/es\/#website"},"datePublished":"2022-11-23T07:47:04+00:00","dateModified":"2023-01-10T07:33:18+00:00","breadcrumb":{"@id":"https:\/\/lajunglebijoux.com\/es\/bijoux-vegetaux-nature\/#breadcrumb"},"inLanguage":"es","potentialAction":[{"@type":"ReadAction","target":["https:\/\/lajunglebijoux.com\/es\/bijoux-vegetaux-nature\/"]}]},{"@type":"BreadcrumbList","@id":"https:\/\/lajunglebijoux.com\/es\/bijoux-vegetaux-nature\/#breadcrumb","itemListElement":[{"@type":"ListItem","position":1,"name":"Portada","item":"https:\/\/lajunglebijoux.com\/es\/"},{"@type":"ListItem","position":2,"name":"Bijoux v\u00e9g\u00e9taux nature"}]},{"@type":"WebSite","@id":"https:\/\/lajunglebijoux.com\/es\/#website","url":"https:\/\/lajunglebijoux.com\/es\/","name":"La Jungle Bijoux","description":"","publisher":{"@id":"https:\/\/lajunglebijoux.com\/es\/#organization"},"potentialAction":[{"@type":"SearchAction","target":{"@type":"EntryPoint","urlTemplate":"https:\/\/lajunglebijoux.com\/es\/?s={search_term_string}"},"query-input":{"@type":"PropertyValueSpecification","valueRequired":true,"valueName":"search_term_string"}}],"inLanguage":"es"},{"@type":"Organization","@id":"https:\/\/lajunglebijoux.com\/es\/#organization","name":"La Jungle Bijoux","url":"https:\/\/lajunglebijoux.com\/es\/","logo":{"@type":"ImageObject","inLanguage":"es","@id":"https:\/\/lajunglebijoux.com\/es\/#\/schema\/logo\/image\/","url":"https:\/\/lajunglebijoux.com\/wp-content\/uploads\/2023\/01\/LOGO-FINAL-Fonce.jpg","contentUrl":"https:\/\/lajunglebijoux.com\/wp-content\/uploads\/2023\/01\/LOGO-FINAL-Fonce.jpg","width":900,"height":900,"caption":"La Jungle Bijoux"},"image":{"@id":"https:\/\/lajunglebijoux.com\/es\/#\/schema\/logo\/image\/"}}]}},"_links":{"self":[{"href":"https:\/\/lajunglebijoux.com\/es\/wp-json\/wp\/v2\/pages\/4699","targetHints":{"allow":["GET"]}}],"collection":[{"href":"https:\/\/lajunglebijoux.com\/es\/wp-json\/wp\/v2\/pages"}],"about":[{"href":"https:\/\/lajunglebijoux.com\/es\/wp-json\/wp\/v2\/types\/page"}],"author":[{"embeddable":true,"href":"https:\/\/lajunglebijoux.com\/es\/wp-json\/wp\/v2\/users\/2"}],"replies":[{"embeddable":true,"href":"https:\/\/lajunglebijoux.com\/es\/wp-json\/wp\/v2\/comments?post=4699"}],"version-history":[{"count":0,"href":"https:\/\/lajunglebijoux.com\/es\/wp-json\/wp\/v2\/pages\/4699\/revisions"}],"wp:attachment":[{"href":"https:\/\/lajunglebijoux.com\/es\/wp-json\/wp\/v2\/media?parent=4699"}],"curies":[{"name":"wp","href":"https:\/\/api.w.org\/{rel}","templated":true}]}}