{"id":15169,"date":"2024-08-23T13:31:39","date_gmt":"2024-08-23T11:31:39","guid":{"rendered":"https:\/\/lajunglebijoux.com\/?page_id=15169"},"modified":"2024-08-24T12:43:30","modified_gmt":"2024-08-24T10:43:30","slug":"carrito","status":"publish","type":"page","link":"https:\/\/lajunglebijoux.com\/es\/carrito\/","title":{"rendered":"Carrito"},"content":{"rendered":"\t\t<div data-elementor-type=\"wp-page\" data-elementor-id=\"15169\" class=\"elementor elementor-15169 elementor-15168\" data-elementor-post-type=\"page\">\n\t\t\t\t<div class=\"elementor-element elementor-element-240b121e e-flex e-con-boxed e-con e-parent\" data-id=\"240b121e\" data-element_type=\"container\" data-e-type=\"container\">\n\t\t\t\t\t<div class=\"e-con-inner\">\n\t\t<div class=\"elementor-element elementor-element-801f9e8 e-con-full e-flex e-con e-child\" data-id=\"801f9e8\" data-element_type=\"container\" data-e-type=\"container\" data-settings=\"{&quot;background_background&quot;:&quot;classic&quot;}\">\n\t\t\t\t<\/div>\n\t\t\t\t\t<\/div>\n\t\t\t\t<\/div>\n\t\t\t\t<\/div>\n\t\t","protected":false},"excerpt":{"rendered":"<p>Supprimer l\u2019\u00e9l\u00e9ment Miniature Produit Prix Quantit\u00e9 Sous-total &times; colgante sol oro \u2013 Gratitud 49,00&euro; quantit\u00e9 de colgante sol oro \u2013 Gratitud&nbsp; 49,00&euro; Actualizar carrito Aplicar cup\u00f3n Totales del carrito Sous-total 49,00&euro; Exp\u00e9dition R\u00e9ception \u00e0 domicile (indicatif 3 \u00e0 4 jours): 6,90&euro; Mondial Relay &#8211; Livraison Point Relais: 4,90&euro; Les options de livraison seront mises \u00e0 [&hellip;]<\/p>\n","protected":false},"author":196,"featured_media":0,"parent":0,"menu_order":37,"comment_status":"closed","ping_status":"closed","template":"","meta":{"_acf_changed":false,"footnotes":""},"class_list":["post-15169","page","type-page","status-publish","hentry"],"acf":[],"yoast_head":"<!-- This site is optimized with the Yoast SEO plugin v27.6 - https:\/\/yoast.com\/product\/yoast-seo-wordpress\/ -->\n<title>Carrito - La Jungle Bijoux<\/title>\n<meta name=\"robots\" content=\"index, follow, max-snippet:-1, max-image-preview:large, max-video-preview:-1\" \/>\n<link rel=\"canonical\" href=\"https:\/\/lajunglebijoux.com\/es\/carrito\/\" \/>\n<meta property=\"og:locale\" content=\"es_ES\" \/>\n<meta property=\"og:type\" content=\"article\" \/>\n<meta property=\"og:title\" content=\"Carrito - La Jungle Bijoux\" \/>\n<meta property=\"og:description\" content=\"Supprimer l\u2019\u00e9l\u00e9ment Miniature Produit Prix Quantit\u00e9 Sous-total &times; colgante sol oro \u2013 Gratitud 49,00&euro; quantit\u00e9 de colgante sol oro \u2013 Gratitud&nbsp; 49,00&euro; Actualizar carrito Aplicar cup\u00f3n Totales del carrito Sous-total 49,00&euro; Exp\u00e9dition R\u00e9ception \u00e0 domicile (indicatif 3 \u00e0 4 jours): 6,90&euro; Mondial Relay &#8211; Livraison Point Relais: 4,90&euro; Les options de livraison seront mises \u00e0 [&hellip;]\" \/>\n<meta property=\"og:url\" content=\"https:\/\/lajunglebijoux.com\/es\/carrito\/\" \/>\n<meta property=\"og:site_name\" content=\"La Jungle Bijoux\" \/>\n<meta property=\"article:modified_time\" content=\"2024-08-24T10:43:30+00:00\" \/>\n<meta property=\"og:image\" content=\"https:\/\/lajunglebijoux.com\/wp-content\/uploads\/2024\/03\/bijoux-fait-main-pierres-semi-precieuses-1-1-300x300.jpg\" \/>\n<meta name=\"twitter:card\" content=\"summary_large_image\" \/>\n<meta name=\"twitter:label1\" content=\"Tiempo de lectura\" \/>\n\t<meta name=\"twitter:data1\" content=\"2 minutos\" \/>\n<script type=\"application\/ld+json\" class=\"yoast-schema-graph\">{\"@context\":\"https:\\\/\\\/schema.org\",\"@graph\":[{\"@type\":\"WebPage\",\"@id\":\"https:\\\/\\\/lajunglebijoux.com\\\/es\\\/carrito\\\/\",\"url\":\"https:\\\/\\\/lajunglebijoux.com\\\/es\\\/carrito\\\/\",\"name\":\"Carrito - La Jungle Bijoux\",\"isPartOf\":{\"@id\":\"https:\\\/\\\/lajunglebijoux.com\\\/es\\\/#website\"},\"primaryImageOfPage\":{\"@id\":\"https:\\\/\\\/lajunglebijoux.com\\\/es\\\/carrito\\\/#primaryimage\"},\"image\":{\"@id\":\"https:\\\/\\\/lajunglebijoux.com\\\/es\\\/carrito\\\/#primaryimage\"},\"thumbnailUrl\":\"https:\\\/\\\/lajunglebijoux.com\\\/wp-content\\\/uploads\\\/2024\\\/03\\\/bijoux-fait-main-pierres-semi-precieuses-1-1-300x300.jpg\",\"datePublished\":\"2024-08-23T11:31:39+00:00\",\"dateModified\":\"2024-08-24T10:43:30+00:00\",\"breadcrumb\":{\"@id\":\"https:\\\/\\\/lajunglebijoux.com\\\/es\\\/carrito\\\/#breadcrumb\"},\"inLanguage\":\"es\",\"potentialAction\":[{\"@type\":\"ReadAction\",\"target\":[\"https:\\\/\\\/lajunglebijoux.com\\\/es\\\/carrito\\\/\"]}]},{\"@type\":\"ImageObject\",\"inLanguage\":\"es\",\"@id\":\"https:\\\/\\\/lajunglebijoux.com\\\/es\\\/carrito\\\/#primaryimage\",\"url\":\"https:\\\/\\\/lajunglebijoux.com\\\/wp-content\\\/uploads\\\/2024\\\/03\\\/bijoux-fait-main-pierres-semi-precieuses-1-1-300x300.jpg\",\"contentUrl\":\"https:\\\/\\\/lajunglebijoux.com\\\/wp-content\\\/uploads\\\/2024\\\/03\\\/bijoux-fait-main-pierres-semi-precieuses-1-1-300x300.jpg\"},{\"@type\":\"BreadcrumbList\",\"@id\":\"https:\\\/\\\/lajunglebijoux.com\\\/es\\\/carrito\\\/#breadcrumb\",\"itemListElement\":[{\"@type\":\"ListItem\",\"position\":1,\"name\":\"Portada\",\"item\":\"https:\\\/\\\/lajunglebijoux.com\\\/es\\\/\"},{\"@type\":\"ListItem\",\"position\":2,\"name\":\"Carrito\"}]},{\"@type\":\"WebSite\",\"@id\":\"https:\\\/\\\/lajunglebijoux.com\\\/es\\\/#website\",\"url\":\"https:\\\/\\\/lajunglebijoux.com\\\/es\\\/\",\"name\":\"La Jungle Bijoux\",\"description\":\"\",\"publisher\":{\"@id\":\"https:\\\/\\\/lajunglebijoux.com\\\/es\\\/#organization\"},\"potentialAction\":[{\"@type\":\"SearchAction\",\"target\":{\"@type\":\"EntryPoint\",\"urlTemplate\":\"https:\\\/\\\/lajunglebijoux.com\\\/es\\\/?s={search_term_string}\"},\"query-input\":{\"@type\":\"PropertyValueSpecification\",\"valueRequired\":true,\"valueName\":\"search_term_string\"}}],\"inLanguage\":\"es\"},{\"@type\":\"Organization\",\"@id\":\"https:\\\/\\\/lajunglebijoux.com\\\/es\\\/#organization\",\"name\":\"La Jungle Bijoux\",\"url\":\"https:\\\/\\\/lajunglebijoux.com\\\/es\\\/\",\"logo\":{\"@type\":\"ImageObject\",\"inLanguage\":\"es\",\"@id\":\"https:\\\/\\\/lajunglebijoux.com\\\/es\\\/#\\\/schema\\\/logo\\\/image\\\/\",\"url\":\"https:\\\/\\\/lajunglebijoux.com\\\/wp-content\\\/uploads\\\/2023\\\/01\\\/LOGO-FINAL-Fonce.jpg\",\"contentUrl\":\"https:\\\/\\\/lajunglebijoux.com\\\/wp-content\\\/uploads\\\/2023\\\/01\\\/LOGO-FINAL-Fonce.jpg\",\"width\":900,\"height\":900,\"caption\":\"La Jungle Bijoux\"},\"image\":{\"@id\":\"https:\\\/\\\/lajunglebijoux.com\\\/es\\\/#\\\/schema\\\/logo\\\/image\\\/\"}}]}<\/script>\n<!-- \/ Yoast SEO plugin. -->","yoast_head_json":{"title":"Carrito - La Jungle Bijoux","robots":{"index":"index","follow":"follow","max-snippet":"max-snippet:-1","max-image-preview":"max-image-preview:large","max-video-preview":"max-video-preview:-1"},"canonical":"https:\/\/lajunglebijoux.com\/es\/carrito\/","og_locale":"es_ES","og_type":"article","og_title":"Carrito - La Jungle Bijoux","og_description":"Supprimer l\u2019\u00e9l\u00e9ment Miniature Produit Prix Quantit\u00e9 Sous-total &times; colgante sol oro \u2013 Gratitud 49,00&euro; quantit\u00e9 de colgante sol oro \u2013 Gratitud&nbsp; 49,00&euro; Actualizar carrito Aplicar cup\u00f3n Totales del carrito Sous-total 49,00&euro; Exp\u00e9dition R\u00e9ception \u00e0 domicile (indicatif 3 \u00e0 4 jours): 6,90&euro; Mondial Relay &#8211; Livraison Point Relais: 4,90&euro; Les options de livraison seront mises \u00e0 [&hellip;]","og_url":"https:\/\/lajunglebijoux.com\/es\/carrito\/","og_site_name":"La Jungle Bijoux","article_modified_time":"2024-08-24T10:43:30+00:00","og_image":[{"url":"https:\/\/lajunglebijoux.com\/wp-content\/uploads\/2024\/03\/bijoux-fait-main-pierres-semi-precieuses-1-1-300x300.jpg","type":"","width":"","height":""}],"twitter_card":"summary_large_image","twitter_misc":{"Tiempo de lectura":"2 minutos"},"schema":{"@context":"https:\/\/schema.org","@graph":[{"@type":"WebPage","@id":"https:\/\/lajunglebijoux.com\/es\/carrito\/","url":"https:\/\/lajunglebijoux.com\/es\/carrito\/","name":"Carrito - La Jungle Bijoux","isPartOf":{"@id":"https:\/\/lajunglebijoux.com\/es\/#website"},"primaryImageOfPage":{"@id":"https:\/\/lajunglebijoux.com\/es\/carrito\/#primaryimage"},"image":{"@id":"https:\/\/lajunglebijoux.com\/es\/carrito\/#primaryimage"},"thumbnailUrl":"https:\/\/lajunglebijoux.com\/wp-content\/uploads\/2024\/03\/bijoux-fait-main-pierres-semi-precieuses-1-1-300x300.jpg","datePublished":"2024-08-23T11:31:39+00:00","dateModified":"2024-08-24T10:43:30+00:00","breadcrumb":{"@id":"https:\/\/lajunglebijoux.com\/es\/carrito\/#breadcrumb"},"inLanguage":"es","potentialAction":[{"@type":"ReadAction","target":["https:\/\/lajunglebijoux.com\/es\/carrito\/"]}]},{"@type":"ImageObject","inLanguage":"es","@id":"https:\/\/lajunglebijoux.com\/es\/carrito\/#primaryimage","url":"https:\/\/lajunglebijoux.com\/wp-content\/uploads\/2024\/03\/bijoux-fait-main-pierres-semi-precieuses-1-1-300x300.jpg","contentUrl":"https:\/\/lajunglebijoux.com\/wp-content\/uploads\/2024\/03\/bijoux-fait-main-pierres-semi-precieuses-1-1-300x300.jpg"},{"@type":"BreadcrumbList","@id":"https:\/\/lajunglebijoux.com\/es\/carrito\/#breadcrumb","itemListElement":[{"@type":"ListItem","position":1,"name":"Portada","item":"https:\/\/lajunglebijoux.com\/es\/"},{"@type":"ListItem","position":2,"name":"Carrito"}]},{"@type":"WebSite","@id":"https:\/\/lajunglebijoux.com\/es\/#website","url":"https:\/\/lajunglebijoux.com\/es\/","name":"La Jungle Bijoux","description":"","publisher":{"@id":"https:\/\/lajunglebijoux.com\/es\/#organization"},"potentialAction":[{"@type":"SearchAction","target":{"@type":"EntryPoint","urlTemplate":"https:\/\/lajunglebijoux.com\/es\/?s={search_term_string}"},"query-input":{"@type":"PropertyValueSpecification","valueRequired":true,"valueName":"search_term_string"}}],"inLanguage":"es"},{"@type":"Organization","@id":"https:\/\/lajunglebijoux.com\/es\/#organization","name":"La Jungle Bijoux","url":"https:\/\/lajunglebijoux.com\/es\/","logo":{"@type":"ImageObject","inLanguage":"es","@id":"https:\/\/lajunglebijoux.com\/es\/#\/schema\/logo\/image\/","url":"https:\/\/lajunglebijoux.com\/wp-content\/uploads\/2023\/01\/LOGO-FINAL-Fonce.jpg","contentUrl":"https:\/\/lajunglebijoux.com\/wp-content\/uploads\/2023\/01\/LOGO-FINAL-Fonce.jpg","width":900,"height":900,"caption":"La Jungle Bijoux"},"image":{"@id":"https:\/\/lajunglebijoux.com\/es\/#\/schema\/logo\/image\/"}}]}},"_links":{"self":[{"href":"https:\/\/lajunglebijoux.com\/es\/wp-json\/wp\/v2\/pages\/15169","targetHints":{"allow":["GET"]}}],"collection":[{"href":"https:\/\/lajunglebijoux.com\/es\/wp-json\/wp\/v2\/pages"}],"about":[{"href":"https:\/\/lajunglebijoux.com\/es\/wp-json\/wp\/v2\/types\/page"}],"author":[{"embeddable":true,"href":"https:\/\/lajunglebijoux.com\/es\/wp-json\/wp\/v2\/users\/196"}],"replies":[{"embeddable":true,"href":"https:\/\/lajunglebijoux.com\/es\/wp-json\/wp\/v2\/comments?post=15169"}],"version-history":[{"count":0,"href":"https:\/\/lajunglebijoux.com\/es\/wp-json\/wp\/v2\/pages\/15169\/revisions"}],"wp:attachment":[{"href":"https:\/\/lajunglebijoux.com\/es\/wp-json\/wp\/v2\/media?parent=15169"}],"curies":[{"name":"wp","href":"https:\/\/api.w.org\/{rel}","templated":true}]}}