{"id":12660,"date":"2022-10-31T16:22:05","date_gmt":"2022-10-31T14:22:05","guid":{"rendered":"https:\/\/lajunglebijoux.com\/conseils-dentretien\/"},"modified":"2024-04-29T15:44:12","modified_gmt":"2024-04-29T13:44:12","slug":"consejos-mantenimiento","status":"publish","type":"page","link":"https:\/\/lajunglebijoux.com\/es\/consejos-mantenimiento\/","title":{"rendered":"Consejos de mantenimiento"},"content":{"rendered":"\n\n\n<h2 class=\"wp-block-heading\">\u00bfC\u00f3mo limpiar tus joyas?<\/h2>\n\n\n\n<p>Porque si las elegiste, seguramente las amas mucho, aqu\u00ed te doy algunos <strong>consejos para el cuidado de tus joyas<\/strong> para que te acompa\u00f1en durante el mayor tiempo posible. Cuanto mejor las cuides, mejor envejecer\u00e1n.<\/p>\n\n\n\n<p>Siendo completamente transparente, s\u00ed, es completamente normal que una joya usada a diario muestre signos de desgaste, independientemente de su composici\u00f3n. Tus compa\u00f1eras de moda viven al ritmo de tu ajetreada vida.<\/p>\n\n\n\n<p>Para ser honesta, la \u00fanica forma real de mantener una joya en perfecto estado ser\u00eda&#8230; no usarla, \u00a1pero admitamos que ser\u00eda bastante triste! Y siendo sincera, esas peque\u00f1as se\u00f1ales de desgaste propias de las <strong>joyas artesanales<\/strong> le dan un encanto, un toque aut\u00e9ntico y \u00fanico que las hace muy personales y que al final, \u00bfno es algo que apreciamos?<\/p>\n\n\n\n\n\n\n\n\n","protected":false},"excerpt":{"rendered":"<p>\u00bfC\u00f3mo limpiar tus joyas? Porque si las elegiste, seguramente las amas mucho, aqu\u00ed te doy algunos consejos para el cuidado de tus joyas para que te acompa\u00f1en durante el mayor tiempo posible. Cuanto mejor las cuides, mejor envejecer\u00e1n. Siendo completamente transparente, s\u00ed, es completamente normal que una joya usada a diario muestre signos de desgaste, [&hellip;]<\/p>\n","protected":false},"author":2,"featured_media":0,"parent":0,"menu_order":25,"comment_status":"closed","ping_status":"closed","template":"","meta":{"_acf_changed":false,"footnotes":""},"class_list":["post-12660","page","type-page","status-publish","hentry"],"acf":[],"yoast_head":"<!-- This site is optimized with the Yoast SEO plugin v27.2 - https:\/\/yoast.com\/product\/yoast-seo-wordpress\/ -->\n<title>Consejos de mantenimiento - La Jungle Bijoux<\/title>\n<meta name=\"description\" content=\"He aqu\u00ed algunos consejos y trucos de mantenimiento. Para que sus joyas tengan una larga vida, \u00a1o incluso una segunda!\" \/>\n<meta name=\"robots\" content=\"index, follow, max-snippet:-1, max-image-preview:large, max-video-preview:-1\" \/>\n<link rel=\"canonical\" href=\"https:\/\/lajunglebijoux.com\/es\/consejos-mantenimiento\/\" \/>\n<meta property=\"og:locale\" content=\"es_ES\" \/>\n<meta property=\"og:type\" content=\"article\" \/>\n<meta property=\"og:title\" content=\"Consejos de mantenimiento - La Jungle Bijoux\" \/>\n<meta property=\"og:description\" content=\"He aqu\u00ed algunos consejos y trucos de mantenimiento. Para que sus joyas tengan una larga vida, \u00a1o incluso una segunda!\" \/>\n<meta property=\"og:url\" content=\"https:\/\/lajunglebijoux.com\/es\/consejos-mantenimiento\/\" \/>\n<meta property=\"og:site_name\" content=\"La Jungle Bijoux\" \/>\n<meta property=\"article:modified_time\" content=\"2024-04-29T13:44:12+00:00\" \/>\n<meta name=\"twitter:card\" content=\"summary_large_image\" \/>\n<meta name=\"twitter:label1\" content=\"Tiempo de lectura\" \/>\n\t<meta name=\"twitter:data1\" content=\"1 minuto\" \/>\n<script type=\"application\/ld+json\" class=\"yoast-schema-graph\">{\"@context\":\"https:\/\/schema.org\",\"@graph\":[{\"@type\":\"WebPage\",\"@id\":\"https:\/\/lajunglebijoux.com\/es\/consejos-mantenimiento\/\",\"url\":\"https:\/\/lajunglebijoux.com\/es\/consejos-mantenimiento\/\",\"name\":\"Consejos de mantenimiento - La Jungle Bijoux\",\"isPartOf\":{\"@id\":\"https:\/\/lajunglebijoux.com\/es\/#website\"},\"datePublished\":\"2022-10-31T14:22:05+00:00\",\"dateModified\":\"2024-04-29T13:44:12+00:00\",\"description\":\"He aqu\u00ed algunos consejos y trucos de mantenimiento. Para que sus joyas tengan una larga vida, \u00a1o incluso una segunda!\",\"breadcrumb\":{\"@id\":\"https:\/\/lajunglebijoux.com\/es\/consejos-mantenimiento\/#breadcrumb\"},\"inLanguage\":\"es\",\"potentialAction\":[{\"@type\":\"ReadAction\",\"target\":[\"https:\/\/lajunglebijoux.com\/es\/consejos-mantenimiento\/\"]}]},{\"@type\":\"BreadcrumbList\",\"@id\":\"https:\/\/lajunglebijoux.com\/es\/consejos-mantenimiento\/#breadcrumb\",\"itemListElement\":[{\"@type\":\"ListItem\",\"position\":1,\"name\":\"Portada\",\"item\":\"https:\/\/lajunglebijoux.com\/es\/\"},{\"@type\":\"ListItem\",\"position\":2,\"name\":\"Consejos de mantenimiento\"}]},{\"@type\":\"WebSite\",\"@id\":\"https:\/\/lajunglebijoux.com\/es\/#website\",\"url\":\"https:\/\/lajunglebijoux.com\/es\/\",\"name\":\"La Jungle Bijoux\",\"description\":\"\",\"publisher\":{\"@id\":\"https:\/\/lajunglebijoux.com\/es\/#organization\"},\"potentialAction\":[{\"@type\":\"SearchAction\",\"target\":{\"@type\":\"EntryPoint\",\"urlTemplate\":\"https:\/\/lajunglebijoux.com\/es\/?s={search_term_string}\"},\"query-input\":{\"@type\":\"PropertyValueSpecification\",\"valueRequired\":true,\"valueName\":\"search_term_string\"}}],\"inLanguage\":\"es\"},{\"@type\":\"Organization\",\"@id\":\"https:\/\/lajunglebijoux.com\/es\/#organization\",\"name\":\"La Jungle Bijoux\",\"url\":\"https:\/\/lajunglebijoux.com\/es\/\",\"logo\":{\"@type\":\"ImageObject\",\"inLanguage\":\"es\",\"@id\":\"https:\/\/lajunglebijoux.com\/es\/#\/schema\/logo\/image\/\",\"url\":\"https:\/\/lajunglebijoux.com\/wp-content\/uploads\/2023\/01\/LOGO-FINAL-Fonce.jpg\",\"contentUrl\":\"https:\/\/lajunglebijoux.com\/wp-content\/uploads\/2023\/01\/LOGO-FINAL-Fonce.jpg\",\"width\":900,\"height\":900,\"caption\":\"La Jungle Bijoux\"},\"image\":{\"@id\":\"https:\/\/lajunglebijoux.com\/es\/#\/schema\/logo\/image\/\"}}]}<\/script>\n<!-- \/ Yoast SEO plugin. -->","yoast_head_json":{"title":"Consejos de mantenimiento - La Jungle Bijoux","description":"He aqu\u00ed algunos consejos y trucos de mantenimiento. Para que sus joyas tengan una larga vida, \u00a1o incluso una segunda!","robots":{"index":"index","follow":"follow","max-snippet":"max-snippet:-1","max-image-preview":"max-image-preview:large","max-video-preview":"max-video-preview:-1"},"canonical":"https:\/\/lajunglebijoux.com\/es\/consejos-mantenimiento\/","og_locale":"es_ES","og_type":"article","og_title":"Consejos de mantenimiento - La Jungle Bijoux","og_description":"He aqu\u00ed algunos consejos y trucos de mantenimiento. Para que sus joyas tengan una larga vida, \u00a1o incluso una segunda!","og_url":"https:\/\/lajunglebijoux.com\/es\/consejos-mantenimiento\/","og_site_name":"La Jungle Bijoux","article_modified_time":"2024-04-29T13:44:12+00:00","twitter_card":"summary_large_image","twitter_misc":{"Tiempo de lectura":"1 minuto"},"schema":{"@context":"https:\/\/schema.org","@graph":[{"@type":"WebPage","@id":"https:\/\/lajunglebijoux.com\/es\/consejos-mantenimiento\/","url":"https:\/\/lajunglebijoux.com\/es\/consejos-mantenimiento\/","name":"Consejos de mantenimiento - La Jungle Bijoux","isPartOf":{"@id":"https:\/\/lajunglebijoux.com\/es\/#website"},"datePublished":"2022-10-31T14:22:05+00:00","dateModified":"2024-04-29T13:44:12+00:00","description":"He aqu\u00ed algunos consejos y trucos de mantenimiento. Para que sus joyas tengan una larga vida, \u00a1o incluso una segunda!","breadcrumb":{"@id":"https:\/\/lajunglebijoux.com\/es\/consejos-mantenimiento\/#breadcrumb"},"inLanguage":"es","potentialAction":[{"@type":"ReadAction","target":["https:\/\/lajunglebijoux.com\/es\/consejos-mantenimiento\/"]}]},{"@type":"BreadcrumbList","@id":"https:\/\/lajunglebijoux.com\/es\/consejos-mantenimiento\/#breadcrumb","itemListElement":[{"@type":"ListItem","position":1,"name":"Portada","item":"https:\/\/lajunglebijoux.com\/es\/"},{"@type":"ListItem","position":2,"name":"Consejos de mantenimiento"}]},{"@type":"WebSite","@id":"https:\/\/lajunglebijoux.com\/es\/#website","url":"https:\/\/lajunglebijoux.com\/es\/","name":"La Jungle Bijoux","description":"","publisher":{"@id":"https:\/\/lajunglebijoux.com\/es\/#organization"},"potentialAction":[{"@type":"SearchAction","target":{"@type":"EntryPoint","urlTemplate":"https:\/\/lajunglebijoux.com\/es\/?s={search_term_string}"},"query-input":{"@type":"PropertyValueSpecification","valueRequired":true,"valueName":"search_term_string"}}],"inLanguage":"es"},{"@type":"Organization","@id":"https:\/\/lajunglebijoux.com\/es\/#organization","name":"La Jungle Bijoux","url":"https:\/\/lajunglebijoux.com\/es\/","logo":{"@type":"ImageObject","inLanguage":"es","@id":"https:\/\/lajunglebijoux.com\/es\/#\/schema\/logo\/image\/","url":"https:\/\/lajunglebijoux.com\/wp-content\/uploads\/2023\/01\/LOGO-FINAL-Fonce.jpg","contentUrl":"https:\/\/lajunglebijoux.com\/wp-content\/uploads\/2023\/01\/LOGO-FINAL-Fonce.jpg","width":900,"height":900,"caption":"La Jungle Bijoux"},"image":{"@id":"https:\/\/lajunglebijoux.com\/es\/#\/schema\/logo\/image\/"}}]}},"_links":{"self":[{"href":"https:\/\/lajunglebijoux.com\/es\/wp-json\/wp\/v2\/pages\/12660","targetHints":{"allow":["GET"]}}],"collection":[{"href":"https:\/\/lajunglebijoux.com\/es\/wp-json\/wp\/v2\/pages"}],"about":[{"href":"https:\/\/lajunglebijoux.com\/es\/wp-json\/wp\/v2\/types\/page"}],"author":[{"embeddable":true,"href":"https:\/\/lajunglebijoux.com\/es\/wp-json\/wp\/v2\/users\/2"}],"replies":[{"embeddable":true,"href":"https:\/\/lajunglebijoux.com\/es\/wp-json\/wp\/v2\/comments?post=12660"}],"version-history":[{"count":0,"href":"https:\/\/lajunglebijoux.com\/es\/wp-json\/wp\/v2\/pages\/12660\/revisions"}],"wp:attachment":[{"href":"https:\/\/lajunglebijoux.com\/es\/wp-json\/wp\/v2\/media?parent=12660"}],"curies":[{"name":"wp","href":"https:\/\/api.w.org\/{rel}","templated":true}]}}